{"id":49398,"date":"2025-07-07T01:07:13","date_gmt":"2025-07-07T01:07:13","guid":{"rendered":"https:\/\/jnksport.com\/?post_type=product&#038;p=49398"},"modified":"2026-03-27T22:24:40","modified_gmt":"2026-03-27T22:24:40","slug":"zapatillas-adidas-superstar-ih8659-hombre","status":"publish","type":"product","link":"https:\/\/jnksport.com\/en\/product\/zapatillas-adidas-superstar-ih8659-hombre\/","title":{"rendered":"Zapatillas Adidas Superstar IH8659 Hombre"},"content":{"rendered":"<div>\n<div>La querida zapatilla Superstar adidas con una cl\u00e1sica puntera de concha redondeada.<br \/>\nVuelven las emblem\u00e1ticas tenis adidas Superstar. Ad\u00e9ntrate en 50 a\u00f1os de estilo deportivo y urbano con estos tenis de ca\u00f1a baja. El suave exterior de cuero y la puntera cl\u00e1sica de caucho con relieve evocan recuerdos de las canchas de b\u00e1squet y las calles de la ciudad. La leng\u00fceta y el cuello acolchados a\u00f1aden comodidad para llevarlo todo el d\u00eda, mientras que la suela de caucho texturizada proporciona agarre. Tanto si vas a lanzar a aro de b\u00e1squet como a salir por la ciudad, los tenis Superstar de adidas tienen la versatilidad y el atractivo retro necesarios para llevarte hasta all\u00ed con un estilo cl\u00e1sico.<\/p>\n<p>Corte cl\u00e1sico<br \/>\nSistema de amarre de cordones<br \/>\nExterior de cuero<br \/>\nLeng\u00fceta acolchada<br \/>\nForro interno de tela<br \/>\nSuela de caucho<br \/>\nColor del art\u00edculo: Cloud White \/ Core Black \/ Cloud White\n<\/p><\/div>\n<\/div>\n<ul>\n<li>Marca: Adidas<\/li>\n<li>Codigo: IH8659<\/li>\n<li>Modelo: Superstar<\/li>\n<li>G\u00e9nero: Hombre<\/li>\n<li>Estilo: Urbano<\/li>\n<li>Cierre: Cordones<\/li>\n<li>Material: Cuero<\/li>\n<li>Color: Blanco<\/li>\n<li>Material de la Suela: Caucho<\/li>\n<\/ul>","protected":false},"excerpt":{"rendered":"<p>La querida zapatilla Superstar adidas con una cl\u00e1sica puntera de concha redondeada. Vuelven las emblem\u00e1ticas tenis adidas Superstar. Ad\u00e9ntrate en 50 a\u00f1os de estilo deportivo&#8230;<\/p>","protected":false},"featured_media":55003,"comment_status":"open","ping_status":"closed","template":"","meta":{"om_disable_all_campaigns":false,"_monsterinsights_skip_tracking":false,"_monsterinsights_sitenote_active":false,"_monsterinsights_sitenote_note":"","_monsterinsights_sitenote_category":0,"_uf_show_specific_survey":0,"_uf_disable_surveys":false,"_joinchat":[]},"etheme_brands":[],"product_brand":[],"product_cat":[19],"product_tag":[],"class_list":{"0":"post-49398","1":"product","2":"type-product","3":"status-publish","4":"has-post-thumbnail","6":"product_cat-hombre","7":"product_shipping_class-envio-a-lima-y-provincia","9":"first","10":"instock","11":"featured","12":"shipping-taxable","13":"purchasable","14":"product-type-variable"},"aioseo_notices":[],"_links":{"self":[{"href":"https:\/\/jnksport.com\/en\/wp-json\/wp\/v2\/product\/49398","targetHints":{"allow":["GET"]}}],"collection":[{"href":"https:\/\/jnksport.com\/en\/wp-json\/wp\/v2\/product"}],"about":[{"href":"https:\/\/jnksport.com\/en\/wp-json\/wp\/v2\/types\/product"}],"replies":[{"embeddable":true,"href":"https:\/\/jnksport.com\/en\/wp-json\/wp\/v2\/comments?post=49398"}],"version-history":[{"count":0,"href":"https:\/\/jnksport.com\/en\/wp-json\/wp\/v2\/product\/49398\/revisions"}],"wp:featuredmedia":[{"embeddable":true,"href":"https:\/\/jnksport.com\/en\/wp-json\/wp\/v2\/media\/55003"}],"wp:attachment":[{"href":"https:\/\/jnksport.com\/en\/wp-json\/wp\/v2\/media?parent=49398"}],"wp:term":[{"taxonomy":"brand","embeddable":true,"href":"https:\/\/jnksport.com\/en\/wp-json\/wp\/v2\/etheme_brands?post=49398"},{"taxonomy":"product_brand","embeddable":true,"href":"https:\/\/jnksport.com\/en\/wp-json\/wp\/v2\/product_brand?post=49398"},{"taxonomy":"product_cat","embeddable":true,"href":"https:\/\/jnksport.com\/en\/wp-json\/wp\/v2\/product_cat?post=49398"},{"taxonomy":"product_tag","embeddable":true,"href":"https:\/\/jnksport.com\/en\/wp-json\/wp\/v2\/product_tag?post=49398"}],"curies":[{"name":"wp","href":"https:\/\/api.w.org\/{rel}","templated":true}]}}