{"id":49430,"date":"2025-07-07T01:07:19","date_gmt":"2025-07-07T01:07:19","guid":{"rendered":"https:\/\/jnksport.com\/?post_type=product&#038;p=49430"},"modified":"2026-04-25T19:59:37","modified_gmt":"2026-04-25T19:59:37","slug":"zapatillas-adidas-galaxy-star-2-0-u-jq8645-hombre","status":"publish","type":"product","link":"https:\/\/jnksport.com\/en\/product\/zapatillas-adidas-galaxy-star-2-0-u-jq8645-hombre\/","title":{"rendered":"Zapatillas Adidas Galaxy Star 2.0 U JQ8645 Hombre"},"content":{"rendered":"<div>\n<div>Galaxy Star 2.0 U es un nuevo producto para Hombre de adidas. Te invitamos a ver las im\u00e1genes para apreciar m\u00e1s detalles desde diferentes \u00e1ngulos. Si ya conoces Galaxy Star 2.0 U puedes dejar una rese\u00f1a abajo; siempre nos encanta conocer tu opini\u00f3n.<\/p>\n<p>A\u00fan estamos trabajando para tener m\u00e1s informaci\u00f3n de Galaxy Star 2.0 U, as\u00ed que vuelva pronto. Mientras tanto, toma nota del n\u00famero de art\u00edculo que identifica el producto JQ8645 para que lo puedas encontrar de nuevo f\u00e1cilmente. Est\u00e1 categorizado como: Zapatillas<\/p>\n<p>Color del art\u00edculo: Core Black \/ Cloud White \/ Core Black<\/p><\/div>\n<\/div>\n<ul>\n<li>Marca: Adidas<\/li>\n<li>Codigo: JQ8645<\/li>\n<li>Modelo: Galaxy Star 2.0 U<\/li>\n<li>G\u00e9nero: Hombre<\/li>\n<li>Estilo: Deportivo<\/li>\n<li>Cierre: Cordones<\/li>\n<li>Material: Textil<\/li>\n<li>Color: Negro<\/li>\n<li>Material de la Suela: Caucho<\/li>\n<\/ul>","protected":false},"excerpt":{"rendered":"<p>Galaxy Star 2.0 U es un nuevo producto para Hombre de adidas. Te invitamos a ver las im\u00e1genes para apreciar m\u00e1s detalles desde diferentes \u00e1ngulos&#8230;.<\/p>","protected":false},"featured_media":55004,"comment_status":"open","ping_status":"closed","template":"","meta":{"om_disable_all_campaigns":false,"_monsterinsights_skip_tracking":false,"_monsterinsights_sitenote_active":false,"_monsterinsights_sitenote_note":"","_monsterinsights_sitenote_category":0,"_uf_show_specific_survey":0,"_uf_disable_surveys":false,"_joinchat":[]},"etheme_brands":[],"product_brand":[],"product_cat":[19],"product_tag":[],"class_list":{"0":"post-49430","1":"product","2":"type-product","3":"status-publish","4":"has-post-thumbnail","6":"product_cat-hombre","7":"product_shipping_class-envio-a-lima-y-provincia","9":"first","10":"instock","11":"sale","12":"featured","13":"shipping-taxable","14":"purchasable","15":"product-type-variable"},"aioseo_notices":[],"_links":{"self":[{"href":"https:\/\/jnksport.com\/en\/wp-json\/wp\/v2\/product\/49430","targetHints":{"allow":["GET"]}}],"collection":[{"href":"https:\/\/jnksport.com\/en\/wp-json\/wp\/v2\/product"}],"about":[{"href":"https:\/\/jnksport.com\/en\/wp-json\/wp\/v2\/types\/product"}],"replies":[{"embeddable":true,"href":"https:\/\/jnksport.com\/en\/wp-json\/wp\/v2\/comments?post=49430"}],"version-history":[{"count":0,"href":"https:\/\/jnksport.com\/en\/wp-json\/wp\/v2\/product\/49430\/revisions"}],"wp:featuredmedia":[{"embeddable":true,"href":"https:\/\/jnksport.com\/en\/wp-json\/wp\/v2\/media\/55004"}],"wp:attachment":[{"href":"https:\/\/jnksport.com\/en\/wp-json\/wp\/v2\/media?parent=49430"}],"wp:term":[{"taxonomy":"brand","embeddable":true,"href":"https:\/\/jnksport.com\/en\/wp-json\/wp\/v2\/etheme_brands?post=49430"},{"taxonomy":"product_brand","embeddable":true,"href":"https:\/\/jnksport.com\/en\/wp-json\/wp\/v2\/product_brand?post=49430"},{"taxonomy":"product_cat","embeddable":true,"href":"https:\/\/jnksport.com\/en\/wp-json\/wp\/v2\/product_cat?post=49430"},{"taxonomy":"product_tag","embeddable":true,"href":"https:\/\/jnksport.com\/en\/wp-json\/wp\/v2\/product_tag?post=49430"}],"curies":[{"name":"wp","href":"https:\/\/api.w.org\/{rel}","templated":true}]}}