{"id":49756,"date":"2025-07-10T22:43:42","date_gmt":"2025-07-10T22:43:42","guid":{"rendered":"https:\/\/jnksport.com\/?post_type=product&#038;p=49756"},"modified":"2026-03-29T20:21:20","modified_gmt":"2026-03-29T20:21:20","slug":"zapatillas-puma-smash-3-0-badges-397287-06-ninas","status":"publish","type":"product","link":"https:\/\/jnksport.com\/en\/product\/zapatillas-puma-smash-3-0-badges-397287-06-ninas\/","title":{"rendered":"Zapatillas Puma Smash 3.0 Badges 397287-06 Ni\u00f1as"},"content":{"rendered":"<div>\n<div>Las PUMA Smash 3.0 L son la nueva generaci\u00f3n de la ic\u00f3nica franquicia PUMA Smash. Esta versi\u00f3n actualizada cuenta con un cierre de velcro para pon\u00e9rselas y quit\u00e1rselas f\u00e1cilmente, adem\u00e1s de divertidas insignias que encantar\u00e1n a tu peque\u00f1o.<\/p>\n<p>La parte superior de los zapatos est\u00e1 hecha con al menos un 20% de materiales reciclados y la parte inferior est\u00e1 hecha con al menos un 10% de materiales reciclados.<br \/>\nSOFTFOAM+: Plantilla c\u00f3moda de pisar dise\u00f1ada para proporcionar una amortiguaci\u00f3n suave gracias a su tal\u00f3n extra grueso<\/p>\n<p>Ajuste regular<br \/>\nCorreas de velcro<br \/>\nParte superior sint\u00e9tica<br \/>\nDetalles de insignias en las correas.<br \/>\nSuela de goma<br \/>\nPlantilla KinderFit para ayudar a encontrar el ajuste correcto<br \/>\nPUMA Toddlers: Recomendado para ni\u00f1os peque\u00f1os entre 0 y 4 a\u00f1os<br \/>\n96,14% sint\u00e9tico, 3,86% textil<\/p><\/div>\n<\/div>\n<ul>\n<li>Marca: Puma<\/li>\n<li>Codigo: 397287-06<\/li>\n<li>Modelo: Smash 3.0 Badges<\/li>\n<li>G\u00e9nero: Ni\u00f1as<\/li>\n<li>Estilo: Urbano<\/li>\n<li>Cierre: Velcro<\/li>\n<li>Material: Cuero<\/li>\n<li>Color: Blanco<\/li>\n<li>Material de la Suela: Goma<\/li>\n<\/ul>","protected":false},"excerpt":{"rendered":"<p>Las PUMA Smash 3.0 L son la nueva generaci\u00f3n de la ic\u00f3nica franquicia PUMA Smash. Esta versi\u00f3n actualizada cuenta con un cierre de velcro para&#8230;<\/p>","protected":false},"featured_media":49748,"comment_status":"open","ping_status":"closed","template":"","meta":{"om_disable_all_campaigns":false,"_monsterinsights_skip_tracking":false,"_monsterinsights_sitenote_active":false,"_monsterinsights_sitenote_note":"","_monsterinsights_sitenote_category":0,"_uf_show_specific_survey":0,"_uf_disable_surveys":false,"_joinchat":[]},"etheme_brands":[],"product_brand":[],"product_cat":[159],"product_tag":[],"class_list":{"0":"post-49756","1":"product","2":"type-product","3":"status-publish","4":"has-post-thumbnail","6":"product_cat-ninos","7":"product_shipping_class-envio-a-lima-y-provincia","9":"first","10":"instock","11":"featured","12":"shipping-taxable","13":"purchasable","14":"product-type-variable"},"aioseo_notices":[],"_links":{"self":[{"href":"https:\/\/jnksport.com\/en\/wp-json\/wp\/v2\/product\/49756","targetHints":{"allow":["GET"]}}],"collection":[{"href":"https:\/\/jnksport.com\/en\/wp-json\/wp\/v2\/product"}],"about":[{"href":"https:\/\/jnksport.com\/en\/wp-json\/wp\/v2\/types\/product"}],"replies":[{"embeddable":true,"href":"https:\/\/jnksport.com\/en\/wp-json\/wp\/v2\/comments?post=49756"}],"version-history":[{"count":0,"href":"https:\/\/jnksport.com\/en\/wp-json\/wp\/v2\/product\/49756\/revisions"}],"wp:featuredmedia":[{"embeddable":true,"href":"https:\/\/jnksport.com\/en\/wp-json\/wp\/v2\/media\/49748"}],"wp:attachment":[{"href":"https:\/\/jnksport.com\/en\/wp-json\/wp\/v2\/media?parent=49756"}],"wp:term":[{"taxonomy":"brand","embeddable":true,"href":"https:\/\/jnksport.com\/en\/wp-json\/wp\/v2\/etheme_brands?post=49756"},{"taxonomy":"product_brand","embeddable":true,"href":"https:\/\/jnksport.com\/en\/wp-json\/wp\/v2\/product_brand?post=49756"},{"taxonomy":"product_cat","embeddable":true,"href":"https:\/\/jnksport.com\/en\/wp-json\/wp\/v2\/product_cat?post=49756"},{"taxonomy":"product_tag","embeddable":true,"href":"https:\/\/jnksport.com\/en\/wp-json\/wp\/v2\/product_tag?post=49756"}],"curies":[{"name":"wp","href":"https:\/\/api.w.org\/{rel}","templated":true}]}}