{"id":49757,"date":"2025-07-10T22:43:42","date_gmt":"2025-07-10T22:43:42","guid":{"rendered":"https:\/\/jnksport.com\/?post_type=product&#038;p=49757"},"modified":"2026-03-21T08:03:19","modified_gmt":"2026-03-21T08:03:19","slug":"zapatillas-puma-carina-3-0-400651-01-ninas","status":"publish","type":"product","link":"https:\/\/jnksport.com\/en\/product\/zapatillas-puma-carina-3-0-400651-01-ninas\/","title":{"rendered":"Zapatillas Puma Carina 3.0 400651-01 Ni\u00f1as"},"content":{"rendered":"<div>\n<div>Puma Carina 3.0 Beach Florals<br \/>\nLos zapatos Puma Carina 3.0 Beach Florals para ni\u00f1a son una opci\u00f3n fresca y moderna para el verano. Est\u00e1n confeccionados con materiales de alta calidad que garantizan durabilidad y comodidad durante todo el d\u00eda.<\/p>\n<p>Beneficios del producto<br \/>\nHorma regular.<br \/>\nCuenta con detalles de la marca que aseguran su durabilidad.<br \/>\nHecho con materiales de alta calidad.<\/p><\/div>\n<\/div>\n<ul>\n<li>Marca: Puma<\/li>\n<li>Codigo: 400651-01<\/li>\n<li>Modelo: Carina 3.0<\/li>\n<li>G\u00e9nero: Ni\u00f1as<\/li>\n<li>Estilo: Urbano<\/li>\n<li>Cierre: Cordones<\/li>\n<li>Material: Cuero<\/li>\n<li>Color: Blanco<\/li>\n<li>Material de la Suela: Goma<\/li>\n<\/ul>","protected":false},"excerpt":{"rendered":"<p>Puma Carina 3.0 Beach Florals Los zapatos Puma Carina 3.0 Beach Florals para ni\u00f1a son una opci\u00f3n fresca y moderna para el verano. Est\u00e1n confeccionados&#8230;<\/p>","protected":false},"featured_media":49682,"comment_status":"open","ping_status":"closed","template":"","meta":{"om_disable_all_campaigns":false,"_monsterinsights_skip_tracking":false,"_monsterinsights_sitenote_active":false,"_monsterinsights_sitenote_note":"","_monsterinsights_sitenote_category":0,"_uf_show_specific_survey":0,"_uf_disable_surveys":false,"_joinchat":[]},"etheme_brands":[],"product_brand":[],"product_cat":[159],"product_tag":[],"class_list":{"0":"post-49757","1":"product","2":"type-product","3":"status-publish","4":"has-post-thumbnail","6":"product_cat-ninos","7":"product_shipping_class-envio-a-lima-y-provincia","9":"first","10":"instock","11":"featured","12":"shipping-taxable","13":"purchasable","14":"product-type-variable"},"aioseo_notices":[],"_links":{"self":[{"href":"https:\/\/jnksport.com\/en\/wp-json\/wp\/v2\/product\/49757","targetHints":{"allow":["GET"]}}],"collection":[{"href":"https:\/\/jnksport.com\/en\/wp-json\/wp\/v2\/product"}],"about":[{"href":"https:\/\/jnksport.com\/en\/wp-json\/wp\/v2\/types\/product"}],"replies":[{"embeddable":true,"href":"https:\/\/jnksport.com\/en\/wp-json\/wp\/v2\/comments?post=49757"}],"version-history":[{"count":0,"href":"https:\/\/jnksport.com\/en\/wp-json\/wp\/v2\/product\/49757\/revisions"}],"wp:featuredmedia":[{"embeddable":true,"href":"https:\/\/jnksport.com\/en\/wp-json\/wp\/v2\/media\/49682"}],"wp:attachment":[{"href":"https:\/\/jnksport.com\/en\/wp-json\/wp\/v2\/media?parent=49757"}],"wp:term":[{"taxonomy":"brand","embeddable":true,"href":"https:\/\/jnksport.com\/en\/wp-json\/wp\/v2\/etheme_brands?post=49757"},{"taxonomy":"product_brand","embeddable":true,"href":"https:\/\/jnksport.com\/en\/wp-json\/wp\/v2\/product_brand?post=49757"},{"taxonomy":"product_cat","embeddable":true,"href":"https:\/\/jnksport.com\/en\/wp-json\/wp\/v2\/product_cat?post=49757"},{"taxonomy":"product_tag","embeddable":true,"href":"https:\/\/jnksport.com\/en\/wp-json\/wp\/v2\/product_tag?post=49757"}],"curies":[{"name":"wp","href":"https:\/\/api.w.org\/{rel}","templated":true}]}}