{"id":49758,"date":"2025-07-10T22:43:42","date_gmt":"2025-07-10T22:43:42","guid":{"rendered":"https:\/\/jnksport.com\/?post_type=product&#038;p=49758"},"modified":"2026-02-24T08:32:37","modified_gmt":"2026-02-24T08:32:37","slug":"zapatillas-puma-carina-3-0-401478-06-ninas","status":"publish","type":"product","link":"https:\/\/jnksport.com\/en\/product\/zapatillas-puma-carina-3-0-401478-06-ninas\/","title":{"rendered":"Zapatillas Puma Carina 3.0 401478-06 Ni\u00f1as"},"content":{"rendered":"<div>\n<div>Presentamos las Carina 3.0. Tomando ejemplos de dise\u00f1o de los a\u00f1os 80, la cl\u00e1sica silueta de estas zapatillas est\u00e1 inspirada en el estilo relajado de la moda playera californiana. Manteni\u00e9ndose fiel a su apreciado look y calce, las Carina 3.0 dan un paso hacia la nueva temporada con algunas novedades. Esta versi\u00f3n para ni\u00f1as cuenta con cierre de abrojo.<\/p>\n<p>CARACTER\u00cdSTICAS Y BENEFICIOS<br \/>\nSOFTFOAM+: Plantilla c\u00f3moda, dise\u00f1ada con un tal\u00f3n extra grueso para proporcionar una amortiguaci\u00f3n suave<br \/>\nCubierta fabricada con al menos un 30% de materiales reciclados; base fabricada con al menos un 10% de materiales reciclados<br \/>\nDETALLES<br \/>\nCalce regular<br \/>\nCubierta de material sint\u00e9tico<br \/>\nCierre de abrojo<br \/>\nDetalles de la marca PUMA<\/p><\/div>\n<\/div>\n<ul>\n<li>Marca: Puma<\/li>\n<li>Codigo: 401478-06<\/li>\n<li>Modelo: Carina 3.0<\/li>\n<li>G\u00e9nero: Ni\u00f1as<\/li>\n<li>Estilo: Urbano<\/li>\n<li>Cierre: Velcro<\/li>\n<li>Material: Cuero<\/li>\n<li>Color: Blanco<\/li>\n<li>Material de la Suela: Goma<\/li>\n<\/ul>","protected":false},"excerpt":{"rendered":"<p>Presentamos las Carina 3.0. Tomando ejemplos de dise\u00f1o de los a\u00f1os 80, la cl\u00e1sica silueta de estas zapatillas est\u00e1 inspirada en el estilo relajado de&#8230;<\/p>","protected":false},"featured_media":49688,"comment_status":"open","ping_status":"closed","template":"","meta":{"om_disable_all_campaigns":false,"_monsterinsights_skip_tracking":false,"_monsterinsights_sitenote_active":false,"_monsterinsights_sitenote_note":"","_monsterinsights_sitenote_category":0,"_uf_show_specific_survey":0,"_uf_disable_surveys":false,"_joinchat":[]},"etheme_brands":[],"product_brand":[],"product_cat":[159],"product_tag":[],"class_list":{"0":"post-49758","1":"product","2":"type-product","3":"status-publish","4":"has-post-thumbnail","6":"product_cat-ninos","7":"product_shipping_class-envio-a-lima-y-provincia","9":"first","10":"instock","11":"featured","12":"shipping-taxable","13":"purchasable","14":"product-type-variable"},"aioseo_notices":[],"_links":{"self":[{"href":"https:\/\/jnksport.com\/en\/wp-json\/wp\/v2\/product\/49758","targetHints":{"allow":["GET"]}}],"collection":[{"href":"https:\/\/jnksport.com\/en\/wp-json\/wp\/v2\/product"}],"about":[{"href":"https:\/\/jnksport.com\/en\/wp-json\/wp\/v2\/types\/product"}],"replies":[{"embeddable":true,"href":"https:\/\/jnksport.com\/en\/wp-json\/wp\/v2\/comments?post=49758"}],"version-history":[{"count":0,"href":"https:\/\/jnksport.com\/en\/wp-json\/wp\/v2\/product\/49758\/revisions"}],"wp:featuredmedia":[{"embeddable":true,"href":"https:\/\/jnksport.com\/en\/wp-json\/wp\/v2\/media\/49688"}],"wp:attachment":[{"href":"https:\/\/jnksport.com\/en\/wp-json\/wp\/v2\/media?parent=49758"}],"wp:term":[{"taxonomy":"brand","embeddable":true,"href":"https:\/\/jnksport.com\/en\/wp-json\/wp\/v2\/etheme_brands?post=49758"},{"taxonomy":"product_brand","embeddable":true,"href":"https:\/\/jnksport.com\/en\/wp-json\/wp\/v2\/product_brand?post=49758"},{"taxonomy":"product_cat","embeddable":true,"href":"https:\/\/jnksport.com\/en\/wp-json\/wp\/v2\/product_cat?post=49758"},{"taxonomy":"product_tag","embeddable":true,"href":"https:\/\/jnksport.com\/en\/wp-json\/wp\/v2\/product_tag?post=49758"}],"curies":[{"name":"wp","href":"https:\/\/api.w.org\/{rel}","templated":true}]}}