{"id":49759,"date":"2025-07-10T22:43:42","date_gmt":"2025-07-10T22:43:42","guid":{"rendered":"https:\/\/jnksport.com\/?post_type=product&#038;p=49759"},"modified":"2026-04-25T19:59:37","modified_gmt":"2026-04-25T19:59:37","slug":"zapatillas-puma-st-miler-401622-07-hombre","status":"publish","type":"product","link":"https:\/\/jnksport.com\/en\/product\/zapatillas-puma-st-miler-401622-07-hombre\/","title":{"rendered":"Zapatillas Puma St Miler 401622-07 Hombre"},"content":{"rendered":"<div>\n<div>\u00a1Ad\u00e9ntrate en las vibraciones retro con estos tenis! Con un empeine de malla con superposiciones de ante, ofrecen un aspecto atemporal con divertidas opciones de color. La mediasuela de EVA y la plantilla SOFTFOAM+ garantizan comodidad durante todo el d\u00eda. Haz que cada paso sea una declaraci\u00f3n con PUMA.<\/p>\n<p>CARACTER\u00cdSTICAS Y BENEFICIOS<br \/>\nSOFTFOAM+: Plantilla c\u00f3moda, dise\u00f1ada con un tal\u00f3n extra grueso para proporcionar una amortiguaci\u00f3n suave<br \/>\nDETALLES<br \/>\nZapato bajo<br \/>\nEmpeine de malla<br \/>\nApliques de gamuza<br \/>\nMediasuela de EVA<br \/>\nSuela exterior de goma<br \/>\nCon cordones<br \/>\nFranja caracter\u00edstica PUMA en el lateral<br \/>\nDetalles de la marca PUMA<br \/>\nMaterial de informaci\u00f3n<br \/>\nSuela: 100% Goma<br \/>\nExterior: 45.98% Piel de vacuno, 32.35% Textil, 21.67% Sint\u00e9tico<br \/>\nForro: 100% Textil<\/p><\/div>\n<\/div>\n<ul>\n<li>Marca: Puma<\/li>\n<li>Codigo: 401622-07<\/li>\n<li>Modelo: St Miler<\/li>\n<li>G\u00e9nero: Hombre<\/li>\n<li>Estilo: Urbano<\/li>\n<li>Cierre: Cordones<\/li>\n<li>Material: Textil<\/li>\n<li>Color: Negro<\/li>\n<li>Material de la Suela: Goma<\/li>\n<\/ul>","protected":false},"excerpt":{"rendered":"<p>\u00a1Ad\u00e9ntrate en las vibraciones retro con estos tenis! Con un empeine de malla con superposiciones de ante, ofrecen un aspecto atemporal con divertidas opciones de&#8230;<\/p>","protected":false},"featured_media":49694,"comment_status":"open","ping_status":"closed","template":"","meta":{"om_disable_all_campaigns":false,"_monsterinsights_skip_tracking":false,"_monsterinsights_sitenote_active":false,"_monsterinsights_sitenote_note":"","_monsterinsights_sitenote_category":0,"_uf_show_specific_survey":0,"_uf_disable_surveys":false,"_joinchat":[]},"etheme_brands":[],"product_brand":[],"product_cat":[19],"product_tag":[],"class_list":{"0":"post-49759","1":"product","2":"type-product","3":"status-publish","4":"has-post-thumbnail","6":"product_cat-hombre","7":"product_shipping_class-envio-a-lima-y-provincia","9":"first","10":"instock","11":"sale","12":"featured","13":"shipping-taxable","14":"purchasable","15":"product-type-variable"},"aioseo_notices":[],"_links":{"self":[{"href":"https:\/\/jnksport.com\/en\/wp-json\/wp\/v2\/product\/49759","targetHints":{"allow":["GET"]}}],"collection":[{"href":"https:\/\/jnksport.com\/en\/wp-json\/wp\/v2\/product"}],"about":[{"href":"https:\/\/jnksport.com\/en\/wp-json\/wp\/v2\/types\/product"}],"replies":[{"embeddable":true,"href":"https:\/\/jnksport.com\/en\/wp-json\/wp\/v2\/comments?post=49759"}],"version-history":[{"count":0,"href":"https:\/\/jnksport.com\/en\/wp-json\/wp\/v2\/product\/49759\/revisions"}],"wp:featuredmedia":[{"embeddable":true,"href":"https:\/\/jnksport.com\/en\/wp-json\/wp\/v2\/media\/49694"}],"wp:attachment":[{"href":"https:\/\/jnksport.com\/en\/wp-json\/wp\/v2\/media?parent=49759"}],"wp:term":[{"taxonomy":"brand","embeddable":true,"href":"https:\/\/jnksport.com\/en\/wp-json\/wp\/v2\/etheme_brands?post=49759"},{"taxonomy":"product_brand","embeddable":true,"href":"https:\/\/jnksport.com\/en\/wp-json\/wp\/v2\/product_brand?post=49759"},{"taxonomy":"product_cat","embeddable":true,"href":"https:\/\/jnksport.com\/en\/wp-json\/wp\/v2\/product_cat?post=49759"},{"taxonomy":"product_tag","embeddable":true,"href":"https:\/\/jnksport.com\/en\/wp-json\/wp\/v2\/product_tag?post=49759"}],"curies":[{"name":"wp","href":"https:\/\/api.w.org\/{rel}","templated":true}]}}