{"id":50860,"date":"2025-10-26T18:34:15","date_gmt":"2025-10-26T18:34:15","guid":{"rendered":"https:\/\/jnksport.com\/?post_type=product&#038;p=50860"},"modified":"2026-05-01T19:35:39","modified_gmt":"2026-05-01T19:35:39","slug":"zapatillas-skechers-bobs-dvine-so-hooked-114827-blk-mujer","status":"publish","type":"product","link":"https:\/\/jnksport.com\/en\/product\/zapatillas-skechers-bobs-dvine-so-hooked-114827-blk-mujer\/","title":{"rendered":"Zapatillas Skechers Bobs D&#8217;Vine So Hooked 114827-BLK Mujer"},"content":{"rendered":"<div>\n<div>El estilo cl\u00e1sico y elegante se combinan con la comodidad de Skechers Hands Free Slip-ins\u00ae: BOBS de Skechers\u2122 BOBS D&#8217;Vine &#8211; \u00a1Qu\u00e9 bien! Estas zapatillas informales sin cordones cuentan con una parte superior de piel sint\u00e9tica con cordones el\u00e1sticos y una plantilla acolchada Skechers Memory Foam\u2122. Por cada compra de BOBS\u00ae, se realiza una donaci\u00f3n a animales necesitados.<br \/>\nCaracter\u00edsticas del producto<br \/>\nParte superior de piel sint\u00e9tica con cordones el\u00e1sticos.<br \/>\nSuela de tracci\u00f3n flexible<\/div>\n<\/div>\n<ul>\n<li>Marca: Skechers<\/li>\n<li>Codigo: 114827-BLK<\/li>\n<li>Modelo: Bobs D&#8217;Vine So Hooked<\/li>\n<li>G\u00e9nero: Mujer<\/li>\n<li>Estilo: Urbano<\/li>\n<li>Cierre: Cordones<\/li>\n<li>Material: Cuero<\/li>\n<li>Color: Negro<\/li>\n<li>Material de la Suela: Sintetica<\/li>\n<\/ul>","protected":false},"excerpt":{"rendered":"<p>El estilo cl\u00e1sico y elegante se combinan con la comodidad de Skechers Hands Free Slip-ins\u00ae: BOBS de Skechers\u2122 BOBS D&#8217;Vine &#8211; \u00a1Qu\u00e9 bien! Estas zapatillas&#8230;<\/p>","protected":false},"featured_media":59794,"comment_status":"open","ping_status":"closed","template":"","meta":{"om_disable_all_campaigns":false,"_monsterinsights_skip_tracking":false,"_monsterinsights_sitenote_active":false,"_monsterinsights_sitenote_note":"","_monsterinsights_sitenote_category":0,"_uf_show_specific_survey":0,"_uf_disable_surveys":false,"_joinchat":[]},"etheme_brands":[],"product_brand":[],"product_cat":[18],"product_tag":[],"class_list":{"0":"post-50860","1":"product","2":"type-product","3":"status-publish","4":"has-post-thumbnail","6":"product_cat-mujer","7":"product_shipping_class-envio-a-lima-y-provincia","9":"first","10":"instock","11":"sale","12":"featured","13":"shipping-taxable","14":"purchasable","15":"product-type-variable"},"aioseo_notices":[],"_links":{"self":[{"href":"https:\/\/jnksport.com\/en\/wp-json\/wp\/v2\/product\/50860","targetHints":{"allow":["GET"]}}],"collection":[{"href":"https:\/\/jnksport.com\/en\/wp-json\/wp\/v2\/product"}],"about":[{"href":"https:\/\/jnksport.com\/en\/wp-json\/wp\/v2\/types\/product"}],"replies":[{"embeddable":true,"href":"https:\/\/jnksport.com\/en\/wp-json\/wp\/v2\/comments?post=50860"}],"version-history":[{"count":1,"href":"https:\/\/jnksport.com\/en\/wp-json\/wp\/v2\/product\/50860\/revisions"}],"predecessor-version":[{"id":59795,"href":"https:\/\/jnksport.com\/en\/wp-json\/wp\/v2\/product\/50860\/revisions\/59795"}],"wp:featuredmedia":[{"embeddable":true,"href":"https:\/\/jnksport.com\/en\/wp-json\/wp\/v2\/media\/59794"}],"wp:attachment":[{"href":"https:\/\/jnksport.com\/en\/wp-json\/wp\/v2\/media?parent=50860"}],"wp:term":[{"taxonomy":"brand","embeddable":true,"href":"https:\/\/jnksport.com\/en\/wp-json\/wp\/v2\/etheme_brands?post=50860"},{"taxonomy":"product_brand","embeddable":true,"href":"https:\/\/jnksport.com\/en\/wp-json\/wp\/v2\/product_brand?post=50860"},{"taxonomy":"product_cat","embeddable":true,"href":"https:\/\/jnksport.com\/en\/wp-json\/wp\/v2\/product_cat?post=50860"},{"taxonomy":"product_tag","embeddable":true,"href":"https:\/\/jnksport.com\/en\/wp-json\/wp\/v2\/product_tag?post=50860"}],"curies":[{"name":"wp","href":"https:\/\/api.w.org\/{rel}","templated":true}]}}