{"id":50894,"date":"2025-10-26T18:34:20","date_gmt":"2025-10-26T18:34:20","guid":{"rendered":"https:\/\/jnksport.com\/?post_type=product&#038;p=50894"},"modified":"2026-05-01T19:38:35","modified_gmt":"2026-05-01T19:38:35","slug":"zapatillas-skechers-aire-neutro-150074-wsl-mujer","status":"publish","type":"product","link":"https:\/\/jnksport.com\/en\/product\/zapatillas-skechers-aire-neutro-150074-wsl-mujer\/","title":{"rendered":"Zapatillas Skechers Aire Neutro 150074-WSL Mujer"},"content":{"rendered":"<div>\n<div>Se utiliza tecnolog\u00eda de plantilla acolchada, c\u00f3moda y transpirable Skechers Air Cooled Memory Foam.<br \/>\nTiene una entresuela bien amortiguada.<br \/>\nLa tecnolog\u00eda Skech-Air\u00ae se utiliza en la entresuela, que es visible desde el exterior y reduce la vibraci\u00f3n del suelo.<br \/>\nTiene una suela flexible que proporciona agarre al suelo.<br \/>\nTiene una parte superior de malla con cordones en la parte delantera.<br \/>\nLa altura del tac\u00f3n es de 3,81 cm.<br \/>\nLavable en la lavadora.<br \/>\nElaborado con ingredientes veganos.<br \/>\nLas zapatillas Skechers Skech-air Meta para mujer son una opci\u00f3n que prioriza la comodidad. La tecnolog\u00eda de plantilla Air Cooled Memory Foam proporciona amortiguaci\u00f3n en cada paso, manteniendo los pies c\u00f3modos durante todo el d\u00eda. Adem\u00e1s, la entresuela con amortiguaci\u00f3n optimiza el contacto con el suelo para una comodidad superior. Gracias a la tecnolog\u00eda Skech-Air\u00ae, se reducen las vibraciones externas, proporcionando una mejor experiencia tanto al caminar como al practicar deporte. La suela flexible aumenta la tracci\u00f3n, minimizando el riesgo de resbalones y garantizando una caminata segura. La parte superior de malla con cordones completa la comodidad del calzado con estilo y transpirabilidad. Las zapatillas Skechers Skech-air Meta para mujer ofrecen un rendimiento excelente.<\/div>\n<\/div>\n<ul>\n<li>Marca: Skechers<\/li>\n<li>Codigo: 150074-WSL<\/li>\n<li>Modelo: Aire Neutro<\/li>\n<li>G\u00e9nero: Mujer<\/li>\n<li>Estilo: Urbano<\/li>\n<li>Cierre: Cordones<\/li>\n<li>Material: Textil<\/li>\n<li>Color: Blanco<\/li>\n<li>Material de la Suela: Goma<\/li>\n<\/ul>","protected":false},"excerpt":{"rendered":"<p>Se utiliza tecnolog\u00eda de plantilla acolchada, c\u00f3moda y transpirable Skechers Air Cooled Memory Foam. Tiene una entresuela bien amortiguada. La tecnolog\u00eda Skech-Air\u00ae se utiliza en&#8230;<\/p>","protected":false},"featured_media":59796,"comment_status":"open","ping_status":"closed","template":"","meta":{"om_disable_all_campaigns":false,"_monsterinsights_skip_tracking":false,"_monsterinsights_sitenote_active":false,"_monsterinsights_sitenote_note":"","_monsterinsights_sitenote_category":0,"_uf_show_specific_survey":0,"_uf_disable_surveys":false,"_joinchat":[]},"etheme_brands":[],"product_brand":[],"product_cat":[18],"product_tag":[],"class_list":{"0":"post-50894","1":"product","2":"type-product","3":"status-publish","4":"has-post-thumbnail","6":"product_cat-mujer","7":"product_shipping_class-envio-a-lima-y-provincia","9":"first","10":"instock","11":"sale","12":"featured","13":"shipping-taxable","14":"purchasable","15":"product-type-variable"},"aioseo_notices":[],"_links":{"self":[{"href":"https:\/\/jnksport.com\/en\/wp-json\/wp\/v2\/product\/50894","targetHints":{"allow":["GET"]}}],"collection":[{"href":"https:\/\/jnksport.com\/en\/wp-json\/wp\/v2\/product"}],"about":[{"href":"https:\/\/jnksport.com\/en\/wp-json\/wp\/v2\/types\/product"}],"replies":[{"embeddable":true,"href":"https:\/\/jnksport.com\/en\/wp-json\/wp\/v2\/comments?post=50894"}],"version-history":[{"count":1,"href":"https:\/\/jnksport.com\/en\/wp-json\/wp\/v2\/product\/50894\/revisions"}],"predecessor-version":[{"id":59797,"href":"https:\/\/jnksport.com\/en\/wp-json\/wp\/v2\/product\/50894\/revisions\/59797"}],"wp:featuredmedia":[{"embeddable":true,"href":"https:\/\/jnksport.com\/en\/wp-json\/wp\/v2\/media\/59796"}],"wp:attachment":[{"href":"https:\/\/jnksport.com\/en\/wp-json\/wp\/v2\/media?parent=50894"}],"wp:term":[{"taxonomy":"brand","embeddable":true,"href":"https:\/\/jnksport.com\/en\/wp-json\/wp\/v2\/etheme_brands?post=50894"},{"taxonomy":"product_brand","embeddable":true,"href":"https:\/\/jnksport.com\/en\/wp-json\/wp\/v2\/product_brand?post=50894"},{"taxonomy":"product_cat","embeddable":true,"href":"https:\/\/jnksport.com\/en\/wp-json\/wp\/v2\/product_cat?post=50894"},{"taxonomy":"product_tag","embeddable":true,"href":"https:\/\/jnksport.com\/en\/wp-json\/wp\/v2\/product_tag?post=50894"}],"curies":[{"name":"wp","href":"https:\/\/api.w.org\/{rel}","templated":true}]}}