{"id":50927,"date":"2025-10-26T18:34:25","date_gmt":"2025-10-26T18:34:25","guid":{"rendered":"https:\/\/jnksport.com\/?post_type=product&#038;p=50927"},"modified":"2026-05-01T20:57:10","modified_gmt":"2026-05-01T20:57:10","slug":"zapatillas-skechers-shimmer-sweetie-314620n-gypk-ninas","status":"publish","type":"product","link":"https:\/\/jnksport.com\/en\/product\/zapatillas-skechers-shimmer-sweetie-314620n-gypk-ninas\/","title":{"rendered":"Zapatillas Skechers Shimmer Sweetie 314620N-GYPK Ni\u00f1as"},"content":{"rendered":"<div>\n<div>Ilumina cada habitaci\u00f3n con el estilo de las Skechers Twinkle Toes\u00ae: Heart Steps &#8211; Shimmer Sweetie. Este dise\u00f1o con corazones cuenta con una parte superior de tejido brillante, cordones el\u00e1sticos, correa ajustable en el empeine y una puntera con luces y pedrer\u00eda decorativa.<\/p>\n<p>Caracter\u00edsticas principales<br \/>\nPuntera embellecida con pedrer\u00eda y luces Twinkle Toes\u00ae<br \/>\nCierre Adaptive Closure de Skechers para personalizar el ajuste y ponerlas o quitarlas f\u00e1cilmente<br \/>\nLas tallas de los ni\u00f1os peque\u00f1os no tienen bot\u00f3n on\/off<br \/>\nC\u00f3moda plantilla con amortiguaci\u00f3n<br \/>\nDetalles<br \/>\nParte superior de tejido brillante con ribete con corazones grabados<br \/>\nCordones el\u00e1sticos y correa ajustable en el empeine<br \/>\nMedia suela con absorci\u00f3n de impactos<br \/>\nSuela flexible con tracci\u00f3n<br \/>\nDetalles del logotipo Twinkle Toes\u00ae<br \/>\nMateriales<br \/>\nSuela: SINT\u00c9TICA<br \/>\nParte superior: TEXTIL, SINT\u00c9TICO<br \/>\nPlantilla de forro: TEXTIL<\/p><\/div>\n<\/div>\n<ul>\n<li>Marca: Skechers<\/li>\n<li>Codigo: 314620N-GYPK<\/li>\n<li>Modelo: Shimmer Sweetie<\/li>\n<li>G\u00e9nero: Ni\u00f1as<\/li>\n<li>Estilo: Urbano<\/li>\n<li>Cierre: Cordones<\/li>\n<li>Material: Textil<\/li>\n<li>Color: Gris<\/li>\n<li>Material de la Suela: Sintetica<\/li>\n<\/ul>","protected":false},"excerpt":{"rendered":"<p>Ilumina cada habitaci\u00f3n con el estilo de las Skechers Twinkle Toes\u00ae: Heart Steps &#8211; Shimmer Sweetie. Este dise\u00f1o con corazones cuenta con una parte superior&#8230;<\/p>","protected":false},"featured_media":59840,"comment_status":"open","ping_status":"closed","template":"","meta":{"om_disable_all_campaigns":false,"_monsterinsights_skip_tracking":false,"_monsterinsights_sitenote_active":false,"_monsterinsights_sitenote_note":"","_monsterinsights_sitenote_category":0,"_uf_show_specific_survey":0,"_uf_disable_surveys":false,"_joinchat":[]},"etheme_brands":[],"product_brand":[],"product_cat":[159],"product_tag":[],"class_list":{"0":"post-50927","1":"product","2":"type-product","3":"status-publish","4":"has-post-thumbnail","6":"product_cat-ninos","7":"product_shipping_class-envio-a-lima-y-provincia","9":"first","10":"instock","11":"sale","12":"featured","13":"shipping-taxable","14":"purchasable","15":"product-type-variable"},"aioseo_notices":[],"_links":{"self":[{"href":"https:\/\/jnksport.com\/en\/wp-json\/wp\/v2\/product\/50927","targetHints":{"allow":["GET"]}}],"collection":[{"href":"https:\/\/jnksport.com\/en\/wp-json\/wp\/v2\/product"}],"about":[{"href":"https:\/\/jnksport.com\/en\/wp-json\/wp\/v2\/types\/product"}],"replies":[{"embeddable":true,"href":"https:\/\/jnksport.com\/en\/wp-json\/wp\/v2\/comments?post=50927"}],"version-history":[{"count":1,"href":"https:\/\/jnksport.com\/en\/wp-json\/wp\/v2\/product\/50927\/revisions"}],"predecessor-version":[{"id":59841,"href":"https:\/\/jnksport.com\/en\/wp-json\/wp\/v2\/product\/50927\/revisions\/59841"}],"wp:featuredmedia":[{"embeddable":true,"href":"https:\/\/jnksport.com\/en\/wp-json\/wp\/v2\/media\/59840"}],"wp:attachment":[{"href":"https:\/\/jnksport.com\/en\/wp-json\/wp\/v2\/media?parent=50927"}],"wp:term":[{"taxonomy":"brand","embeddable":true,"href":"https:\/\/jnksport.com\/en\/wp-json\/wp\/v2\/etheme_brands?post=50927"},{"taxonomy":"product_brand","embeddable":true,"href":"https:\/\/jnksport.com\/en\/wp-json\/wp\/v2\/product_brand?post=50927"},{"taxonomy":"product_cat","embeddable":true,"href":"https:\/\/jnksport.com\/en\/wp-json\/wp\/v2\/product_cat?post=50927"},{"taxonomy":"product_tag","embeddable":true,"href":"https:\/\/jnksport.com\/en\/wp-json\/wp\/v2\/product_tag?post=50927"}],"curies":[{"name":"wp","href":"https:\/\/api.w.org\/{rel}","templated":true}]}}