{"id":50928,"date":"2025-10-26T18:34:25","date_gmt":"2025-10-26T18:34:25","guid":{"rendered":"https:\/\/jnksport.com\/?post_type=product&#038;p=50928"},"modified":"2026-04-11T17:03:01","modified_gmt":"2026-04-11T17:03:01","slug":"zapatillas-puma-caven-2-0-402628-01-mujer","status":"publish","type":"product","link":"https:\/\/jnksport.com\/en\/product\/zapatillas-puma-caven-2-0-402628-01-mujer\/","title":{"rendered":"Zapatillas Puma Caven 2.0 402628-01 Mujer"},"content":{"rendered":"<div>\n<div>La cl\u00e1sica silueta de basketball ochentera se renueva con detalles de piel flexible y una llamativa entresuela apilada para ofrecerte una opci\u00f3n que se convertir\u00e1 en tu calzado favorito. Esta ejecuci\u00f3n presenta un estampado animal que le confiere un aspecto bonito y femenino. La inserci\u00f3n de SOFTFOAM+ proporciona comodidad durante todo el d\u00eda, para que tus pies disfruten de cada paso.<\/p>\n<p>SOFTFOAM+: plantilla de confort dise\u00f1ada para proporcionar una suave amortiguaci\u00f3n gracias a su tal\u00f3n extragrueso<br \/>\nOjales de piel suave y refuerzo en la puntera<br \/>\nParte superior sint\u00e9tica<br \/>\nDetalles perforados en el empeine<br \/>\nEntresuela gruesa combinada con una textura gruesa visible<br \/>\nLa plantilla SoftFoam+ proporciona una amortiguaci\u00f3n excelente<br \/>\nEstampado animal en el Formstrip PUMA<\/p><\/div>\n<\/div>\n<ul>\n<li>Marca: Puma<\/li>\n<li>Codigo: 402628-01<\/li>\n<li>Modelo: Caven 2.0<\/li>\n<li>G\u00e9nero: Mujer<\/li>\n<li>Estilo: Urbano<\/li>\n<li>Cierre: Cordones<\/li>\n<li>Material: Cuero<\/li>\n<li>Color: Blanco<\/li>\n<li>Material de la Suela: Goma<\/li>\n<\/ul>","protected":false},"excerpt":{"rendered":"<p>La cl\u00e1sica silueta de basketball ochentera se renueva con detalles de piel flexible y una llamativa entresuela apilada para ofrecerte una opci\u00f3n que se convertir\u00e1&#8230;<\/p>","protected":false},"featured_media":54943,"comment_status":"open","ping_status":"closed","template":"","meta":{"om_disable_all_campaigns":false,"_monsterinsights_skip_tracking":false,"_monsterinsights_sitenote_active":false,"_monsterinsights_sitenote_note":"","_monsterinsights_sitenote_category":0,"_uf_show_specific_survey":0,"_uf_disable_surveys":false,"_joinchat":[]},"etheme_brands":[],"product_brand":[],"product_cat":[18],"product_tag":[],"class_list":{"0":"post-50928","1":"product","2":"type-product","3":"status-publish","4":"has-post-thumbnail","6":"product_cat-mujer","7":"product_shipping_class-envio-a-lima-y-provincia","9":"first","10":"instock","11":"featured","12":"shipping-taxable","13":"purchasable","14":"product-type-variable"},"aioseo_notices":[],"_links":{"self":[{"href":"https:\/\/jnksport.com\/en\/wp-json\/wp\/v2\/product\/50928","targetHints":{"allow":["GET"]}}],"collection":[{"href":"https:\/\/jnksport.com\/en\/wp-json\/wp\/v2\/product"}],"about":[{"href":"https:\/\/jnksport.com\/en\/wp-json\/wp\/v2\/types\/product"}],"replies":[{"embeddable":true,"href":"https:\/\/jnksport.com\/en\/wp-json\/wp\/v2\/comments?post=50928"}],"version-history":[{"count":0,"href":"https:\/\/jnksport.com\/en\/wp-json\/wp\/v2\/product\/50928\/revisions"}],"wp:featuredmedia":[{"embeddable":true,"href":"https:\/\/jnksport.com\/en\/wp-json\/wp\/v2\/media\/54943"}],"wp:attachment":[{"href":"https:\/\/jnksport.com\/en\/wp-json\/wp\/v2\/media?parent=50928"}],"wp:term":[{"taxonomy":"brand","embeddable":true,"href":"https:\/\/jnksport.com\/en\/wp-json\/wp\/v2\/etheme_brands?post=50928"},{"taxonomy":"product_brand","embeddable":true,"href":"https:\/\/jnksport.com\/en\/wp-json\/wp\/v2\/product_brand?post=50928"},{"taxonomy":"product_cat","embeddable":true,"href":"https:\/\/jnksport.com\/en\/wp-json\/wp\/v2\/product_cat?post=50928"},{"taxonomy":"product_tag","embeddable":true,"href":"https:\/\/jnksport.com\/en\/wp-json\/wp\/v2\/product_tag?post=50928"}],"curies":[{"name":"wp","href":"https:\/\/api.w.org\/{rel}","templated":true}]}}