{"id":50959,"date":"2025-10-26T18:34:30","date_gmt":"2025-10-26T18:34:30","guid":{"rendered":"https:\/\/jnksport.com\/?post_type=product&#038;p=50959"},"modified":"2026-05-01T19:58:51","modified_gmt":"2026-05-01T19:58:51","slug":"zapatillas-skechers-selectors-sky-flex-403616l-nvbl-ninos","status":"publish","type":"product","link":"https:\/\/jnksport.com\/en\/product\/zapatillas-skechers-selectors-sky-flex-403616l-nvbl-ninos\/","title":{"rendered":"Zapatillas Skechers Selectors Sky-Flex 403616L-NVBL Ni\u00f1os"},"content":{"rendered":"<div>\n<div>Las Skechers Selectors &#8211; Sky-Flex est\u00e1n dise\u00f1adas para quienes buscan una combinaci\u00f3n de comodidad, estilo y funcionalidad. Estas zapatillas ligeras con cordones son ideales para uso casual y actividades deportivas ligeras, lo que las convierte en una adici\u00f3n vers\u00e1til a cualquier armario.<\/div>\n<\/div>\n<ul>\n<li>Marca: Skechers<\/li>\n<li>Codigo: 403616L-NVBL<\/li>\n<li>Modelo: Selectors Sky-Flex<\/li>\n<li>G\u00e9nero: Ni\u00f1os<\/li>\n<li>Estilo: Urbano<\/li>\n<li>Cierre: Cordones<\/li>\n<li>Material: Textil<\/li>\n<li>Color: Azul Marino<\/li>\n<li>Material de la Suela: Goma<\/li>\n<\/ul>","protected":false},"excerpt":{"rendered":"<p>Las Skechers Selectors &#8211; Sky-Flex est\u00e1n dise\u00f1adas para quienes buscan una combinaci\u00f3n de comodidad, estilo y funcionalidad. Estas zapatillas ligeras con cordones son ideales para&#8230;<\/p>","protected":false},"featured_media":59805,"comment_status":"open","ping_status":"closed","template":"","meta":{"om_disable_all_campaigns":false,"_monsterinsights_skip_tracking":false,"_monsterinsights_sitenote_active":false,"_monsterinsights_sitenote_note":"","_monsterinsights_sitenote_category":0,"_uf_show_specific_survey":0,"_uf_disable_surveys":false,"_joinchat":[]},"etheme_brands":[],"product_brand":[],"product_cat":[159],"product_tag":[],"class_list":{"0":"post-50959","1":"product","2":"type-product","3":"status-publish","4":"has-post-thumbnail","6":"product_cat-ninos","7":"product_shipping_class-envio-a-lima-y-provincia","9":"first","10":"instock","11":"featured","12":"shipping-taxable","13":"purchasable","14":"product-type-variable"},"aioseo_notices":[],"_links":{"self":[{"href":"https:\/\/jnksport.com\/en\/wp-json\/wp\/v2\/product\/50959","targetHints":{"allow":["GET"]}}],"collection":[{"href":"https:\/\/jnksport.com\/en\/wp-json\/wp\/v2\/product"}],"about":[{"href":"https:\/\/jnksport.com\/en\/wp-json\/wp\/v2\/types\/product"}],"replies":[{"embeddable":true,"href":"https:\/\/jnksport.com\/en\/wp-json\/wp\/v2\/comments?post=50959"}],"version-history":[{"count":1,"href":"https:\/\/jnksport.com\/en\/wp-json\/wp\/v2\/product\/50959\/revisions"}],"predecessor-version":[{"id":59806,"href":"https:\/\/jnksport.com\/en\/wp-json\/wp\/v2\/product\/50959\/revisions\/59806"}],"wp:featuredmedia":[{"embeddable":true,"href":"https:\/\/jnksport.com\/en\/wp-json\/wp\/v2\/media\/59805"}],"wp:attachment":[{"href":"https:\/\/jnksport.com\/en\/wp-json\/wp\/v2\/media?parent=50959"}],"wp:term":[{"taxonomy":"brand","embeddable":true,"href":"https:\/\/jnksport.com\/en\/wp-json\/wp\/v2\/etheme_brands?post=50959"},{"taxonomy":"product_brand","embeddable":true,"href":"https:\/\/jnksport.com\/en\/wp-json\/wp\/v2\/product_brand?post=50959"},{"taxonomy":"product_cat","embeddable":true,"href":"https:\/\/jnksport.com\/en\/wp-json\/wp\/v2\/product_cat?post=50959"},{"taxonomy":"product_tag","embeddable":true,"href":"https:\/\/jnksport.com\/en\/wp-json\/wp\/v2\/product_tag?post=50959"}],"curies":[{"name":"wp","href":"https:\/\/api.w.org\/{rel}","templated":true}]}}