{"id":50960,"date":"2025-10-26T18:34:30","date_gmt":"2025-10-26T18:34:30","guid":{"rendered":"https:\/\/jnksport.com\/?post_type=product&#038;p=50960"},"modified":"2026-05-01T19:54:04","modified_gmt":"2026-05-01T19:54:04","slug":"zapatillas-skechers-bounder-403906n-blk-ninos","status":"publish","type":"product","link":"https:\/\/jnksport.com\/en\/product\/zapatillas-skechers-bounder-403906n-blk-ninos\/","title":{"rendered":"Zapatillas Skechers Bounder 403906N-BLK Ni\u00f1os"},"content":{"rendered":"<div>\n<div>Bounder &#8211; Techrox<br \/>\nEl estilo deportivo se combina con la comodidad que cuida los pies en las Skechers Bounder &#8211; Techrox. Estas ligeras zapatillas presentan una parte superior de malla y material t\u00e9cnico con cordones el\u00e1sticos, una correa ajustable en el empeine y una c\u00f3moda plantilla acolchada.<br \/>\nCaracter\u00edsticas principales:<br \/>\nCierre adaptable de Skechers para un<br \/>\najuste c\u00f3modo y personalizable. Plantilla acolchada y c\u00f3moda .<br \/>\nDetalles de dise\u00f1o:<br \/>\nParte superior de malla y material t\u00e9cnico con cordones el\u00e1sticos y una correa ajustable en el empeine.<br \/>\nEntresuela ligera y acolchada.<br \/>\nSuela flexible que proporciona tracci\u00f3n.<br \/>\nAltura del tac\u00f3n: 2,5 cm.<br \/>\nLavable a m\u00e1quina.<br \/>\nLogotipo de Skechers\u00ae.<br \/>\nMateriales<br \/>\n: Suela exterior: SINT\u00c9TICO.<br \/>\nParte superior: SINT\u00c9TICO, TEXTIL.<br \/>\nForro: TEXTIL.<\/div>\n<\/div>\n<ul>\n<li>Marca: Skechers<\/li>\n<li>Codigo: 403906N-BLK<\/li>\n<li>Modelo: Bounder<\/li>\n<li>G\u00e9nero: Ni\u00f1os<\/li>\n<li>Estilo: Urbano<\/li>\n<li>Cierre: Cordones<\/li>\n<li>Material: Textil<\/li>\n<li>Color: Negro<\/li>\n<li>Material de la Suela: Sintetica<\/li>\n<\/ul>","protected":false},"excerpt":{"rendered":"<p>Bounder &#8211; Techrox El estilo deportivo se combina con la comodidad que cuida los pies en las Skechers Bounder &#8211; Techrox. Estas ligeras zapatillas presentan&#8230;<\/p>","protected":false},"featured_media":59803,"comment_status":"open","ping_status":"closed","template":"","meta":{"om_disable_all_campaigns":false,"_monsterinsights_skip_tracking":false,"_monsterinsights_sitenote_active":false,"_monsterinsights_sitenote_note":"","_monsterinsights_sitenote_category":0,"_uf_show_specific_survey":0,"_uf_disable_surveys":false,"_joinchat":[]},"etheme_brands":[],"product_brand":[],"product_cat":[159],"product_tag":[],"class_list":{"0":"post-50960","1":"product","2":"type-product","3":"status-publish","4":"has-post-thumbnail","6":"product_cat-ninos","7":"product_shipping_class-envio-a-lima-y-provincia","9":"first","10":"instock","11":"featured","12":"shipping-taxable","13":"purchasable","14":"product-type-variable"},"aioseo_notices":[],"_links":{"self":[{"href":"https:\/\/jnksport.com\/en\/wp-json\/wp\/v2\/product\/50960","targetHints":{"allow":["GET"]}}],"collection":[{"href":"https:\/\/jnksport.com\/en\/wp-json\/wp\/v2\/product"}],"about":[{"href":"https:\/\/jnksport.com\/en\/wp-json\/wp\/v2\/types\/product"}],"replies":[{"embeddable":true,"href":"https:\/\/jnksport.com\/en\/wp-json\/wp\/v2\/comments?post=50960"}],"version-history":[{"count":1,"href":"https:\/\/jnksport.com\/en\/wp-json\/wp\/v2\/product\/50960\/revisions"}],"predecessor-version":[{"id":59804,"href":"https:\/\/jnksport.com\/en\/wp-json\/wp\/v2\/product\/50960\/revisions\/59804"}],"wp:featuredmedia":[{"embeddable":true,"href":"https:\/\/jnksport.com\/en\/wp-json\/wp\/v2\/media\/59803"}],"wp:attachment":[{"href":"https:\/\/jnksport.com\/en\/wp-json\/wp\/v2\/media?parent=50960"}],"wp:term":[{"taxonomy":"brand","embeddable":true,"href":"https:\/\/jnksport.com\/en\/wp-json\/wp\/v2\/etheme_brands?post=50960"},{"taxonomy":"product_brand","embeddable":true,"href":"https:\/\/jnksport.com\/en\/wp-json\/wp\/v2\/product_brand?post=50960"},{"taxonomy":"product_cat","embeddable":true,"href":"https:\/\/jnksport.com\/en\/wp-json\/wp\/v2\/product_cat?post=50960"},{"taxonomy":"product_tag","embeddable":true,"href":"https:\/\/jnksport.com\/en\/wp-json\/wp\/v2\/product_tag?post=50960"}],"curies":[{"name":"wp","href":"https:\/\/api.w.org\/{rel}","templated":true}]}}