{"id":50961,"date":"2025-10-26T18:34:30","date_gmt":"2025-10-26T18:34:30","guid":{"rendered":"https:\/\/jnksport.com\/?post_type=product&#038;p=50961"},"modified":"2026-03-26T17:04:31","modified_gmt":"2026-03-26T17:04:31","slug":"zapatillas-puma-rebound-femme-404107-01-ninos","status":"publish","type":"product","link":"https:\/\/jnksport.com\/en\/product\/zapatillas-puma-rebound-femme-404107-01-ninos\/","title":{"rendered":"Zapatillas Puma Rebound Femme 404107-01 Ni\u00f1os"},"content":{"rendered":"<div>\n<div>Inspir\u00e1ndose en las zapatillas de baloncesto de los a\u00f1os 80, estas zapatillas PUMA elevan la comodidad y el estilo al siguiente nivel.<\/p>\n<p>Disponibles en una gama de dise\u00f1os vers\u00e1tiles, ya sea que optes por un corte alto, medio o bajo, estas zapatillas son cl\u00e1sicos de PUMA que tus hijos querr\u00e1n usar todos los d\u00edas.<\/p>\n<p>CARACTER\u00cdSTICAS Y BENEFICIOS:<\/p>\n<p>SOFTFOAM+: Plantilla de confort dise\u00f1ada para proporcionar una amortiguaci\u00f3n suave gracias a su tal\u00f3n extra grueso.<\/p>\n<p>La parte superior de los zapatos est\u00e1 hecha con al menos un 20% de materiales reciclados y la parte inferior est\u00e1 hecha con al menos un 10% de materiales reciclados.<\/p>\n<p>DETALLES:<\/p>\n<p>Ancho: Regular.<\/p>\n<p>Tipo de puntera: Redondeada.<\/p>\n<p>Cierre: Cordones.<\/p>\n<p>Tipo de tac\u00f3n: Plataforma.<\/p>\n<p>Forro: Textil.<\/p>\n<p>Suela: Goma.\n<\/p><\/div>\n<\/div>\n<ul>\n<li>Marca: Puma<\/li>\n<li>Codigo: 404107-01<\/li>\n<li>Modelo: Rebound Femme<\/li>\n<li>G\u00e9nero: Ni\u00f1os<\/li>\n<li>Estilo: Urbano<\/li>\n<li>Cierre: Cordones<\/li>\n<li>Material: Cuero<\/li>\n<li>Color: Blanco<\/li>\n<li>Material de la Suela: Goma<\/li>\n<\/ul>","protected":false},"excerpt":{"rendered":"<p>Inspir\u00e1ndose en las zapatillas de baloncesto de los a\u00f1os 80, estas zapatillas PUMA elevan la comodidad y el estilo al siguiente nivel. Disponibles en una&#8230;<\/p>","protected":false},"featured_media":54945,"comment_status":"open","ping_status":"closed","template":"","meta":{"om_disable_all_campaigns":false,"_monsterinsights_skip_tracking":false,"_monsterinsights_sitenote_active":false,"_monsterinsights_sitenote_note":"","_monsterinsights_sitenote_category":0,"_uf_show_specific_survey":0,"_uf_disable_surveys":false,"_joinchat":[]},"etheme_brands":[],"product_brand":[],"product_cat":[159],"product_tag":[],"class_list":{"0":"post-50961","1":"product","2":"type-product","3":"status-publish","4":"has-post-thumbnail","6":"product_cat-ninos","7":"product_shipping_class-envio-a-lima-y-provincia","9":"first","10":"instock","11":"featured","12":"shipping-taxable","13":"purchasable","14":"product-type-variable"},"aioseo_notices":[],"_links":{"self":[{"href":"https:\/\/jnksport.com\/en\/wp-json\/wp\/v2\/product\/50961","targetHints":{"allow":["GET"]}}],"collection":[{"href":"https:\/\/jnksport.com\/en\/wp-json\/wp\/v2\/product"}],"about":[{"href":"https:\/\/jnksport.com\/en\/wp-json\/wp\/v2\/types\/product"}],"replies":[{"embeddable":true,"href":"https:\/\/jnksport.com\/en\/wp-json\/wp\/v2\/comments?post=50961"}],"version-history":[{"count":0,"href":"https:\/\/jnksport.com\/en\/wp-json\/wp\/v2\/product\/50961\/revisions"}],"wp:featuredmedia":[{"embeddable":true,"href":"https:\/\/jnksport.com\/en\/wp-json\/wp\/v2\/media\/54945"}],"wp:attachment":[{"href":"https:\/\/jnksport.com\/en\/wp-json\/wp\/v2\/media?parent=50961"}],"wp:term":[{"taxonomy":"brand","embeddable":true,"href":"https:\/\/jnksport.com\/en\/wp-json\/wp\/v2\/etheme_brands?post=50961"},{"taxonomy":"product_brand","embeddable":true,"href":"https:\/\/jnksport.com\/en\/wp-json\/wp\/v2\/product_brand?post=50961"},{"taxonomy":"product_cat","embeddable":true,"href":"https:\/\/jnksport.com\/en\/wp-json\/wp\/v2\/product_cat?post=50961"},{"taxonomy":"product_tag","embeddable":true,"href":"https:\/\/jnksport.com\/en\/wp-json\/wp\/v2\/product_tag?post=50961"}],"curies":[{"name":"wp","href":"https:\/\/api.w.org\/{rel}","templated":true}]}}