{"id":50993,"date":"2025-10-26T18:34:36","date_gmt":"2025-10-26T18:34:36","guid":{"rendered":"https:\/\/jnksport.com\/?post_type=product&#038;p=50993"},"modified":"2026-05-01T20:16:58","modified_gmt":"2026-05-01T20:16:58","slug":"zapatillas-skechers-tracks-tractor-tronix-407062n-gnbk-ninos","status":"publish","type":"product","link":"https:\/\/jnksport.com\/en\/product\/zapatillas-skechers-tracks-tractor-tronix-407062n-gnbk-ninos\/","title":{"rendered":"Zapatillas Skechers Tracks &#8211; Tractor-Tronix 407062N-GNBK Ni\u00f1os"},"content":{"rendered":"<div>\n<div>\n<p>Prep\u00e1rate para aventuras al aire libre con Skechers x John Deere: Skech Tracks &#8211; Tractor-Tronix. Estas zapatillas ligeras presentan una silueta inspirada en el tractor John Deere, parte superior sint\u00e9tica y de malla con cordones el\u00e1sticos, cierre adaptable Skechers y plantilla acolchada Skechers Air-Cooled Memory Foam\u00ae.<\/p>\n<p>Para los peque\u00f1os que sue\u00f1an con conducir un tractor alg\u00fan d\u00eda, ya est\u00e1 aqu\u00ed Skechers x John Deere para ni\u00f1os. Tu peque\u00f1o podr\u00e1 \u00abtrabajar\u00bb contigo con total comodidad gracias a estos divertidos modelos \u00abmini\u00bb.<br \/>\nCaracter\u00edsticas del producto<br \/>\nParte superior de malla y material sint\u00e9tico<br \/>\nCordones el\u00e1sticos con correa en el empeine<br \/>\nLavable en la lavadora<br \/>\nSuela de tracci\u00f3n flexible<br \/>\nDetalle del logotipo de Skechers\u00ae x John Deere<br \/>\nDe la colecci\u00f3n Skechers x John Deere<br \/>\nPlantilla c\u00f3moda y acolchada Skechers Air-Cooled Memory Foam\u00ae<br \/>\nCierre adaptable f\u00e1cil de poner y quitar de Skechers para un ajuste<\/p>\n<\/div>\n<\/div>\n<ul>\n<li>Marca: Skechers<\/li>\n<li>Codigo: 407062N-GNBK<\/li>\n<li>Modelo: Tracks &#8211; Tractor-Tronix<\/li>\n<li>G\u00e9nero: Ni\u00f1os<\/li>\n<li>Estilo: Urbano<\/li>\n<li>Cierre: Cordones<\/li>\n<li>Material: Textil<\/li>\n<li>Color: Verde<\/li>\n<li>Material de la Suela: Caucho<\/li>\n<\/ul>","protected":false},"excerpt":{"rendered":"<p>Prep\u00e1rate para aventuras al aire libre con Skechers x John Deere: Skech Tracks &#8211; Tractor-Tronix. Estas zapatillas ligeras presentan una silueta inspirada en el tractor&#8230;<\/p>","protected":false},"featured_media":59811,"comment_status":"open","ping_status":"closed","template":"","meta":{"om_disable_all_campaigns":false,"_monsterinsights_skip_tracking":false,"_monsterinsights_sitenote_active":false,"_monsterinsights_sitenote_note":"","_monsterinsights_sitenote_category":0,"_uf_show_specific_survey":0,"_uf_disable_surveys":false,"_joinchat":[]},"etheme_brands":[],"product_brand":[],"product_cat":[159],"product_tag":[],"class_list":{"0":"post-50993","1":"product","2":"type-product","3":"status-publish","4":"has-post-thumbnail","6":"product_cat-ninos","7":"product_shipping_class-envio-a-lima-y-provincia","9":"first","10":"instock","11":"sale","12":"featured","13":"shipping-taxable","14":"purchasable","15":"product-type-variable"},"aioseo_notices":[],"_links":{"self":[{"href":"https:\/\/jnksport.com\/en\/wp-json\/wp\/v2\/product\/50993","targetHints":{"allow":["GET"]}}],"collection":[{"href":"https:\/\/jnksport.com\/en\/wp-json\/wp\/v2\/product"}],"about":[{"href":"https:\/\/jnksport.com\/en\/wp-json\/wp\/v2\/types\/product"}],"replies":[{"embeddable":true,"href":"https:\/\/jnksport.com\/en\/wp-json\/wp\/v2\/comments?post=50993"}],"version-history":[{"count":1,"href":"https:\/\/jnksport.com\/en\/wp-json\/wp\/v2\/product\/50993\/revisions"}],"predecessor-version":[{"id":59812,"href":"https:\/\/jnksport.com\/en\/wp-json\/wp\/v2\/product\/50993\/revisions\/59812"}],"wp:featuredmedia":[{"embeddable":true,"href":"https:\/\/jnksport.com\/en\/wp-json\/wp\/v2\/media\/59811"}],"wp:attachment":[{"href":"https:\/\/jnksport.com\/en\/wp-json\/wp\/v2\/media?parent=50993"}],"wp:term":[{"taxonomy":"brand","embeddable":true,"href":"https:\/\/jnksport.com\/en\/wp-json\/wp\/v2\/etheme_brands?post=50993"},{"taxonomy":"product_brand","embeddable":true,"href":"https:\/\/jnksport.com\/en\/wp-json\/wp\/v2\/product_brand?post=50993"},{"taxonomy":"product_cat","embeddable":true,"href":"https:\/\/jnksport.com\/en\/wp-json\/wp\/v2\/product_cat?post=50993"},{"taxonomy":"product_tag","embeddable":true,"href":"https:\/\/jnksport.com\/en\/wp-json\/wp\/v2\/product_tag?post=50993"}],"curies":[{"name":"wp","href":"https:\/\/api.w.org\/{rel}","templated":true}]}}