{"id":50994,"date":"2025-10-26T18:34:36","date_gmt":"2025-10-26T18:34:36","guid":{"rendered":"https:\/\/jnksport.com\/?post_type=product&#038;p=50994"},"modified":"2026-05-01T20:21:39","modified_gmt":"2026-05-01T20:21:39","slug":"zapatillas-skechers-uno-stand-on-air-52458-blk-hombre","status":"publish","type":"product","link":"https:\/\/jnksport.com\/en\/product\/zapatillas-skechers-uno-stand-on-air-52458-blk-hombre\/","title":{"rendered":"Zapatillas Skechers Uno &#8211; Stand On Air 52458-BLK Hombre"},"content":{"rendered":"<div>\n<div>Fabricado con poli\u00e9ster y materiales sint\u00e9ticos.<br \/>\nDise\u00f1ado como una zapatilla deportiva con cordones, f\u00e1cil de usar y adecuada para el uso diario.<br \/>\nSe utiliza una parte superior sint\u00e9tica \u00abdurabuck\u00bb con una textura de cuero suave y sin patrones.<br \/>\nTiene un forro interior de tela suave.<br \/>\nSe utiliza tecnolog\u00eda de plantilla acolchada, c\u00f3moda y transpirable con espuma viscoel\u00e1stica refrigerada por aire.<br \/>\nCuenta con una entresuela de estilo cl\u00e1sico con detalles de textura en relieve.<br \/>\nTiene una suela flexible que proporciona agarre al suelo.<br \/>\nPesa 0,91 kg.<br \/>\nLa altura del tac\u00f3n es de 4,6 cm.<br \/>\nTiene un dise\u00f1o transpirable.<br \/>\nHay un logo S en el lateral.<br \/>\nCon su dise\u00f1o renovado, el nuevo miembro de la familia Uno, el SKECHERS Uno &#8211; Stand on Air, ofrece la comodidad de las cl\u00e1sicas zapatillas con c\u00e1mara de aire con un estilo renovado. Gracias a su textura de piel suave y sin estampados, realza tu elegancia en tus looks de diario. El SKECHERS Uno &#8211; Stand on Air es una de las opciones preferidas por las personas con conciencia ambiental. Todos los materiales de piel utilizados en el calzado, incluyendo la parte superior y los laterales, son sint\u00e9ticos, lo que garantiza que tus pies se mantengan en un ambiente m\u00e1s aireado durante todo el d\u00eda. El problema de transpirabilidad que presentan las pieles animales se elimina por completo gracias al cuero sint\u00e9tico. Los materiales flexibles de la suela aumentan la tracci\u00f3n y reducen la fatiga del pie durante todo el d\u00eda, mientras que las almohadillas del tal\u00f3n con c\u00e1mara de aire en la entresuela reducen los efectos de los impactos y maximizan tu comodidad. Combinado con la tecnolog\u00eda Air Cooled Memory Foam, ofrece la m\u00e1xima comodidad para tus pies. Disponible en 3 colores diferentes: blanco, verde y negro, el SKECHERS Uno &#8211; Stand on Air se convertir\u00e1 en uno de los detalles m\u00e1s importantes que realzar\u00e1n tu estilo. El dise\u00f1o del panel frontal con cordones utilizado en el zapato, que te ayuda a lucir m\u00e1s alto con su altura de tac\u00f3n de 4 cm, respalda tu elegancia y al mismo tiempo garantiza que el zapato abrace completamente tu pie.<\/div>\n<\/div>\n<ul>\n<li>Marca: Skechers<\/li>\n<li>Codigo: 52458-BLK<\/li>\n<li>Modelo: Uno &#8211; Stand On Air<\/li>\n<li>G\u00e9nero: Hombre<\/li>\n<li>Estilo: Urbano<\/li>\n<li>Cierre: Cordones<\/li>\n<li>Material: Cuero<\/li>\n<li>Color: Negro<\/li>\n<li>Material de la Suela: Sintetica<\/li>\n<\/ul>","protected":false},"excerpt":{"rendered":"<p>Fabricado con poli\u00e9ster y materiales sint\u00e9ticos. Dise\u00f1ado como una zapatilla deportiva con cordones, f\u00e1cil de usar y adecuada para el uso diario. Se utiliza una&#8230;<\/p>","protected":false},"featured_media":59813,"comment_status":"open","ping_status":"closed","template":"","meta":{"om_disable_all_campaigns":false,"_monsterinsights_skip_tracking":false,"_monsterinsights_sitenote_active":false,"_monsterinsights_sitenote_note":"","_monsterinsights_sitenote_category":0,"_uf_show_specific_survey":0,"_uf_disable_surveys":false,"_joinchat":[]},"etheme_brands":[],"product_brand":[],"product_cat":[19],"product_tag":[],"class_list":{"0":"post-50994","1":"product","2":"type-product","3":"status-publish","4":"has-post-thumbnail","6":"product_cat-hombre","7":"product_shipping_class-envio-a-lima-y-provincia","9":"first","10":"instock","11":"sale","12":"featured","13":"shipping-taxable","14":"purchasable","15":"product-type-variable"},"aioseo_notices":[],"_links":{"self":[{"href":"https:\/\/jnksport.com\/en\/wp-json\/wp\/v2\/product\/50994","targetHints":{"allow":["GET"]}}],"collection":[{"href":"https:\/\/jnksport.com\/en\/wp-json\/wp\/v2\/product"}],"about":[{"href":"https:\/\/jnksport.com\/en\/wp-json\/wp\/v2\/types\/product"}],"replies":[{"embeddable":true,"href":"https:\/\/jnksport.com\/en\/wp-json\/wp\/v2\/comments?post=50994"}],"version-history":[{"count":1,"href":"https:\/\/jnksport.com\/en\/wp-json\/wp\/v2\/product\/50994\/revisions"}],"predecessor-version":[{"id":59814,"href":"https:\/\/jnksport.com\/en\/wp-json\/wp\/v2\/product\/50994\/revisions\/59814"}],"wp:featuredmedia":[{"embeddable":true,"href":"https:\/\/jnksport.com\/en\/wp-json\/wp\/v2\/media\/59813"}],"wp:attachment":[{"href":"https:\/\/jnksport.com\/en\/wp-json\/wp\/v2\/media?parent=50994"}],"wp:term":[{"taxonomy":"brand","embeddable":true,"href":"https:\/\/jnksport.com\/en\/wp-json\/wp\/v2\/etheme_brands?post=50994"},{"taxonomy":"product_brand","embeddable":true,"href":"https:\/\/jnksport.com\/en\/wp-json\/wp\/v2\/product_brand?post=50994"},{"taxonomy":"product_cat","embeddable":true,"href":"https:\/\/jnksport.com\/en\/wp-json\/wp\/v2\/product_cat?post=50994"},{"taxonomy":"product_tag","embeddable":true,"href":"https:\/\/jnksport.com\/en\/wp-json\/wp\/v2\/product_tag?post=50994"}],"curies":[{"name":"wp","href":"https:\/\/api.w.org\/{rel}","templated":true}]}}