{"id":50995,"date":"2025-10-26T18:34:36","date_gmt":"2025-10-26T18:34:36","guid":{"rendered":"https:\/\/jnksport.com\/?post_type=product&#038;p=50995"},"modified":"2026-04-25T18:56:22","modified_gmt":"2026-04-25T18:56:22","slug":"zapatillas-nike-cortez-dm4044-113-hombre","status":"publish","type":"product","link":"https:\/\/jnksport.com\/en\/product\/zapatillas-nike-cortez-dm4044-113-hombre\/","title":{"rendered":"Zapatillas Nike Cortez DM4044-113 Hombre"},"content":{"rendered":"<div>\n<div>\n<p>Fue 1972. Hoy es 2023. A veces, m\u00e1s es mejor. Para redise\u00f1ar este look venerado, lo renovamos con una punta m\u00e1s amplia y paneles laterales m\u00e1s firmes para que puedas usarlo c\u00f3modamente d\u00eda tras d\u00eda. Los materiales redise\u00f1ados ayudan a prevenir la deformaci\u00f3n y agregan durabilidad, mientras mantienen la forma cl\u00e1sica del a\u00f1o 72 de la que te enamoraste. Am\u00e1rrate las agujetas, porque la tradici\u00f3n sigue mejorando.<\/p>\n<p>Beneficios<\/p>\n<p>Los materiales redise\u00f1ados, como el cuero y los textiles, mantienen el look y la forma que te encantan y ayudan a prevenir la deformaci\u00f3n.<br \/>\nLos paneles laterales m\u00e1s firmes ayudan a mantener el pie en su lugar.<br \/>\nLa entresuela de espuma con una inserci\u00f3n de cu\u00f1a ic\u00f3nica ofrece comodidad desde el principio.<br \/>\nEl patr\u00f3n gr\u00e1fico de espiguilla en la suela brinda tracci\u00f3n duradera y un estilo de herencia.<br \/>\nEl cuello acolchado de corte low luce elegante y se siente extraordinariamente bien.<\/p>\n<p>Or\u00edgenes del Cortez<\/p>\n<p>El cofundador Bill Bowerman dise\u00f1\u00f3 el Nike Cortez en 1972 para que fuera m\u00e1s ligero y c\u00f3modo que cualquier otro. R\u00e1pidamente, se convirti\u00f3 en el calzado de running m\u00e1s popular del pa\u00eds y se ha transformado en un \u00edcono indiscutido, entretejido en la historia de la cultura pop.<\/p>\n<\/div>\n<\/div>\n<ul>\n<li>Marca: Nike<\/li>\n<li>Codigo: DM4044-113<\/li>\n<li>Modelo: Cortez<\/li>\n<li>G\u00e9nero: Hombre<\/li>\n<li>Estilo: Urbano<\/li>\n<li>Cierre: Cordones<\/li>\n<li>Material: Cuero<\/li>\n<li>Color: Blanco<\/li>\n<li>Material de la Suela: Goma<\/li>\n<\/ul>","protected":false},"excerpt":{"rendered":"<p>Fue 1972. Hoy es 2023. A veces, m\u00e1s es mejor. Para redise\u00f1ar este look venerado, lo renovamos con una punta m\u00e1s amplia y paneles laterales&#8230;<\/p>","protected":false},"featured_media":59412,"comment_status":"open","ping_status":"closed","template":"","meta":{"om_disable_all_campaigns":false,"_monsterinsights_skip_tracking":false,"_monsterinsights_sitenote_active":false,"_monsterinsights_sitenote_note":"","_monsterinsights_sitenote_category":0,"_uf_show_specific_survey":0,"_uf_disable_surveys":false,"_joinchat":[]},"etheme_brands":[],"product_brand":[],"product_cat":[19],"product_tag":[],"class_list":{"0":"post-50995","1":"product","2":"type-product","3":"status-publish","4":"has-post-thumbnail","6":"product_cat-hombre","7":"product_shipping_class-envio-a-lima-y-provincia","9":"first","10":"instock","11":"sale","12":"featured","13":"shipping-taxable","14":"purchasable","15":"product-type-variable"},"aioseo_notices":[],"_links":{"self":[{"href":"https:\/\/jnksport.com\/en\/wp-json\/wp\/v2\/product\/50995","targetHints":{"allow":["GET"]}}],"collection":[{"href":"https:\/\/jnksport.com\/en\/wp-json\/wp\/v2\/product"}],"about":[{"href":"https:\/\/jnksport.com\/en\/wp-json\/wp\/v2\/types\/product"}],"replies":[{"embeddable":true,"href":"https:\/\/jnksport.com\/en\/wp-json\/wp\/v2\/comments?post=50995"}],"version-history":[{"count":1,"href":"https:\/\/jnksport.com\/en\/wp-json\/wp\/v2\/product\/50995\/revisions"}],"predecessor-version":[{"id":59413,"href":"https:\/\/jnksport.com\/en\/wp-json\/wp\/v2\/product\/50995\/revisions\/59413"}],"wp:featuredmedia":[{"embeddable":true,"href":"https:\/\/jnksport.com\/en\/wp-json\/wp\/v2\/media\/59412"}],"wp:attachment":[{"href":"https:\/\/jnksport.com\/en\/wp-json\/wp\/v2\/media?parent=50995"}],"wp:term":[{"taxonomy":"brand","embeddable":true,"href":"https:\/\/jnksport.com\/en\/wp-json\/wp\/v2\/etheme_brands?post=50995"},{"taxonomy":"product_brand","embeddable":true,"href":"https:\/\/jnksport.com\/en\/wp-json\/wp\/v2\/product_brand?post=50995"},{"taxonomy":"product_cat","embeddable":true,"href":"https:\/\/jnksport.com\/en\/wp-json\/wp\/v2\/product_cat?post=50995"},{"taxonomy":"product_tag","embeddable":true,"href":"https:\/\/jnksport.com\/en\/wp-json\/wp\/v2\/product_tag?post=50995"}],"curies":[{"name":"wp","href":"https:\/\/api.w.org\/{rel}","templated":true}]}}