{"id":50996,"date":"2025-10-26T18:34:36","date_gmt":"2025-10-26T18:34:36","guid":{"rendered":"https:\/\/jnksport.com\/?post_type=product&#038;p=50996"},"modified":"2026-04-29T22:32:10","modified_gmt":"2026-04-29T22:32:10","slug":"zapatillas-nike-tiempo-legend-10-club-dv4355-002-ninos","status":"publish","type":"product","link":"https:\/\/jnksport.com\/en\/product\/zapatillas-nike-tiempo-legend-10-club-dv4355-002-ninos\/","title":{"rendered":"Zapatillas Nike Tiempo Legend 10 Club DV4355-002 Ni\u00f1os"},"content":{"rendered":"<div>\n<div>\n<p>Incluso las leyendas encuentran la manera de evolucionar. Si apenas comienzas o solo juegas para divertirte, la versi\u00f3n m\u00e1s reciente de estos tacos de f\u00fatbol Club te lleva a la cancha sin comprometer la calidad. El cuero sint\u00e9tico se adapta al pie y no se estira de m\u00e1s, as\u00ed ofrece un mejor control. M\u00e1s ligeros y elegantes que cualquier otro Tiempo hasta la fecha, los Legend 10 son para cualquier posici\u00f3n en el campo, ya sea que des un pase milim\u00e9trico a trav\u00e9s de la defensa o regreses para detener un contraataque.<\/p>\n<p>Toque amplificado<\/p>\n<p>El cuero sint\u00e9tico moldeado da una sensaci\u00f3n acolchada para brindar un mejor toque.<\/p>\n<p>Ajuste natural y adaptable<\/p>\n<p>El cuero sint\u00e9tico se amolda al pie y brinda un mejor control para mantener la comodidad durante el partido.<\/p>\n<p>Tracci\u00f3n para el pasto sint\u00e9tico (turf)<\/p>\n<p>El patr\u00f3n de la suela te brinda tracci\u00f3n para superficies de pasto sint\u00e9tico (turf).<\/p>\n<p>Datos del producto<\/p>\n<p>Para usar en superficies sint\u00e9ticas de pasto m\u00e1s corto<br \/>\nPlantilla con amortiguaci\u00f3n<br \/>\nColor que se muestra: Negro<\/p>\n<\/div>\n<\/div>\n<ul>\n<li>Marca: Nike<\/li>\n<li>Codigo: DV4355-002<\/li>\n<li>Modelo: Tiempo Legend 10 Club<\/li>\n<li>G\u00e9nero: Ni\u00f1os<\/li>\n<li>Estilo: Deportivo<\/li>\n<li>Cierre: Cordones<\/li>\n<li>Material: Cuero<\/li>\n<li>Color: Negro<\/li>\n<li>Material de la Suela: Goma<\/li>\n<\/ul>","protected":false},"excerpt":{"rendered":"<p>Incluso las leyendas encuentran la manera de evolucionar. Si apenas comienzas o solo juegas para divertirte, la versi\u00f3n m\u00e1s reciente de estos tacos de f\u00fatbol&#8230;<\/p>","protected":false},"featured_media":59414,"comment_status":"open","ping_status":"closed","template":"","meta":{"om_disable_all_campaigns":false,"_monsterinsights_skip_tracking":false,"_monsterinsights_sitenote_active":false,"_monsterinsights_sitenote_note":"","_monsterinsights_sitenote_category":0,"_uf_show_specific_survey":0,"_uf_disable_surveys":false,"_joinchat":[]},"etheme_brands":[],"product_brand":[],"product_cat":[159],"product_tag":[],"class_list":{"0":"post-50996","1":"product","2":"type-product","3":"status-publish","4":"has-post-thumbnail","6":"product_cat-ninos","7":"product_shipping_class-envio-a-lima-y-provincia","9":"first","10":"instock","11":"featured","12":"shipping-taxable","13":"purchasable","14":"product-type-variable"},"aioseo_notices":[],"_links":{"self":[{"href":"https:\/\/jnksport.com\/en\/wp-json\/wp\/v2\/product\/50996","targetHints":{"allow":["GET"]}}],"collection":[{"href":"https:\/\/jnksport.com\/en\/wp-json\/wp\/v2\/product"}],"about":[{"href":"https:\/\/jnksport.com\/en\/wp-json\/wp\/v2\/types\/product"}],"replies":[{"embeddable":true,"href":"https:\/\/jnksport.com\/en\/wp-json\/wp\/v2\/comments?post=50996"}],"version-history":[{"count":1,"href":"https:\/\/jnksport.com\/en\/wp-json\/wp\/v2\/product\/50996\/revisions"}],"predecessor-version":[{"id":59415,"href":"https:\/\/jnksport.com\/en\/wp-json\/wp\/v2\/product\/50996\/revisions\/59415"}],"wp:featuredmedia":[{"embeddable":true,"href":"https:\/\/jnksport.com\/en\/wp-json\/wp\/v2\/media\/59414"}],"wp:attachment":[{"href":"https:\/\/jnksport.com\/en\/wp-json\/wp\/v2\/media?parent=50996"}],"wp:term":[{"taxonomy":"brand","embeddable":true,"href":"https:\/\/jnksport.com\/en\/wp-json\/wp\/v2\/etheme_brands?post=50996"},{"taxonomy":"product_brand","embeddable":true,"href":"https:\/\/jnksport.com\/en\/wp-json\/wp\/v2\/product_brand?post=50996"},{"taxonomy":"product_cat","embeddable":true,"href":"https:\/\/jnksport.com\/en\/wp-json\/wp\/v2\/product_cat?post=50996"},{"taxonomy":"product_tag","embeddable":true,"href":"https:\/\/jnksport.com\/en\/wp-json\/wp\/v2\/product_tag?post=50996"}],"curies":[{"name":"wp","href":"https:\/\/api.w.org\/{rel}","templated":true}]}}