{"id":51028,"date":"2025-10-26T18:34:42","date_gmt":"2025-10-26T18:34:42","guid":{"rendered":"https:\/\/jnksport.com\/?post_type=product&#038;p=51028"},"modified":"2026-04-27T17:48:26","modified_gmt":"2026-04-27T17:48:26","slug":"zapatillas-nike-quest-6-fd6033-006-hombre","status":"publish","type":"product","link":"https:\/\/jnksport.com\/en\/product\/zapatillas-nike-quest-6-fd6033-006-hombre\/","title":{"rendered":"Zapatillas Nike Quest 6 FD6033-006 Hombre"},"content":{"rendered":"<div>\n<div>Las Nike Quest 6 son para corredores de todos los niveles. Pero no te equivoques, no son para principiantes. Una banda de ajuste en el mediopi\u00e9, s\u00faper c\u00f3moda y con gran soporte, te ayuda a mantener la estabilidad durante tus kil\u00f3metros. Adem\u00e1s, la espuma supersuave de la entresuela amortigua cada paso.<br \/>\nBeneficios<br \/>\nLa banda de ajuste del mediopi\u00e9 ayuda a mantener el pie m\u00e1s seguro cuanto m\u00e1s apretados est\u00e9n los cordones.<br \/>\nLa mayor altura de la entresuela significa una pisada m\u00e1s suave y con mayor capacidad de respuesta en comparaci\u00f3n con el Quest 5.<br \/>\nLa suela de goma tiene la tracci\u00f3n para ayudar a mantener los pies pegados al pavimento.<br \/>\nDetalles del producto<br \/>\nColor mostrado: Gris f\u00fatbol\/Azul rel\u00e1mpago\/Violeta persa\/Azul vac\u00edo<\/div>\n<\/div>\n<ul>\n<li>Marca: Nike<\/li>\n<li>Codigo: FD6033-006<\/li>\n<li>Modelo: Quest 6<\/li>\n<li>G\u00e9nero: Hombre<\/li>\n<li>Estilo: Deportivo<\/li>\n<li>Cierre: Cordones<\/li>\n<li>Material: Textil<\/li>\n<li>Color: Blanco<\/li>\n<li>Material de la Suela: Goma<\/li>\n<\/ul>","protected":false},"excerpt":{"rendered":"<p>Las Nike Quest 6 son para corredores de todos los niveles. Pero no te equivoques, no son para principiantes. Una banda de ajuste en el&#8230;<\/p>","protected":false},"featured_media":59472,"comment_status":"open","ping_status":"closed","template":"","meta":{"om_disable_all_campaigns":false,"_monsterinsights_skip_tracking":false,"_monsterinsights_sitenote_active":false,"_monsterinsights_sitenote_note":"","_monsterinsights_sitenote_category":0,"_uf_show_specific_survey":0,"_uf_disable_surveys":false,"_joinchat":[]},"etheme_brands":[],"product_brand":[],"product_cat":[19],"product_tag":[],"class_list":{"0":"post-51028","1":"product","2":"type-product","3":"status-publish","4":"has-post-thumbnail","6":"product_cat-hombre","7":"product_shipping_class-envio-a-lima-y-provincia","9":"first","10":"instock","11":"sale","12":"featured","13":"shipping-taxable","14":"purchasable","15":"product-type-variable"},"aioseo_notices":[],"_links":{"self":[{"href":"https:\/\/jnksport.com\/en\/wp-json\/wp\/v2\/product\/51028","targetHints":{"allow":["GET"]}}],"collection":[{"href":"https:\/\/jnksport.com\/en\/wp-json\/wp\/v2\/product"}],"about":[{"href":"https:\/\/jnksport.com\/en\/wp-json\/wp\/v2\/types\/product"}],"replies":[{"embeddable":true,"href":"https:\/\/jnksport.com\/en\/wp-json\/wp\/v2\/comments?post=51028"}],"version-history":[{"count":1,"href":"https:\/\/jnksport.com\/en\/wp-json\/wp\/v2\/product\/51028\/revisions"}],"predecessor-version":[{"id":59473,"href":"https:\/\/jnksport.com\/en\/wp-json\/wp\/v2\/product\/51028\/revisions\/59473"}],"wp:featuredmedia":[{"embeddable":true,"href":"https:\/\/jnksport.com\/en\/wp-json\/wp\/v2\/media\/59472"}],"wp:attachment":[{"href":"https:\/\/jnksport.com\/en\/wp-json\/wp\/v2\/media?parent=51028"}],"wp:term":[{"taxonomy":"brand","embeddable":true,"href":"https:\/\/jnksport.com\/en\/wp-json\/wp\/v2\/etheme_brands?post=51028"},{"taxonomy":"product_brand","embeddable":true,"href":"https:\/\/jnksport.com\/en\/wp-json\/wp\/v2\/product_brand?post=51028"},{"taxonomy":"product_cat","embeddable":true,"href":"https:\/\/jnksport.com\/en\/wp-json\/wp\/v2\/product_cat?post=51028"},{"taxonomy":"product_tag","embeddable":true,"href":"https:\/\/jnksport.com\/en\/wp-json\/wp\/v2\/product_tag?post=51028"}],"curies":[{"name":"wp","href":"https:\/\/api.w.org\/{rel}","templated":true}]}}