{"id":51030,"date":"2025-10-26T18:34:42","date_gmt":"2025-10-26T18:34:42","guid":{"rendered":"https:\/\/jnksport.com\/?post_type=product&#038;p=51030"},"modified":"2026-04-29T22:32:10","modified_gmt":"2026-04-29T22:32:10","slug":"zapatillas-nike-vapor-16-academy-kylian-mbappe-fq8384-500-hombre","status":"publish","type":"product","link":"https:\/\/jnksport.com\/en\/product\/zapatillas-nike-vapor-16-academy-kylian-mbappe-fq8384-500-hombre\/","title":{"rendered":"Zapatillas Nike Vapor 16 Academy \u00abKylian Mbapp\u00e9\u00bb FQ8384-500 Hombre"},"content":{"rendered":"<div>\n<div>\n<p>\u00bfQuieres llevar tu velocidad al siguiente nivel? Confeccionamos estos tacos Academy con una unidad Air Zoom mejorada en el tal\u00f3n. Les ofrecen a ti y a Kylian Mbapp\u00e9 la propulsi\u00f3n necesaria para abrirse paso desde la l\u00ednea de fondo. El resultado son los Mercurial m\u00e1s responsivos que hemos creado hasta la fecha, para que puedas dictar el ritmo durante todo el partido.<\/p>\n<p>Toque amplificado<\/p>\n<p>La parte superior est\u00e1 confeccionada con NikeSkin con dise\u00f1o chevron incorporado para proporcionar un mayor control del bal\u00f3n y ofrecer una sensaci\u00f3n de f\u00fatbol natural.<\/p>\n<p>Tracci\u00f3n r\u00e1pida<\/p>\n<p>La suela de goma est\u00e1 dise\u00f1ada para brindar tracci\u00f3n en superficies de pasto sint\u00e9tico (turf).<\/p>\n<p>Ajuste ce\u00f1ido<\/p>\n<p>Hemos actualizado la malla el\u00e1stica de la generaci\u00f3n anterior con un tejido Knit adaptable que ofrece flexibilidad, sujeci\u00f3n y un mayor contacto con el bal\u00f3n.<\/p>\n<p>Datos del producto<\/p>\n<p>Para usar en superficies sint\u00e9ticas de pasto m\u00e1s corto<br \/>\nPlantilla con amortiguaci\u00f3n<br \/>\nColor que se muestra: Morado<\/p>\n<\/div>\n<\/div>\n<ul>\n<li>Marca: Nike<\/li>\n<li>Codigo: FQ8384-500<\/li>\n<li>Modelo: Vapor 16 Academy \u00abKylian Mbapp\u00e9\u00bb<\/li>\n<li>G\u00e9nero: Hombre<\/li>\n<li>Estilo: Deportivo<\/li>\n<li>Cierre: Cordones<\/li>\n<li>Material: Cuero<\/li>\n<li>Color: Morado<\/li>\n<li>Material de la Suela: Goma<\/li>\n<\/ul>","protected":false},"excerpt":{"rendered":"<p>\u00bfQuieres llevar tu velocidad al siguiente nivel? Confeccionamos estos tacos Academy con una unidad Air Zoom mejorada en el tal\u00f3n. Les ofrecen a ti y&#8230;<\/p>","protected":false},"featured_media":54903,"comment_status":"open","ping_status":"closed","template":"","meta":{"om_disable_all_campaigns":false,"_monsterinsights_skip_tracking":false,"_monsterinsights_sitenote_active":false,"_monsterinsights_sitenote_note":"","_monsterinsights_sitenote_category":0,"_uf_show_specific_survey":0,"_uf_disable_surveys":false,"_joinchat":[]},"etheme_brands":[],"product_brand":[],"product_cat":[19],"product_tag":[],"class_list":{"0":"post-51030","1":"product","2":"type-product","3":"status-publish","4":"has-post-thumbnail","6":"product_cat-hombre","7":"product_shipping_class-envio-a-lima-y-provincia","9":"first","10":"instock","11":"sale","12":"featured","13":"shipping-taxable","14":"purchasable","15":"product-type-variable"},"aioseo_notices":[],"_links":{"self":[{"href":"https:\/\/jnksport.com\/en\/wp-json\/wp\/v2\/product\/51030","targetHints":{"allow":["GET"]}}],"collection":[{"href":"https:\/\/jnksport.com\/en\/wp-json\/wp\/v2\/product"}],"about":[{"href":"https:\/\/jnksport.com\/en\/wp-json\/wp\/v2\/types\/product"}],"replies":[{"embeddable":true,"href":"https:\/\/jnksport.com\/en\/wp-json\/wp\/v2\/comments?post=51030"}],"version-history":[{"count":0,"href":"https:\/\/jnksport.com\/en\/wp-json\/wp\/v2\/product\/51030\/revisions"}],"wp:featuredmedia":[{"embeddable":true,"href":"https:\/\/jnksport.com\/en\/wp-json\/wp\/v2\/media\/54903"}],"wp:attachment":[{"href":"https:\/\/jnksport.com\/en\/wp-json\/wp\/v2\/media?parent=51030"}],"wp:term":[{"taxonomy":"brand","embeddable":true,"href":"https:\/\/jnksport.com\/en\/wp-json\/wp\/v2\/etheme_brands?post=51030"},{"taxonomy":"product_brand","embeddable":true,"href":"https:\/\/jnksport.com\/en\/wp-json\/wp\/v2\/product_brand?post=51030"},{"taxonomy":"product_cat","embeddable":true,"href":"https:\/\/jnksport.com\/en\/wp-json\/wp\/v2\/product_cat?post=51030"},{"taxonomy":"product_tag","embeddable":true,"href":"https:\/\/jnksport.com\/en\/wp-json\/wp\/v2\/product_tag?post=51030"}],"curies":[{"name":"wp","href":"https:\/\/api.w.org\/{rel}","templated":true}]}}