{"id":51062,"date":"2025-10-26T18:34:47","date_gmt":"2025-10-26T18:34:47","guid":{"rendered":"https:\/\/jnksport.com\/?post_type=product&#038;p=51062"},"modified":"2026-04-29T22:32:10","modified_gmt":"2026-04-29T22:32:10","slug":"zapatillas-nike-revolution-8-hj9198-402-hombre","status":"publish","type":"product","link":"https:\/\/jnksport.com\/en\/product\/zapatillas-nike-revolution-8-hj9198-402-hombre\/","title":{"rendered":"Zapatillas Nike Revolution 8 HJ9198-402 Hombre"},"content":{"rendered":"<div>\n<div>\n<p>Marca el ritmo al comenzar la experiencia de correr con la suavidad de los Nike Revolution 8. La comodidad es clave para una carrera exitosa, as\u00ed que nos aseguramos de que cada paso sea amortiguado y flexible para brindar una pisada suave. Son la evoluci\u00f3n de un favorito, con un dise\u00f1o transpirable.<\/p>\n<p>Caracter\u00edsticas principales<\/p>\n<p>Los puntos de contacto en el tal\u00f3n y la leng\u00fceta crean una sensaci\u00f3n natural al ponerte y quitarte los tenis.<br \/>\nLa suela tiene un dise\u00f1o Nike intuitivo y ranuras flexibles que crean un efecto c\u00f3modo y amortiguado mientras corres.<\/p>\n<p>Datos del producto<\/p>\n<p>Ca\u00edda del tal\u00f3n a la punta: 10 mm<br \/>\nParte superior de malla transpirable<br \/>\nEntresuela de espuma<\/p>\n<\/div>\n<\/div>\n<ul>\n<li>Marca: Nike<\/li>\n<li>Codigo: HJ9198-402<\/li>\n<li>Modelo: Revolution 8<\/li>\n<li>G\u00e9nero: Hombre<\/li>\n<li>Estilo: Deportivo<\/li>\n<li>Cierre: Cordones<\/li>\n<li>Material: Textil<\/li>\n<li>Color: Turquesa<\/li>\n<li>Material de la Suela: Goma<\/li>\n<\/ul>","protected":false},"excerpt":{"rendered":"<p>Marca el ritmo al comenzar la experiencia de correr con la suavidad de los Nike Revolution 8. La comodidad es clave para una carrera exitosa,&#8230;<\/p>","protected":false},"featured_media":59407,"comment_status":"open","ping_status":"closed","template":"","meta":{"om_disable_all_campaigns":false,"_monsterinsights_skip_tracking":false,"_monsterinsights_sitenote_active":false,"_monsterinsights_sitenote_note":"","_monsterinsights_sitenote_category":0,"_uf_show_specific_survey":0,"_uf_disable_surveys":false,"_joinchat":[]},"etheme_brands":[],"product_brand":[],"product_cat":[19],"product_tag":[],"class_list":{"0":"post-51062","1":"product","2":"type-product","3":"status-publish","4":"has-post-thumbnail","6":"product_cat-hombre","7":"product_shipping_class-envio-a-lima-y-provincia","9":"first","10":"instock","11":"featured","12":"shipping-taxable","13":"purchasable","14":"product-type-variable"},"aioseo_notices":[],"_links":{"self":[{"href":"https:\/\/jnksport.com\/en\/wp-json\/wp\/v2\/product\/51062","targetHints":{"allow":["GET"]}}],"collection":[{"href":"https:\/\/jnksport.com\/en\/wp-json\/wp\/v2\/product"}],"about":[{"href":"https:\/\/jnksport.com\/en\/wp-json\/wp\/v2\/types\/product"}],"replies":[{"embeddable":true,"href":"https:\/\/jnksport.com\/en\/wp-json\/wp\/v2\/comments?post=51062"}],"version-history":[{"count":1,"href":"https:\/\/jnksport.com\/en\/wp-json\/wp\/v2\/product\/51062\/revisions"}],"predecessor-version":[{"id":59408,"href":"https:\/\/jnksport.com\/en\/wp-json\/wp\/v2\/product\/51062\/revisions\/59408"}],"wp:featuredmedia":[{"embeddable":true,"href":"https:\/\/jnksport.com\/en\/wp-json\/wp\/v2\/media\/59407"}],"wp:attachment":[{"href":"https:\/\/jnksport.com\/en\/wp-json\/wp\/v2\/media?parent=51062"}],"wp:term":[{"taxonomy":"brand","embeddable":true,"href":"https:\/\/jnksport.com\/en\/wp-json\/wp\/v2\/etheme_brands?post=51062"},{"taxonomy":"product_brand","embeddable":true,"href":"https:\/\/jnksport.com\/en\/wp-json\/wp\/v2\/product_brand?post=51062"},{"taxonomy":"product_cat","embeddable":true,"href":"https:\/\/jnksport.com\/en\/wp-json\/wp\/v2\/product_cat?post=51062"},{"taxonomy":"product_tag","embeddable":true,"href":"https:\/\/jnksport.com\/en\/wp-json\/wp\/v2\/product_tag?post=51062"}],"curies":[{"name":"wp","href":"https:\/\/api.w.org\/{rel}","templated":true}]}}