{"id":51063,"date":"2025-10-26T18:34:47","date_gmt":"2025-10-26T18:34:47","guid":{"rendered":"https:\/\/jnksport.com\/?post_type=product&#038;p=51063"},"modified":"2026-04-25T18:38:00","modified_gmt":"2026-04-25T18:38:00","slug":"zapatillas-nike-pacific-hm4771-105-mujer","status":"publish","type":"product","link":"https:\/\/jnksport.com\/en\/product\/zapatillas-nike-pacific-hm4771-105-mujer\/","title":{"rendered":"Zapatillas Nike Pacific HM4771-105 Mujer"},"content":{"rendered":"<div>\n<div>\n<p>Los Nike Pacific est\u00e1n inspirados en los estilos retro para ofrecerte un nuevo tipo de look de perfil bajo. La malla y la gamuza est\u00e1n rematadas con un logotipo Swoosh en relieve y la suela de espiguilla con ranuras flexibles a\u00f1ade el estilo de los 70 con un toque especial.<\/p>\n<p>Beneficios<\/p>\n<p>La malla y la gamuza crean un look a capas duradero.<br \/>\nLa abertura ancha del cuello captura las proporciones del estilo de correr de los a\u00f1os 70.<br \/>\nLa suela de goma de espiguilla con ranuras flexibles proporciona agarre desde el tal\u00f3n hasta la punta.<\/p>\n<p>Datos del producto<\/p>\n<p>Logotipo Swoosh en relieve<br \/>\nEntresuela de espuma<br \/>\nColor que se muestra: Blanco<\/p>\n<\/div>\n<\/div>\n<ul>\n<li>Marca: Nike<\/li>\n<li>Codigo: HM4771-105<\/li>\n<li>Modelo: Pacific<\/li>\n<li>G\u00e9nero: Mujer<\/li>\n<li>Estilo: Urbano<\/li>\n<li>Cierre: Cordones<\/li>\n<li>Material: Cuero<\/li>\n<li>Color: Blanco<\/li>\n<li>Material de la Suela: Goma<\/li>\n<\/ul>","protected":false},"excerpt":{"rendered":"<p>Los Nike Pacific est\u00e1n inspirados en los estilos retro para ofrecerte un nuevo tipo de look de perfil bajo. La malla y la gamuza est\u00e1n&#8230;<\/p>","protected":false},"featured_media":59405,"comment_status":"open","ping_status":"closed","template":"","meta":{"om_disable_all_campaigns":false,"_monsterinsights_skip_tracking":false,"_monsterinsights_sitenote_active":false,"_monsterinsights_sitenote_note":"","_monsterinsights_sitenote_category":0,"_uf_show_specific_survey":0,"_uf_disable_surveys":false,"_joinchat":[]},"etheme_brands":[],"product_brand":[],"product_cat":[18],"product_tag":[],"class_list":{"0":"post-51063","1":"product","2":"type-product","3":"status-publish","4":"has-post-thumbnail","6":"product_cat-mujer","7":"product_shipping_class-envio-a-lima-y-provincia","9":"first","10":"instock","11":"sale","12":"featured","13":"shipping-taxable","14":"purchasable","15":"product-type-variable"},"aioseo_notices":[],"_links":{"self":[{"href":"https:\/\/jnksport.com\/en\/wp-json\/wp\/v2\/product\/51063","targetHints":{"allow":["GET"]}}],"collection":[{"href":"https:\/\/jnksport.com\/en\/wp-json\/wp\/v2\/product"}],"about":[{"href":"https:\/\/jnksport.com\/en\/wp-json\/wp\/v2\/types\/product"}],"replies":[{"embeddable":true,"href":"https:\/\/jnksport.com\/en\/wp-json\/wp\/v2\/comments?post=51063"}],"version-history":[{"count":1,"href":"https:\/\/jnksport.com\/en\/wp-json\/wp\/v2\/product\/51063\/revisions"}],"predecessor-version":[{"id":59406,"href":"https:\/\/jnksport.com\/en\/wp-json\/wp\/v2\/product\/51063\/revisions\/59406"}],"wp:featuredmedia":[{"embeddable":true,"href":"https:\/\/jnksport.com\/en\/wp-json\/wp\/v2\/media\/59405"}],"wp:attachment":[{"href":"https:\/\/jnksport.com\/en\/wp-json\/wp\/v2\/media?parent=51063"}],"wp:term":[{"taxonomy":"brand","embeddable":true,"href":"https:\/\/jnksport.com\/en\/wp-json\/wp\/v2\/etheme_brands?post=51063"},{"taxonomy":"product_brand","embeddable":true,"href":"https:\/\/jnksport.com\/en\/wp-json\/wp\/v2\/product_brand?post=51063"},{"taxonomy":"product_cat","embeddable":true,"href":"https:\/\/jnksport.com\/en\/wp-json\/wp\/v2\/product_cat?post=51063"},{"taxonomy":"product_tag","embeddable":true,"href":"https:\/\/jnksport.com\/en\/wp-json\/wp\/v2\/product_tag?post=51063"}],"curies":[{"name":"wp","href":"https:\/\/api.w.org\/{rel}","templated":true}]}}