{"id":51128,"date":"2025-10-26T18:34:59","date_gmt":"2025-10-26T18:34:59","guid":{"rendered":"https:\/\/jnksport.com\/?post_type=product&#038;p=51128"},"modified":"2026-04-29T22:32:13","modified_gmt":"2026-04-29T22:32:13","slug":"zapatillas-nike-court-vision-low-hv5246-100-mujer","status":"publish","type":"product","link":"https:\/\/jnksport.com\/en\/product\/zapatillas-nike-court-vision-low-hv5246-100-mujer\/","title":{"rendered":"Zapatillas Nike Court Vision Low HV5246-100 Mujer"},"content":{"rendered":"<div>\n<div>\n<p>NIKE COURT VISION LOW NEXT NATURE<\/p>\n<p>\u00bfAmas el look cl\u00e1sico del b\u00e1squetbol de los a\u00f1os 80, pero te atrae la cultura acelerada del deporte actual? Te presentamos los Court Vision Low. Mantienen el alma de los originales con un cuero impecable y una suela cupsole de goma que se destaca en algunos de los dise\u00f1os m\u00e1s ic\u00f3nicos del pasado.<\/p>\n<p>Beneficios<\/p>\n<p>La parte superior de cuero sint\u00e9tico se suaviza y adquiere un car\u00e1cter vintage con el uso.<br \/>\nLas perforaciones en la punta y los costados ofrecen una mayor transpirabilidad.<br \/>\nLa suela de goma cuenta con una costura que rodea toda la suela tipo cupsole, lo cual brinda durabilidad excepcional.<br \/>\nEl cuello acolchado de corte low luce elegante y se siente extraordinariamente bien.<\/p>\n<p>Datos del producto<\/p>\n<p>Entresuela de espuma<br \/>\nSuela de goma<\/p>\n<\/div>\n<\/div>\n<ul>\n<li>Marca: Nike<\/li>\n<li>Codigo: HV5246-100<\/li>\n<li>Modelo: Court Vision Low<\/li>\n<li>G\u00e9nero: Mujer<\/li>\n<li>Estilo: Urbano<\/li>\n<li>Cierre: Cordones<\/li>\n<li>Material: Cuero<\/li>\n<li>Color: Blanco<\/li>\n<li>Material de la Suela: Goma<\/li>\n<\/ul>","protected":false},"excerpt":{"rendered":"<p>NIKE COURT VISION LOW NEXT NATURE \u00bfAmas el look cl\u00e1sico del b\u00e1squetbol de los a\u00f1os 80, pero te atrae la cultura acelerada del deporte actual?&#8230;<\/p>","protected":false},"featured_media":59341,"comment_status":"open","ping_status":"closed","template":"","meta":{"om_disable_all_campaigns":false,"_monsterinsights_skip_tracking":false,"_monsterinsights_sitenote_active":false,"_monsterinsights_sitenote_note":"","_monsterinsights_sitenote_category":0,"_uf_show_specific_survey":0,"_uf_disable_surveys":false,"_joinchat":[]},"etheme_brands":[],"product_brand":[],"product_cat":[18],"product_tag":[],"class_list":{"0":"post-51128","1":"product","2":"type-product","3":"status-publish","4":"has-post-thumbnail","6":"product_cat-mujer","7":"product_shipping_class-envio-a-lima-y-provincia","9":"first","10":"instock","11":"sale","12":"featured","13":"shipping-taxable","14":"purchasable","15":"product-type-variable"},"aioseo_notices":[],"_links":{"self":[{"href":"https:\/\/jnksport.com\/en\/wp-json\/wp\/v2\/product\/51128","targetHints":{"allow":["GET"]}}],"collection":[{"href":"https:\/\/jnksport.com\/en\/wp-json\/wp\/v2\/product"}],"about":[{"href":"https:\/\/jnksport.com\/en\/wp-json\/wp\/v2\/types\/product"}],"replies":[{"embeddable":true,"href":"https:\/\/jnksport.com\/en\/wp-json\/wp\/v2\/comments?post=51128"}],"version-history":[{"count":1,"href":"https:\/\/jnksport.com\/en\/wp-json\/wp\/v2\/product\/51128\/revisions"}],"predecessor-version":[{"id":59342,"href":"https:\/\/jnksport.com\/en\/wp-json\/wp\/v2\/product\/51128\/revisions\/59342"}],"wp:featuredmedia":[{"embeddable":true,"href":"https:\/\/jnksport.com\/en\/wp-json\/wp\/v2\/media\/59341"}],"wp:attachment":[{"href":"https:\/\/jnksport.com\/en\/wp-json\/wp\/v2\/media?parent=51128"}],"wp:term":[{"taxonomy":"brand","embeddable":true,"href":"https:\/\/jnksport.com\/en\/wp-json\/wp\/v2\/etheme_brands?post=51128"},{"taxonomy":"product_brand","embeddable":true,"href":"https:\/\/jnksport.com\/en\/wp-json\/wp\/v2\/product_brand?post=51128"},{"taxonomy":"product_cat","embeddable":true,"href":"https:\/\/jnksport.com\/en\/wp-json\/wp\/v2\/product_cat?post=51128"},{"taxonomy":"product_tag","embeddable":true,"href":"https:\/\/jnksport.com\/en\/wp-json\/wp\/v2\/product_tag?post=51128"}],"curies":[{"name":"wp","href":"https:\/\/api.w.org\/{rel}","templated":true}]}}