{"id":52958,"date":"2025-12-30T20:16:38","date_gmt":"2025-12-30T20:16:38","guid":{"rendered":"https:\/\/jnksport.com\/?post_type=product&#038;p=52958"},"modified":"2026-04-20T15:30:26","modified_gmt":"2026-04-20T15:30:26","slug":"zapatillas-asics-gel-dedicate-8-1041a408-500-hombre","status":"publish","type":"product","link":"https:\/\/jnksport.com\/en\/product\/zapatillas-asics-gel-dedicate-8-1041a408-500-hombre\/","title":{"rendered":"Zapatillas Asics Gel-Dedicate 8 1041A408-500 Hombre"},"content":{"rendered":"<div>\n<div>Una zapatilla de tenis b\u00e1sica para el jugador principiante.<\/p>\n<p>La zapatilla de tenis GEL-DEDICATE\u00ae 8 ofrece una buena estabilidad y una sensaci\u00f3n flexible para mantener la mente centrada durante el partido.<\/p>\n<p>La parte superior de este calzado est\u00e1 confeccionada con capas de cuero sint\u00e9tico para mejorar la sujeci\u00f3n. Mantienen el pie firme al cambiar de direcci\u00f3n y perseguir tiros dif\u00edciles.<\/p>\n<p>Una unidad de soporte TRUSSTIC\u00ae y una suela envolvente mejoran la estabilidad y permiten que tus pies se muevan con libertad. Esto te permite cambiar de direcci\u00f3n con mayor confianza, especialmente al moverte de lado a lado.<\/p>\n<p>Punteras de cuero sint\u00e9tico duradero<br \/>\nLa plantilla te\u00f1ida en soluci\u00f3n ayuda a reducir el consumo total de agua en aproximadamente un 33 % y las emisiones de carbono en aproximadamente un 45 %.<br \/>\nTecnolog\u00eda TRUSSTIC\u00ae y suela envolvente<br \/>\nMejorar la estabilidad<br \/>\nAmortiguaci\u00f3n con tecnolog\u00eda GEL\u00ae<br \/>\nProporciona una excelente absorci\u00f3n de impactos.<\/p><\/div>\n<\/div>\n<ul>\n<li>Marca: Asics<\/li>\n<li>Codigo: 1041A408-500<\/li>\n<li>Modelo: Gel-Dedicate 8<\/li>\n<li>G\u00e9nero: Hombre<\/li>\n<li>Estilo: Deportivo<\/li>\n<li>Cierre: Cordones<\/li>\n<li>Material: Textil<\/li>\n<li>Color: Azul Marino<\/li>\n<li>Material de la Suela: Caucho<\/li>\n<\/ul>","protected":false},"excerpt":{"rendered":"<p>Una zapatilla de tenis b\u00e1sica para el jugador principiante. La zapatilla de tenis GEL-DEDICATE\u00ae 8 ofrece una buena estabilidad y una sensaci\u00f3n flexible para mantener&#8230;<\/p>","protected":false},"featured_media":52963,"comment_status":"open","ping_status":"closed","template":"","meta":{"om_disable_all_campaigns":false,"_monsterinsights_skip_tracking":false,"_monsterinsights_sitenote_active":false,"_monsterinsights_sitenote_note":"","_monsterinsights_sitenote_category":0,"_uf_show_specific_survey":0,"_uf_disable_surveys":false,"_joinchat":[]},"etheme_brands":[],"product_brand":[],"product_cat":[19],"product_tag":[],"class_list":{"0":"post-52958","1":"product","2":"type-product","3":"status-publish","4":"has-post-thumbnail","6":"product_cat-hombre","7":"product_shipping_class-envio-a-lima-y-provincia","9":"first","10":"instock","11":"sale","12":"featured","13":"shipping-taxable","14":"purchasable","15":"product-type-variable"},"aioseo_notices":[],"_links":{"self":[{"href":"https:\/\/jnksport.com\/en\/wp-json\/wp\/v2\/product\/52958","targetHints":{"allow":["GET"]}}],"collection":[{"href":"https:\/\/jnksport.com\/en\/wp-json\/wp\/v2\/product"}],"about":[{"href":"https:\/\/jnksport.com\/en\/wp-json\/wp\/v2\/types\/product"}],"replies":[{"embeddable":true,"href":"https:\/\/jnksport.com\/en\/wp-json\/wp\/v2\/comments?post=52958"}],"version-history":[{"count":0,"href":"https:\/\/jnksport.com\/en\/wp-json\/wp\/v2\/product\/52958\/revisions"}],"wp:featuredmedia":[{"embeddable":true,"href":"https:\/\/jnksport.com\/en\/wp-json\/wp\/v2\/media\/52963"}],"wp:attachment":[{"href":"https:\/\/jnksport.com\/en\/wp-json\/wp\/v2\/media?parent=52958"}],"wp:term":[{"taxonomy":"brand","embeddable":true,"href":"https:\/\/jnksport.com\/en\/wp-json\/wp\/v2\/etheme_brands?post=52958"},{"taxonomy":"product_brand","embeddable":true,"href":"https:\/\/jnksport.com\/en\/wp-json\/wp\/v2\/product_brand?post=52958"},{"taxonomy":"product_cat","embeddable":true,"href":"https:\/\/jnksport.com\/en\/wp-json\/wp\/v2\/product_cat?post=52958"},{"taxonomy":"product_tag","embeddable":true,"href":"https:\/\/jnksport.com\/en\/wp-json\/wp\/v2\/product_tag?post=52958"}],"curies":[{"name":"wp","href":"https:\/\/api.w.org\/{rel}","templated":true}]}}