{"id":52959,"date":"2025-12-30T20:16:38","date_gmt":"2025-12-30T20:16:38","guid":{"rendered":"https:\/\/jnksport.com\/?post_type=product&#038;p=52959"},"modified":"2026-05-01T20:25:30","modified_gmt":"2026-05-01T20:25:30","slug":"zapatillas-skechers-slip-ins-bobs-dvine-114827-gld-mujer","status":"publish","type":"product","link":"https:\/\/jnksport.com\/en\/product\/zapatillas-skechers-slip-ins-bobs-dvine-114827-gld-mujer\/","title":{"rendered":"Zapatillas Skechers Slip-Ins: Bobs D&#8217;Vine 114827-GLD Mujer"},"content":{"rendered":"<div>\n<div>Zapatillas Mujer Slip-ins Bobs D&#8217;vine Amarillo GLD Skechers 114827GLD. Slip-Ins Color Blocked Duraleather Bungee Lace Sneaker. Las zapatillas Skechers ofrecen estilo, comodidad y rendimiento para todas las edades y necesidades. Dise\u00f1adas con la m\u00e1s alta calidad, incorporando innovaciones tecnol\u00f3gicas que garantizan una experiencia de uso excepcional, brindando un ajuste c\u00f3modo y soporte continuo para el pie durante todo el d\u00eda. La versatilidad de nuestros dise\u00f1os y la amplia gama de estilos y colores aseguran que siempre encuentres el par perfecto que se ajuste a tu estilo y necesidades.<\/div>\n<\/div>\n<ul>\n<li>Marca: Skechers<\/li>\n<li>Codigo: 114827-GLD<\/li>\n<li>Modelo: Slip-Ins: Bobs D&#8217;Vine<\/li>\n<li>G\u00e9nero: Mujer<\/li>\n<li>Estilo: Urbano<\/li>\n<li>Cierre: Cordones<\/li>\n<li>Material: Cuero<\/li>\n<li>Color: Dorado<\/li>\n<li>Material de la Suela: Caucho<\/li>\n<\/ul>","protected":false},"excerpt":{"rendered":"<p>Zapatillas Mujer Slip-ins Bobs D&#8217;vine Amarillo GLD Skechers 114827GLD. Slip-Ins Color Blocked Duraleather Bungee Lace Sneaker. Las zapatillas Skechers ofrecen estilo, comodidad y rendimiento para&#8230;<\/p>","protected":false},"featured_media":59817,"comment_status":"open","ping_status":"closed","template":"","meta":{"om_disable_all_campaigns":false,"_monsterinsights_skip_tracking":false,"_monsterinsights_sitenote_active":false,"_monsterinsights_sitenote_note":"","_monsterinsights_sitenote_category":0,"_uf_show_specific_survey":0,"_uf_disable_surveys":false,"_joinchat":[]},"etheme_brands":[],"product_brand":[],"product_cat":[18],"product_tag":[],"class_list":{"0":"post-52959","1":"product","2":"type-product","3":"status-publish","4":"has-post-thumbnail","6":"product_cat-mujer","7":"product_shipping_class-envio-a-lima-y-provincia","9":"first","10":"instock","11":"sale","12":"featured","13":"shipping-taxable","14":"purchasable","15":"product-type-variable"},"aioseo_notices":[],"_links":{"self":[{"href":"https:\/\/jnksport.com\/en\/wp-json\/wp\/v2\/product\/52959","targetHints":{"allow":["GET"]}}],"collection":[{"href":"https:\/\/jnksport.com\/en\/wp-json\/wp\/v2\/product"}],"about":[{"href":"https:\/\/jnksport.com\/en\/wp-json\/wp\/v2\/types\/product"}],"replies":[{"embeddable":true,"href":"https:\/\/jnksport.com\/en\/wp-json\/wp\/v2\/comments?post=52959"}],"version-history":[{"count":1,"href":"https:\/\/jnksport.com\/en\/wp-json\/wp\/v2\/product\/52959\/revisions"}],"predecessor-version":[{"id":59818,"href":"https:\/\/jnksport.com\/en\/wp-json\/wp\/v2\/product\/52959\/revisions\/59818"}],"wp:featuredmedia":[{"embeddable":true,"href":"https:\/\/jnksport.com\/en\/wp-json\/wp\/v2\/media\/59817"}],"wp:attachment":[{"href":"https:\/\/jnksport.com\/en\/wp-json\/wp\/v2\/media?parent=52959"}],"wp:term":[{"taxonomy":"brand","embeddable":true,"href":"https:\/\/jnksport.com\/en\/wp-json\/wp\/v2\/etheme_brands?post=52959"},{"taxonomy":"product_brand","embeddable":true,"href":"https:\/\/jnksport.com\/en\/wp-json\/wp\/v2\/product_brand?post=52959"},{"taxonomy":"product_cat","embeddable":true,"href":"https:\/\/jnksport.com\/en\/wp-json\/wp\/v2\/product_cat?post=52959"},{"taxonomy":"product_tag","embeddable":true,"href":"https:\/\/jnksport.com\/en\/wp-json\/wp\/v2\/product_tag?post=52959"}],"curies":[{"name":"wp","href":"https:\/\/api.w.org\/{rel}","templated":true}]}}