{"id":53019,"date":"2025-12-30T20:16:55","date_gmt":"2025-12-30T20:16:55","guid":{"rendered":"https:\/\/jnksport.com\/?post_type=product&#038;p=53019"},"modified":"2026-05-01T20:28:06","modified_gmt":"2026-05-01T20:28:06","slug":"zapatillas-skechers-go-run-400-v2-303580l-blk-ninas","status":"publish","type":"product","link":"https:\/\/jnksport.com\/en\/product\/zapatillas-skechers-go-run-400-v2-303580l-blk-ninas\/","title":{"rendered":"Zapatillas Skechers Go Run 400 V2 303580L-BLK Ni\u00f1as"},"content":{"rendered":"<div>\n<div>Zapatillas Skechers Go Run 400 V2 para ni\u00f1as. C\u00f3modas, livianas y perfectas para la actividad diaria en pre escolar.<br \/>\nZapatillas urbanas Skechers Go Run 400 V2 para ni\u00f1as. Ideales para el d\u00eda a d\u00eda y actividades pre escolares. Livianas, c\u00f3modas y con suela que ofrece tracci\u00f3n. \u00a1Dale a tu peque\u00f1a el confort que necesita!Caracter\u00edsticas:<br \/>\nDise\u00f1o ligero<br \/>\nPlantilla acolchada<br \/>\nSuela con tracci\u00f3n<br \/>\nIdeal para uso diario<br \/>\nAptas para pre escolar<\/p>\n<\/div>\n<\/div>\n<ul>\n<li>Marca: Skechers<\/li>\n<li>Codigo: 303580L-BLK<\/li>\n<li>Modelo: Go Run 400 V2<\/li>\n<li>G\u00e9nero: Ni\u00f1as<\/li>\n<li>Estilo: Urbano<\/li>\n<li>Cierre: Cordones<\/li>\n<li>Material: Textil<\/li>\n<li>Color: Negro<\/li>\n<li>Material de la Suela: Eva<\/li>\n<\/ul>","protected":false},"excerpt":{"rendered":"<p>Zapatillas Skechers Go Run 400 V2 para ni\u00f1as. C\u00f3modas, livianas y perfectas para la actividad diaria en pre escolar. Zapatillas urbanas Skechers Go Run 400&#8230;<\/p>","protected":false},"featured_media":59819,"comment_status":"open","ping_status":"closed","template":"","meta":{"om_disable_all_campaigns":false,"_monsterinsights_skip_tracking":false,"_monsterinsights_sitenote_active":false,"_monsterinsights_sitenote_note":"","_monsterinsights_sitenote_category":0,"_uf_show_specific_survey":0,"_uf_disable_surveys":false,"_joinchat":[]},"etheme_brands":[],"product_brand":[],"product_cat":[573],"product_tag":[],"class_list":{"0":"post-53019","1":"product","2":"type-product","3":"status-publish","4":"has-post-thumbnail","6":"product_cat-ninas-2","7":"product_shipping_class-envio-a-lima-y-provincia","9":"first","10":"instock","11":"featured","12":"shipping-taxable","13":"purchasable","14":"product-type-variable"},"aioseo_notices":[],"_links":{"self":[{"href":"https:\/\/jnksport.com\/en\/wp-json\/wp\/v2\/product\/53019","targetHints":{"allow":["GET"]}}],"collection":[{"href":"https:\/\/jnksport.com\/en\/wp-json\/wp\/v2\/product"}],"about":[{"href":"https:\/\/jnksport.com\/en\/wp-json\/wp\/v2\/types\/product"}],"replies":[{"embeddable":true,"href":"https:\/\/jnksport.com\/en\/wp-json\/wp\/v2\/comments?post=53019"}],"version-history":[{"count":1,"href":"https:\/\/jnksport.com\/en\/wp-json\/wp\/v2\/product\/53019\/revisions"}],"predecessor-version":[{"id":59820,"href":"https:\/\/jnksport.com\/en\/wp-json\/wp\/v2\/product\/53019\/revisions\/59820"}],"wp:featuredmedia":[{"embeddable":true,"href":"https:\/\/jnksport.com\/en\/wp-json\/wp\/v2\/media\/59819"}],"wp:attachment":[{"href":"https:\/\/jnksport.com\/en\/wp-json\/wp\/v2\/media?parent=53019"}],"wp:term":[{"taxonomy":"brand","embeddable":true,"href":"https:\/\/jnksport.com\/en\/wp-json\/wp\/v2\/etheme_brands?post=53019"},{"taxonomy":"product_brand","embeddable":true,"href":"https:\/\/jnksport.com\/en\/wp-json\/wp\/v2\/product_brand?post=53019"},{"taxonomy":"product_cat","embeddable":true,"href":"https:\/\/jnksport.com\/en\/wp-json\/wp\/v2\/product_cat?post=53019"},{"taxonomy":"product_tag","embeddable":true,"href":"https:\/\/jnksport.com\/en\/wp-json\/wp\/v2\/product_tag?post=53019"}],"curies":[{"name":"wp","href":"https:\/\/api.w.org\/{rel}","templated":true}]}}