{"id":53021,"date":"2025-12-30T20:16:55","date_gmt":"2025-12-30T20:16:55","guid":{"rendered":"https:\/\/jnksport.com\/?post_type=product&#038;p=53021"},"modified":"2026-04-20T15:30:26","modified_gmt":"2026-04-20T15:30:26","slug":"zapatillas-puma-flexfocus-lite-modern-310093-02-hombre","status":"publish","type":"product","link":"https:\/\/jnksport.com\/en\/product\/zapatillas-puma-flexfocus-lite-modern-310093-02-hombre\/","title":{"rendered":"Zapatillas Puma Flexfocus Lite Modern 310093-02 Hombre"},"content":{"rendered":"<div>\n<div>\n<p>Las FlexFocus Lite Modern son el modelo m\u00e1s r\u00e1pido de nuestra serie PUMA Lite. Cuentan con nuestra tecnolog\u00eda de gomaespuma PUMALITE, para una comodidad liviana, y una capellada con materiales premium. Son perfectas para tu vida activa.<\/p>\n<p>CARACTER\u00cdSTICAS + BENEFICIOS<br \/>\nEmpeine fabricado con al menos un 20% de materiales reciclados<br \/>\nSOFTFOAM+: Plantilla c\u00f3moda, dise\u00f1ada con un tal\u00f3n extra grueso para proporcionar una amortiguaci\u00f3n suave<br \/>\nDETALLES<br \/>\nCon cordones<br \/>\nCapellada de dise\u00f1o progresista<br \/>\nSuela de goma, con zonas diferenciadas<br \/>\nProducto recomendado para su uso en superficies firmes y lisas<br \/>\nProducto recomendado para pies con pronaci\u00f3n neutra<br \/>\nInformaci\u00f3n del material<br \/>\nEntresuela: 100% Sint\u00e9tico<br \/>\nPlantilla: 100% Textil<br \/>\nSuela: 58% Sint\u00e9tico, 42% Goma<br \/>\nExterior: 60.81% Textil, 39.19% Sint\u00e9tico<br \/>\nForro: 100% Textil<\/p>\n<\/div>\n<\/div>\n<ul>\n<li>Marca: Puma<\/li>\n<li>Codigo: 310093-02<\/li>\n<li>Modelo: Flexfocus Lite Modern<\/li>\n<li>G\u00e9nero: Hombre<\/li>\n<li>Estilo: Deportivo<\/li>\n<li>Cierre: Cordones<\/li>\n<li>Material: Textil<\/li>\n<li>Color: Negro<\/li>\n<li>Material de la Suela: Goma<\/li>\n<\/ul>","protected":false},"excerpt":{"rendered":"<p>Las FlexFocus Lite Modern son el modelo m\u00e1s r\u00e1pido de nuestra serie PUMA Lite. Cuentan con nuestra tecnolog\u00eda de gomaespuma PUMALITE, para una comodidad liviana,&#8230;<\/p>","protected":false},"featured_media":54857,"comment_status":"open","ping_status":"closed","template":"","meta":{"om_disable_all_campaigns":false,"_monsterinsights_skip_tracking":false,"_monsterinsights_sitenote_active":false,"_monsterinsights_sitenote_note":"","_monsterinsights_sitenote_category":0,"_uf_show_specific_survey":0,"_uf_disable_surveys":false,"_joinchat":[]},"etheme_brands":[],"product_brand":[],"product_cat":[19],"product_tag":[],"class_list":{"0":"post-53021","1":"product","2":"type-product","3":"status-publish","4":"has-post-thumbnail","6":"product_cat-hombre","7":"product_shipping_class-envio-a-lima-y-provincia","9":"first","10":"instock","11":"featured","12":"shipping-taxable","13":"purchasable","14":"product-type-variable"},"aioseo_notices":[],"_links":{"self":[{"href":"https:\/\/jnksport.com\/en\/wp-json\/wp\/v2\/product\/53021","targetHints":{"allow":["GET"]}}],"collection":[{"href":"https:\/\/jnksport.com\/en\/wp-json\/wp\/v2\/product"}],"about":[{"href":"https:\/\/jnksport.com\/en\/wp-json\/wp\/v2\/types\/product"}],"replies":[{"embeddable":true,"href":"https:\/\/jnksport.com\/en\/wp-json\/wp\/v2\/comments?post=53021"}],"version-history":[{"count":0,"href":"https:\/\/jnksport.com\/en\/wp-json\/wp\/v2\/product\/53021\/revisions"}],"wp:featuredmedia":[{"embeddable":true,"href":"https:\/\/jnksport.com\/en\/wp-json\/wp\/v2\/media\/54857"}],"wp:attachment":[{"href":"https:\/\/jnksport.com\/en\/wp-json\/wp\/v2\/media?parent=53021"}],"wp:term":[{"taxonomy":"brand","embeddable":true,"href":"https:\/\/jnksport.com\/en\/wp-json\/wp\/v2\/etheme_brands?post=53021"},{"taxonomy":"product_brand","embeddable":true,"href":"https:\/\/jnksport.com\/en\/wp-json\/wp\/v2\/product_brand?post=53021"},{"taxonomy":"product_cat","embeddable":true,"href":"https:\/\/jnksport.com\/en\/wp-json\/wp\/v2\/product_cat?post=53021"},{"taxonomy":"product_tag","embeddable":true,"href":"https:\/\/jnksport.com\/en\/wp-json\/wp\/v2\/product_tag?post=53021"}],"curies":[{"name":"wp","href":"https:\/\/api.w.org\/{rel}","templated":true}]}}