{"id":53071,"date":"2025-12-30T20:17:05","date_gmt":"2025-12-30T20:17:05","guid":{"rendered":"https:\/\/jnksport.com\/?post_type=product&#038;p=53071"},"modified":"2026-04-29T22:32:13","modified_gmt":"2026-04-29T22:32:13","slug":"zapatillas-puma-skyrocket-lite-2-311730-04-hombre","status":"publish","type":"product","link":"https:\/\/jnksport.com\/en\/product\/zapatillas-puma-skyrocket-lite-2-311730-04-hombre\/","title":{"rendered":"Zapatillas Puma Skyrocket Lite 2 311730-04 Hombre"},"content":{"rendered":"<div>\n<div>\n<p>Sal a correr y potencia tus pasos por la ciudad con las Skyrocket Lite. Estas zapatillas de running cuentan con nuestra liviana gomaespuma PUMALite y plantilla SOFTFOAM+ para mayor amortiguaci\u00f3n y sensaci\u00f3n m\u00e1s suave. Su sistema de cordones Fit+ te proporciona mejor sujeci\u00f3n, mientras que la suela de goma en todo el largo te garantiza buen agarre kil\u00f3metro tras kil\u00f3metro. Dise\u00f1adas especialmente para superficies firmes y lisas, estas zapatillas ofrecen comodidad a cada paso.<\/p>\n<p>CARACTER\u00cdSTICAS + BENEFICIOS<br \/>\nSOFTFOAM+: Plantilla c\u00f3moda, dise\u00f1ada con un tal\u00f3n extra grueso para proporcionar una amortiguaci\u00f3n suave<br \/>\nDETALLES<br \/>\nCalce regular<br \/>\nPuntera redondeada<br \/>\nCon cordones<br \/>\nEmpeine de material textil<br \/>\nSuela de goma<br \/>\nInterior en material textil<br \/>\nNivel medio de amortiguaci\u00f3n<br \/>\nDrop de tal\u00f3n a punta: 10mm<br \/>\nProducto recomendado para pies con pronaci\u00f3n neutra<br \/>\nInformaci\u00f3n del material<br \/>\nEntresuela: 100% Sint\u00e9tico<br \/>\nPlantilla: 100% Textil<br \/>\nSuela: 82.10% Goma, 17.90% Sint\u00e9tico<br \/>\nExterior: 59.48% Textil, 40.52% Sint\u00e9tico<br \/>\nForro: 100% Textil<\/p>\n<\/div>\n<\/div>\n<ul>\n<li>Marca: Puma<\/li>\n<li>Codigo: 311730-04<\/li>\n<li>Modelo: Skyrocket Lite 2<\/li>\n<li>G\u00e9nero: Hombre<\/li>\n<li>Estilo: Deportivo<\/li>\n<li>Cierre: Cordones<\/li>\n<li>Material: Textil<\/li>\n<li>Color: Rojo<\/li>\n<li>Material de la Suela: Goma<\/li>\n<\/ul>","protected":false},"excerpt":{"rendered":"<p>Sal a correr y potencia tus pasos por la ciudad con las Skyrocket Lite. Estas zapatillas de running cuentan con nuestra liviana gomaespuma PUMALite y&#8230;<\/p>","protected":false},"featured_media":54861,"comment_status":"open","ping_status":"closed","template":"","meta":{"om_disable_all_campaigns":false,"_monsterinsights_skip_tracking":false,"_monsterinsights_sitenote_active":false,"_monsterinsights_sitenote_note":"","_monsterinsights_sitenote_category":0,"_uf_show_specific_survey":0,"_uf_disable_surveys":false,"_joinchat":[]},"etheme_brands":[],"product_brand":[],"product_cat":[19],"product_tag":[],"class_list":{"0":"post-53071","1":"product","2":"type-product","3":"status-publish","4":"has-post-thumbnail","6":"product_cat-hombre","7":"product_shipping_class-envio-a-lima-y-provincia","9":"first","10":"instock","11":"sale","12":"featured","13":"shipping-taxable","14":"purchasable","15":"product-type-variable"},"aioseo_notices":[],"_links":{"self":[{"href":"https:\/\/jnksport.com\/en\/wp-json\/wp\/v2\/product\/53071","targetHints":{"allow":["GET"]}}],"collection":[{"href":"https:\/\/jnksport.com\/en\/wp-json\/wp\/v2\/product"}],"about":[{"href":"https:\/\/jnksport.com\/en\/wp-json\/wp\/v2\/types\/product"}],"replies":[{"embeddable":true,"href":"https:\/\/jnksport.com\/en\/wp-json\/wp\/v2\/comments?post=53071"}],"version-history":[{"count":0,"href":"https:\/\/jnksport.com\/en\/wp-json\/wp\/v2\/product\/53071\/revisions"}],"wp:featuredmedia":[{"embeddable":true,"href":"https:\/\/jnksport.com\/en\/wp-json\/wp\/v2\/media\/54861"}],"wp:attachment":[{"href":"https:\/\/jnksport.com\/en\/wp-json\/wp\/v2\/media?parent=53071"}],"wp:term":[{"taxonomy":"brand","embeddable":true,"href":"https:\/\/jnksport.com\/en\/wp-json\/wp\/v2\/etheme_brands?post=53071"},{"taxonomy":"product_brand","embeddable":true,"href":"https:\/\/jnksport.com\/en\/wp-json\/wp\/v2\/product_brand?post=53071"},{"taxonomy":"product_cat","embeddable":true,"href":"https:\/\/jnksport.com\/en\/wp-json\/wp\/v2\/product_cat?post=53071"},{"taxonomy":"product_tag","embeddable":true,"href":"https:\/\/jnksport.com\/en\/wp-json\/wp\/v2\/product_tag?post=53071"}],"curies":[{"name":"wp","href":"https:\/\/api.w.org\/{rel}","templated":true}]}}