{"id":53127,"date":"2025-12-30T20:17:17","date_gmt":"2025-12-30T20:17:17","guid":{"rendered":"https:\/\/jnksport.com\/?post_type=product&#038;p=53127"},"modified":"2026-04-20T15:30:26","modified_gmt":"2026-04-20T15:30:26","slug":"zapatillas-puma-tori-383026-06-mujer","status":"publish","type":"product","link":"https:\/\/jnksport.com\/en\/product\/zapatillas-puma-tori-383026-06-mujer\/","title":{"rendered":"Zapatillas Puma Tori 383026-06 Mujer"},"content":{"rendered":"<div>\n<div>\n<p>Conoce a Tori, la nueva incorporaci\u00f3n a la familia Vikky. Inspiradas en los 80, pero reinventadas para 2022, logran el equilibrio perfecto entre lo cl\u00e1sico y lo moderno. La forma de la parte superior es familiar, pero con una fascinante combinaci\u00f3n de cuero texturizado y suave, y se apoya en una suela elevada para un volumen ligero y personalidad. Tanto para vestirlas de forma elegante como informal, las Tori te alegrar\u00e1n el d\u00eda y te har\u00e1n sonre\u00edr.<\/p>\n<p>CARACTER\u00cdSTICAS Y BENEFICIOS<br \/>\nIMEVA: El material de PUMA para una sensaci\u00f3n ligera y c\u00f3moda<br \/>\nSoftFoam+: la plantilla c\u00f3moda de PUMA para un calzado instant\u00e1neo y una comodidad duradera que proporciona una amortiguaci\u00f3n suave en cada paso del d\u00eda.<br \/>\nDETALLES<br \/>\nSilueta de bota baja<br \/>\nParte superior de piel mixta<br \/>\nPlantilla SoftFoam+<br \/>\nEntresuela de IMEVA con herramientas ligeras<br \/>\nSuela de plataforma de goma<br \/>\nCierre de cordones para un ajuste perfecto.<br \/>\nFranja caracter\u00edstica de PUMA en los lados lateral y medial<br \/>\nLogotipo de PUMA n.\u00ba 2 en el panel lateral<br \/>\nEtiqueta PUMA Archive No. 1 en la leng\u00fceta<br \/>\nInformaci\u00f3n del material<br \/>\nPlantilla: 100% textil<br \/>\nSuela: 100% caucho<br \/>\nParte superior: 51,82 % piel de vacuno, 45,08 % sint\u00e9tico, 3,10 % textil<br \/>\nForro: 100% Textil<\/p>\n<\/div>\n<\/div>\n<ul>\n<li>Marca: Puma<\/li>\n<li>Codigo: 383026-06<\/li>\n<li>Modelo: Tori<\/li>\n<li>G\u00e9nero: Mujer<\/li>\n<li>Estilo: Urbano<\/li>\n<li>Cierre: Cordones<\/li>\n<li>Material: Cuero<\/li>\n<li>Color: Blanco<\/li>\n<li>Material de la Suela: Caucho<\/li>\n<\/ul>","protected":false},"excerpt":{"rendered":"<p>Conoce a Tori, la nueva incorporaci\u00f3n a la familia Vikky. Inspiradas en los 80, pero reinventadas para 2022, logran el equilibrio perfecto entre lo cl\u00e1sico&#8230;<\/p>","protected":false},"featured_media":54869,"comment_status":"open","ping_status":"closed","template":"","meta":{"om_disable_all_campaigns":false,"_monsterinsights_skip_tracking":false,"_monsterinsights_sitenote_active":false,"_monsterinsights_sitenote_note":"","_monsterinsights_sitenote_category":0,"_uf_show_specific_survey":0,"_uf_disable_surveys":false,"_joinchat":[]},"etheme_brands":[],"product_brand":[],"product_cat":[18],"product_tag":[],"class_list":{"0":"post-53127","1":"product","2":"type-product","3":"status-publish","4":"has-post-thumbnail","6":"product_cat-mujer","7":"product_shipping_class-envio-a-lima-y-provincia","9":"first","10":"instock","11":"sale","12":"featured","13":"shipping-taxable","14":"purchasable","15":"product-type-variable"},"aioseo_notices":[],"_links":{"self":[{"href":"https:\/\/jnksport.com\/en\/wp-json\/wp\/v2\/product\/53127","targetHints":{"allow":["GET"]}}],"collection":[{"href":"https:\/\/jnksport.com\/en\/wp-json\/wp\/v2\/product"}],"about":[{"href":"https:\/\/jnksport.com\/en\/wp-json\/wp\/v2\/types\/product"}],"replies":[{"embeddable":true,"href":"https:\/\/jnksport.com\/en\/wp-json\/wp\/v2\/comments?post=53127"}],"version-history":[{"count":0,"href":"https:\/\/jnksport.com\/en\/wp-json\/wp\/v2\/product\/53127\/revisions"}],"wp:featuredmedia":[{"embeddable":true,"href":"https:\/\/jnksport.com\/en\/wp-json\/wp\/v2\/media\/54869"}],"wp:attachment":[{"href":"https:\/\/jnksport.com\/en\/wp-json\/wp\/v2\/media?parent=53127"}],"wp:term":[{"taxonomy":"brand","embeddable":true,"href":"https:\/\/jnksport.com\/en\/wp-json\/wp\/v2\/etheme_brands?post=53127"},{"taxonomy":"product_brand","embeddable":true,"href":"https:\/\/jnksport.com\/en\/wp-json\/wp\/v2\/product_brand?post=53127"},{"taxonomy":"product_cat","embeddable":true,"href":"https:\/\/jnksport.com\/en\/wp-json\/wp\/v2\/product_cat?post=53127"},{"taxonomy":"product_tag","embeddable":true,"href":"https:\/\/jnksport.com\/en\/wp-json\/wp\/v2\/product_tag?post=53127"}],"curies":[{"name":"wp","href":"https:\/\/api.w.org\/{rel}","templated":true}]}}