{"id":53176,"date":"2025-12-30T20:17:28","date_gmt":"2025-12-30T20:17:28","guid":{"rendered":"https:\/\/jnksport.com\/?post_type=product&#038;p=53176"},"modified":"2026-04-25T19:59:40","modified_gmt":"2026-04-25T19:59:40","slug":"zapatillas-puma-kaia-2-0-392320-02-mujer","status":"publish","type":"product","link":"https:\/\/jnksport.com\/en\/product\/zapatillas-puma-kaia-2-0-392320-02-mujer\/","title":{"rendered":"Zapatillas Puma Kaia 2.0 392320-02 Mujer"},"content":{"rendered":"<div>\n<div>PUMA KAIA 2.0 ZAPATILLA PLATAFORMA MUJER 392320 02 BLANCA<br \/>\nLuce un estilo sencillo con la \u00faltima versi\u00f3n de las zapatillas Kaia. Incorporan un forro acolchado que garantiza tu comodidad durante todo el d\u00eda y una peque\u00f1a plataforma que te eleva ligeramente. La cl\u00e1sica combinaci\u00f3n de colores monocrom\u00e1ticos las convierten en una adici\u00f3n vers\u00e1til en cualquier armario.Construcci\u00f3n<br \/>\nSOFTFOAM+: plantilla de confort dise\u00f1ada para proporcionar una suave amortiguaci\u00f3n gracias a su tal\u00f3n extragrueso<br \/>\nEl exterior se ha fabricado con al menos un 20 % de materiales reciclados como paso hacia un futuro mejor<br \/>\nDetalles<br \/>\nExterior de piel<br \/>\nFormstrip de PUMA en los laterales<br \/>\nIdentidad gr\u00e1fica de PUMA en el tal\u00f3n<\/p>\n<\/div>\n<\/div>\n<ul>\n<li>Marca: Puma<\/li>\n<li>Codigo: 392320-02<\/li>\n<li>Modelo: Kaia 2.0<\/li>\n<li>G\u00e9nero: Mujer<\/li>\n<li>Estilo: Urbano<\/li>\n<li>Cierre: Cordones<\/li>\n<li>Material: Cuero<\/li>\n<li>Color: Blanco<\/li>\n<li>Material de la Suela: Goma<\/li>\n<\/ul>","protected":false},"excerpt":{"rendered":"<p>PUMA KAIA 2.0 ZAPATILLA PLATAFORMA MUJER 392320 02 BLANCA Luce un estilo sencillo con la \u00faltima versi\u00f3n de las zapatillas Kaia. Incorporan un forro acolchado&#8230;<\/p>","protected":false},"featured_media":54873,"comment_status":"open","ping_status":"closed","template":"","meta":{"om_disable_all_campaigns":false,"_monsterinsights_skip_tracking":false,"_monsterinsights_sitenote_active":false,"_monsterinsights_sitenote_note":"","_monsterinsights_sitenote_category":0,"_uf_show_specific_survey":0,"_uf_disable_surveys":false,"_joinchat":[]},"etheme_brands":[],"product_brand":[],"product_cat":[18],"product_tag":[],"class_list":{"0":"post-53176","1":"product","2":"type-product","3":"status-publish","4":"has-post-thumbnail","6":"product_cat-mujer","7":"product_shipping_class-envio-a-lima-y-provincia","9":"first","10":"instock","11":"sale","12":"featured","13":"shipping-taxable","14":"purchasable","15":"product-type-variable"},"aioseo_notices":[],"_links":{"self":[{"href":"https:\/\/jnksport.com\/en\/wp-json\/wp\/v2\/product\/53176","targetHints":{"allow":["GET"]}}],"collection":[{"href":"https:\/\/jnksport.com\/en\/wp-json\/wp\/v2\/product"}],"about":[{"href":"https:\/\/jnksport.com\/en\/wp-json\/wp\/v2\/types\/product"}],"replies":[{"embeddable":true,"href":"https:\/\/jnksport.com\/en\/wp-json\/wp\/v2\/comments?post=53176"}],"version-history":[{"count":0,"href":"https:\/\/jnksport.com\/en\/wp-json\/wp\/v2\/product\/53176\/revisions"}],"wp:featuredmedia":[{"embeddable":true,"href":"https:\/\/jnksport.com\/en\/wp-json\/wp\/v2\/media\/54873"}],"wp:attachment":[{"href":"https:\/\/jnksport.com\/en\/wp-json\/wp\/v2\/media?parent=53176"}],"wp:term":[{"taxonomy":"brand","embeddable":true,"href":"https:\/\/jnksport.com\/en\/wp-json\/wp\/v2\/etheme_brands?post=53176"},{"taxonomy":"product_brand","embeddable":true,"href":"https:\/\/jnksport.com\/en\/wp-json\/wp\/v2\/product_brand?post=53176"},{"taxonomy":"product_cat","embeddable":true,"href":"https:\/\/jnksport.com\/en\/wp-json\/wp\/v2\/product_cat?post=53176"},{"taxonomy":"product_tag","embeddable":true,"href":"https:\/\/jnksport.com\/en\/wp-json\/wp\/v2\/product_tag?post=53176"}],"curies":[{"name":"wp","href":"https:\/\/api.w.org\/{rel}","templated":true}]}}