{"id":53178,"date":"2025-12-30T20:17:28","date_gmt":"2025-12-30T20:17:28","guid":{"rendered":"https:\/\/jnksport.com\/?post_type=product&#038;p=53178"},"modified":"2026-04-29T22:32:13","modified_gmt":"2026-04-29T22:32:13","slug":"zapatillas-puma-karmen-ii-idol-397461-03-mujer","status":"publish","type":"product","link":"https:\/\/jnksport.com\/en\/product\/zapatillas-puma-karmen-ii-idol-397461-03-mujer\/","title":{"rendered":"Zapatillas Puma Karmen Ii Idol 397461-03 Mujer"},"content":{"rendered":"<div>\n<div>\n<p>Presentamos las Karmen II Idol, unas zapatillas con plataforma de goma texturizada, con las que siempre puedes contar. Su empeine de cuero y plantilla SoftFoam+ proporcionan una amortiguaci\u00f3n y comodidad superiores, para todo el d\u00eda. El estilo ideal para las que quieren marcar tendencia.<\/p>\n<p>CARACTER\u00cdSTICAS + BENEFICIOS<br \/>\nEmpeine fabricado con al menos un 20% de materiales reciclados; base fabricada con al menos un 10% de materiales reciclados<br \/>\nLos productos de cuero PUMA respaldan la fabricaci\u00f3n responsable a trav\u00e9s del Leather Working Group: www.leatherworkinggroup.com<br \/>\nSOFTFOAM+: Plantilla c\u00f3moda, dise\u00f1ada con un tal\u00f3n extra grueso para proporcionar una amortiguaci\u00f3n suave<br \/>\nDETALLES<br \/>\nCalce regular<br \/>\nEmpeine de cuero<br \/>\nBase estilo plataforma<br \/>\nSuela de goma texturizada<br \/>\nPlantilla SOFTFOAM+<br \/>\nInformaci\u00f3n del material<br \/>\nPlantilla: 100% Textil<br \/>\nSuela: 100% Goma<br \/>\nExterior: 55.93% Piel de vacuno, 42.04% Sint\u00e9tico, 2.03% Textil<br \/>\nForro: 100% Textil<\/p>\n<\/div>\n<\/div>\n<ul>\n<li>Marca: Puma<\/li>\n<li>Codigo: 397461-03<\/li>\n<li>Modelo: Karmen Ii Idol<\/li>\n<li>G\u00e9nero: Mujer<\/li>\n<li>Estilo: Urbano<\/li>\n<li>Cierre: Cordones<\/li>\n<li>Material: Cuero<\/li>\n<li>Color: Negro<\/li>\n<li>Material de la Suela: Goma<\/li>\n<\/ul>","protected":false},"excerpt":{"rendered":"<p>Presentamos las Karmen II Idol, unas zapatillas con plataforma de goma texturizada, con las que siempre puedes contar. Su empeine de cuero y plantilla SoftFoam+&#8230;<\/p>","protected":false},"featured_media":54877,"comment_status":"open","ping_status":"closed","template":"","meta":{"om_disable_all_campaigns":false,"_monsterinsights_skip_tracking":false,"_monsterinsights_sitenote_active":false,"_monsterinsights_sitenote_note":"","_monsterinsights_sitenote_category":0,"_uf_show_specific_survey":0,"_uf_disable_surveys":false,"_joinchat":[]},"etheme_brands":[],"product_brand":[],"product_cat":[18],"product_tag":[],"class_list":{"0":"post-53178","1":"product","2":"type-product","3":"status-publish","4":"has-post-thumbnail","6":"product_cat-mujer","7":"product_shipping_class-envio-a-lima-y-provincia","9":"first","10":"instock","11":"sale","12":"featured","13":"shipping-taxable","14":"purchasable","15":"product-type-variable"},"aioseo_notices":[],"_links":{"self":[{"href":"https:\/\/jnksport.com\/en\/wp-json\/wp\/v2\/product\/53178","targetHints":{"allow":["GET"]}}],"collection":[{"href":"https:\/\/jnksport.com\/en\/wp-json\/wp\/v2\/product"}],"about":[{"href":"https:\/\/jnksport.com\/en\/wp-json\/wp\/v2\/types\/product"}],"replies":[{"embeddable":true,"href":"https:\/\/jnksport.com\/en\/wp-json\/wp\/v2\/comments?post=53178"}],"version-history":[{"count":0,"href":"https:\/\/jnksport.com\/en\/wp-json\/wp\/v2\/product\/53178\/revisions"}],"wp:featuredmedia":[{"embeddable":true,"href":"https:\/\/jnksport.com\/en\/wp-json\/wp\/v2\/media\/54877"}],"wp:attachment":[{"href":"https:\/\/jnksport.com\/en\/wp-json\/wp\/v2\/media?parent=53178"}],"wp:term":[{"taxonomy":"brand","embeddable":true,"href":"https:\/\/jnksport.com\/en\/wp-json\/wp\/v2\/etheme_brands?post=53178"},{"taxonomy":"product_brand","embeddable":true,"href":"https:\/\/jnksport.com\/en\/wp-json\/wp\/v2\/product_brand?post=53178"},{"taxonomy":"product_cat","embeddable":true,"href":"https:\/\/jnksport.com\/en\/wp-json\/wp\/v2\/product_cat?post=53178"},{"taxonomy":"product_tag","embeddable":true,"href":"https:\/\/jnksport.com\/en\/wp-json\/wp\/v2\/product_tag?post=53178"}],"curies":[{"name":"wp","href":"https:\/\/api.w.org\/{rel}","templated":true}]}}