{"id":53234,"date":"2025-12-30T20:17:40","date_gmt":"2025-12-30T20:17:40","guid":{"rendered":"https:\/\/jnksport.com\/producto\/zapatillas-puma-karmen-ii-idol-398877-02-ninas\/"},"modified":"2026-03-25T21:41:51","modified_gmt":"2026-03-25T21:41:51","slug":"zapatillas-puma-karmen-ii-idol-398877-02-ninas","status":"publish","type":"product","link":"https:\/\/jnksport.com\/en\/product\/zapatillas-puma-karmen-ii-idol-398877-02-ninas\/","title":{"rendered":"Zapatillas Puma Karmen Ii Idol 398877-02 Ni\u00f1as"},"content":{"rendered":"<div>\n<div>\n<p>Las peque\u00f1as pueden destacarse con verdadera actitud urbana en las nuevas zapatillas Karmen II Idol, dedicadas a todas las ni\u00f1as que entienden lo que significa ser un \u00eddolo y que se animan a mostrar su estilo. Con una capellada suave, estas zapatillas convierten a cada uno de sus pasos en un desfile de moda.<\/p>\n<p>CARACTER\u00cdSTICAS Y BENEFICIOS<br \/>\nCubierta fabricada con al menos un 20% de materiales reciclados; base fabricada con al menos un 10% de materiales reciclados<br \/>\nDETALLES<br \/>\nCalce regular<br \/>\nCubierta sint\u00e9tica<br \/>\nCon cordones<br \/>\nCuello en tejido de malla<br \/>\nSuela de goma<\/p>\n<\/div>\n<\/div>\n<ul>\n<li>Marca: Puma<\/li>\n<li>Codigo: 398877-02<\/li>\n<li>Modelo: Karmen Ii Idol<\/li>\n<li>G\u00e9nero: Ni\u00f1as<\/li>\n<li>Estilo: Urbano<\/li>\n<li>Cierre: Cordones<\/li>\n<li>Material: Cuero<\/li>\n<li>Color: Negro<\/li>\n<li>Material de la Suela: Goma<\/li>\n<\/ul>","protected":false},"excerpt":{"rendered":"<p>Las peque\u00f1as pueden destacarse con verdadera actitud urbana en las nuevas zapatillas Karmen II Idol, dedicadas a todas las ni\u00f1as que entienden lo que significa&#8230;<\/p>","protected":false},"featured_media":54879,"comment_status":"open","ping_status":"closed","template":"","meta":{"om_disable_all_campaigns":false,"_monsterinsights_skip_tracking":false,"_monsterinsights_sitenote_active":false,"_monsterinsights_sitenote_note":"","_monsterinsights_sitenote_category":0,"_uf_show_specific_survey":0,"_uf_disable_surveys":false,"_joinchat":[]},"etheme_brands":[],"product_brand":[],"product_cat":[573],"product_tag":[],"class_list":{"0":"post-53234","1":"product","2":"type-product","3":"status-publish","4":"has-post-thumbnail","6":"product_cat-ninas-2","7":"product_shipping_class-envio-a-lima-y-provincia","9":"first","10":"instock","11":"featured","12":"shipping-taxable","13":"purchasable","14":"product-type-variable"},"aioseo_notices":[],"_links":{"self":[{"href":"https:\/\/jnksport.com\/en\/wp-json\/wp\/v2\/product\/53234","targetHints":{"allow":["GET"]}}],"collection":[{"href":"https:\/\/jnksport.com\/en\/wp-json\/wp\/v2\/product"}],"about":[{"href":"https:\/\/jnksport.com\/en\/wp-json\/wp\/v2\/types\/product"}],"replies":[{"embeddable":true,"href":"https:\/\/jnksport.com\/en\/wp-json\/wp\/v2\/comments?post=53234"}],"version-history":[{"count":0,"href":"https:\/\/jnksport.com\/en\/wp-json\/wp\/v2\/product\/53234\/revisions"}],"wp:featuredmedia":[{"embeddable":true,"href":"https:\/\/jnksport.com\/en\/wp-json\/wp\/v2\/media\/54879"}],"wp:attachment":[{"href":"https:\/\/jnksport.com\/en\/wp-json\/wp\/v2\/media?parent=53234"}],"wp:term":[{"taxonomy":"brand","embeddable":true,"href":"https:\/\/jnksport.com\/en\/wp-json\/wp\/v2\/etheme_brands?post=53234"},{"taxonomy":"product_brand","embeddable":true,"href":"https:\/\/jnksport.com\/en\/wp-json\/wp\/v2\/product_brand?post=53234"},{"taxonomy":"product_cat","embeddable":true,"href":"https:\/\/jnksport.com\/en\/wp-json\/wp\/v2\/product_cat?post=53234"},{"taxonomy":"product_tag","embeddable":true,"href":"https:\/\/jnksport.com\/en\/wp-json\/wp\/v2\/product_tag?post=53234"}],"curies":[{"name":"wp","href":"https:\/\/api.w.org\/{rel}","templated":true}]}}