{"id":53239,"date":"2025-12-30T20:17:43","date_gmt":"2025-12-30T20:17:43","guid":{"rendered":"https:\/\/jnksport.com\/?post_type=product&#038;p=53239"},"modified":"2026-04-20T15:30:26","modified_gmt":"2026-04-20T15:30:26","slug":"zapatillas-puma-easy-rider-399028-10-hombre","status":"publish","type":"product","link":"https:\/\/jnksport.com\/en\/product\/zapatillas-puma-easy-rider-399028-10-hombre\/","title":{"rendered":"Zapatillas Puma Easy Rider 399028-10 Hombre"},"content":{"rendered":"<div>\n<div>\n<p>Las PUMA Easy Rider nacieron a finales de los 70, cuando el running se traslad\u00f3 de la pista de atletismo a las calles. Hoy est\u00e1n de vuelta, con su cl\u00e1sico perfil angosto y su onda vintage intacta. Con capellada textil y apliques de gamuza, esta versi\u00f3n unisex es tu nueva opci\u00f3n favorita para aportarle un toque retro a cualquiera de tus looks.<\/p>\n<p>CARACTER\u00cdSTICAS + BENEFICIOS<br \/>\nLos productos de cuero PUMA respaldan la fabricaci\u00f3n responsable a trav\u00e9s del Leather Working Group: www.leatherworkinggroup.com<br \/>\nProFoam: Goma EVA liviana, dise\u00f1ada para amortiguar tu pisada e impulsar tu siguiente paso<br \/>\nDETALLES<br \/>\nCalce regular<br \/>\nEmpeine de nylon<br \/>\nApliques de gamuza<br \/>\nForro en tejido de malla<br \/>\nCon cordones<br \/>\nEntresuela de goma EVA<br \/>\nSuela de goma<br \/>\nFormstrip PUMA de material sint\u00e9tico<br \/>\nCon la marca PUMA Easy Rider metalizada<br \/>\nInformaci\u00f3n del material<br \/>\nEntresuela: 100% Sint\u00e9tico<br \/>\nPlantilla: 100% Textil<br \/>\nSuela: 100% Goma<br \/>\nExterior: 68% Piel de vacuno, 32% Textil<br \/>\nForro: 100% Textil<\/p>\n<\/div>\n<\/div>\n<ul>\n<li>Marca: Puma<\/li>\n<li>Codigo: 399028-10<\/li>\n<li>Modelo: Easy Rider<\/li>\n<li>G\u00e9nero: Hombre<\/li>\n<li>Estilo: Urbano<\/li>\n<li>Cierre: Cordones<\/li>\n<li>Material: Cuero<\/li>\n<li>Color: Negro<\/li>\n<li>Material de la Suela: Goma<\/li>\n<\/ul>","protected":false},"excerpt":{"rendered":"<p>Las PUMA Easy Rider nacieron a finales de los 70, cuando el running se traslad\u00f3 de la pista de atletismo a las calles. Hoy est\u00e1n&#8230;<\/p>","protected":false},"featured_media":54881,"comment_status":"open","ping_status":"closed","template":"","meta":{"om_disable_all_campaigns":false,"_monsterinsights_skip_tracking":false,"_monsterinsights_sitenote_active":false,"_monsterinsights_sitenote_note":"","_monsterinsights_sitenote_category":0,"_uf_show_specific_survey":0,"_uf_disable_surveys":false,"_joinchat":[]},"etheme_brands":[],"product_brand":[],"product_cat":[19],"product_tag":[],"class_list":{"0":"post-53239","1":"product","2":"type-product","3":"status-publish","4":"has-post-thumbnail","6":"product_cat-hombre","7":"product_shipping_class-envio-a-lima-y-provincia","9":"first","10":"instock","11":"sale","12":"featured","13":"shipping-taxable","14":"purchasable","15":"product-type-variable"},"aioseo_notices":[],"_links":{"self":[{"href":"https:\/\/jnksport.com\/en\/wp-json\/wp\/v2\/product\/53239","targetHints":{"allow":["GET"]}}],"collection":[{"href":"https:\/\/jnksport.com\/en\/wp-json\/wp\/v2\/product"}],"about":[{"href":"https:\/\/jnksport.com\/en\/wp-json\/wp\/v2\/types\/product"}],"replies":[{"embeddable":true,"href":"https:\/\/jnksport.com\/en\/wp-json\/wp\/v2\/comments?post=53239"}],"version-history":[{"count":0,"href":"https:\/\/jnksport.com\/en\/wp-json\/wp\/v2\/product\/53239\/revisions"}],"wp:featuredmedia":[{"embeddable":true,"href":"https:\/\/jnksport.com\/en\/wp-json\/wp\/v2\/media\/54881"}],"wp:attachment":[{"href":"https:\/\/jnksport.com\/en\/wp-json\/wp\/v2\/media?parent=53239"}],"wp:term":[{"taxonomy":"brand","embeddable":true,"href":"https:\/\/jnksport.com\/en\/wp-json\/wp\/v2\/etheme_brands?post=53239"},{"taxonomy":"product_brand","embeddable":true,"href":"https:\/\/jnksport.com\/en\/wp-json\/wp\/v2\/product_brand?post=53239"},{"taxonomy":"product_cat","embeddable":true,"href":"https:\/\/jnksport.com\/en\/wp-json\/wp\/v2\/product_cat?post=53239"},{"taxonomy":"product_tag","embeddable":true,"href":"https:\/\/jnksport.com\/en\/wp-json\/wp\/v2\/product_tag?post=53239"}],"curies":[{"name":"wp","href":"https:\/\/api.w.org\/{rel}","templated":true}]}}