{"id":53240,"date":"2025-12-30T20:17:44","date_gmt":"2025-12-30T20:17:44","guid":{"rendered":"https:\/\/jnksport.com\/?post_type=product&#038;p=53240"},"modified":"2026-05-09T08:25:06","modified_gmt":"2026-05-09T08:25:06","slug":"zapatillas-puma-court-lally-skye-400368-01-mujer","status":"publish","type":"product","link":"https:\/\/jnksport.com\/en\/product\/zapatillas-puma-court-lally-skye-400368-01-mujer\/","title":{"rendered":"Zapatillas Puma Court Lally Skye 400368-01 Mujer"},"content":{"rendered":"<div>\n<div>Presentamos las nuevas zapatillas Court Lally Skye de PUMA. Con una suela de goma elevada, estas zapatillas te ofrecen un dise\u00f1o vers\u00e1til y femenino, listo para cualquier ocasi\u00f3n. La plantilla SOFTFOAM+ asegura amortiguaci\u00f3n para todo el d\u00eda.<\/p>\n<p>CARACTER\u00cdSTICAS + BENEFICIOS<br \/>\nEmpeine fabricado con al menos un 20% de materiales reciclados; base fabricada con al menos un 10% de materiales reciclados<br \/>\nSOFTFOAM+: Plantilla c\u00f3moda, dise\u00f1ada con un tal\u00f3n extra grueso para proporcionar una amortiguaci\u00f3n suave<br \/>\nDETALLES<br \/>\nCalce regular<br \/>\nEmpeine de material sint\u00e9tico<br \/>\nCon cordones<br \/>\nBase estilo plataforma<br \/>\nSuela de goma<br \/>\nDetalles de la marca PUMA<br \/>\nInformaci\u00f3n del material<br \/>\nSuela: 100% Goma<br \/>\nExterior: 96.94% Sint\u00e9tico, 3.06% Textil<br \/>\nForro: 100% Textil<\/p><\/div>\n<\/div>\n<ul>\n<li>Marca: Puma<\/li>\n<li>Codigo: 400368-01<\/li>\n<li>Modelo: Court Lally Skye<\/li>\n<li>G\u00e9nero: Mujer<\/li>\n<li>Estilo: Urbano<\/li>\n<li>Cierre: Cordones<\/li>\n<li>Material: Cuero<\/li>\n<li>Color: Blanco<\/li>\n<li>Material de la Suela: Goma<\/li>\n<\/ul>","protected":false},"excerpt":{"rendered":"<p>Presentamos las nuevas zapatillas Court Lally Skye de PUMA. Con una suela de goma elevada, estas zapatillas te ofrecen un dise\u00f1o vers\u00e1til y femenino, listo&#8230;<\/p>","protected":false},"featured_media":53262,"comment_status":"open","ping_status":"closed","template":"","meta":{"om_disable_all_campaigns":false,"_monsterinsights_skip_tracking":false,"_monsterinsights_sitenote_active":false,"_monsterinsights_sitenote_note":"","_monsterinsights_sitenote_category":0,"_uf_show_specific_survey":0,"_uf_disable_surveys":false,"_joinchat":[]},"etheme_brands":[],"product_brand":[],"product_cat":[18],"product_tag":[],"class_list":{"0":"post-53240","1":"product","2":"type-product","3":"status-publish","4":"has-post-thumbnail","6":"product_cat-mujer","7":"product_shipping_class-envio-a-lima-y-provincia","9":"first","10":"instock","11":"sale","12":"featured","13":"shipping-taxable","14":"purchasable","15":"product-type-variable"},"aioseo_notices":[],"_links":{"self":[{"href":"https:\/\/jnksport.com\/en\/wp-json\/wp\/v2\/product\/53240","targetHints":{"allow":["GET"]}}],"collection":[{"href":"https:\/\/jnksport.com\/en\/wp-json\/wp\/v2\/product"}],"about":[{"href":"https:\/\/jnksport.com\/en\/wp-json\/wp\/v2\/types\/product"}],"replies":[{"embeddable":true,"href":"https:\/\/jnksport.com\/en\/wp-json\/wp\/v2\/comments?post=53240"}],"version-history":[{"count":0,"href":"https:\/\/jnksport.com\/en\/wp-json\/wp\/v2\/product\/53240\/revisions"}],"wp:featuredmedia":[{"embeddable":true,"href":"https:\/\/jnksport.com\/en\/wp-json\/wp\/v2\/media\/53262"}],"wp:attachment":[{"href":"https:\/\/jnksport.com\/en\/wp-json\/wp\/v2\/media?parent=53240"}],"wp:term":[{"taxonomy":"brand","embeddable":true,"href":"https:\/\/jnksport.com\/en\/wp-json\/wp\/v2\/etheme_brands?post=53240"},{"taxonomy":"product_brand","embeddable":true,"href":"https:\/\/jnksport.com\/en\/wp-json\/wp\/v2\/product_brand?post=53240"},{"taxonomy":"product_cat","embeddable":true,"href":"https:\/\/jnksport.com\/en\/wp-json\/wp\/v2\/product_cat?post=53240"},{"taxonomy":"product_tag","embeddable":true,"href":"https:\/\/jnksport.com\/en\/wp-json\/wp\/v2\/product_tag?post=53240"}],"curies":[{"name":"wp","href":"https:\/\/api.w.org\/{rel}","templated":true}]}}