{"id":53241,"date":"2025-12-30T20:17:44","date_gmt":"2025-12-30T20:17:44","guid":{"rendered":"https:\/\/jnksport.com\/?post_type=product&#038;p=53241"},"modified":"2026-04-25T19:59:40","modified_gmt":"2026-04-25T19:59:40","slug":"zapatillas-puma-carina-street-lacey-400884-02-mujer","status":"publish","type":"product","link":"https:\/\/jnksport.com\/en\/product\/zapatillas-puma-carina-street-lacey-400884-02-mujer\/","title":{"rendered":"Zapatillas Puma Carina Street Lacey 400884-02 Mujer"},"content":{"rendered":"<div>\n<div>Puma Carina Street Lacey<br \/>\nEl zapato Carina Street presenta un dise\u00f1o inspirado en la moda urbana, con un perfil de plataforma aut\u00e9ntico y detalles tomados del baloncesto, lo que la hace ideal para darle un toque de estilo a tus looksdiarios. Esta versi\u00f3n destaca por sus cordones impresos en 3D.Beneficios del producto<br \/>\nLa parte superior est\u00e1 hecha con al menos un 20% de materiales reciclados y la parte inferior est\u00e1 hecha con al menos un 10%.<br \/>\nAncho regular.<br \/>\nPlantilla SoftFoam+.<br \/>\nPUMA ni\u00f1os grandes: Producto recomendado para ni\u00f1os y adolescentes de 8 a 16 a\u00f1os.<\/div>\n<\/div>\n<ul>\n<li>Marca: Puma<\/li>\n<li>Codigo: 400884-02<\/li>\n<li>Modelo: Carina Street Lacey<\/li>\n<li>G\u00e9nero: Mujer<\/li>\n<li>Estilo: Urbano<\/li>\n<li>Cierre: Cordones<\/li>\n<li>Material: Cuero<\/li>\n<li>Color: Blanco<\/li>\n<li>Material de la Suela: Goma<\/li>\n<\/ul>","protected":false},"excerpt":{"rendered":"<p>Puma Carina Street Lacey El zapato Carina Street presenta un dise\u00f1o inspirado en la moda urbana, con un perfil de plataforma aut\u00e9ntico y detalles tomados&#8230;<\/p>","protected":false},"featured_media":54816,"comment_status":"open","ping_status":"closed","template":"","meta":{"om_disable_all_campaigns":false,"_monsterinsights_skip_tracking":false,"_monsterinsights_sitenote_active":false,"_monsterinsights_sitenote_note":"","_monsterinsights_sitenote_category":0,"_uf_show_specific_survey":0,"_uf_disable_surveys":false,"_joinchat":[]},"etheme_brands":[],"product_brand":[],"product_cat":[18],"product_tag":[],"class_list":{"0":"post-53241","1":"product","2":"type-product","3":"status-publish","4":"has-post-thumbnail","6":"product_cat-mujer","7":"product_shipping_class-envio-a-lima-y-provincia","9":"first","10":"instock","11":"sale","12":"featured","13":"shipping-taxable","14":"purchasable","15":"product-type-variable"},"aioseo_notices":[],"_links":{"self":[{"href":"https:\/\/jnksport.com\/en\/wp-json\/wp\/v2\/product\/53241","targetHints":{"allow":["GET"]}}],"collection":[{"href":"https:\/\/jnksport.com\/en\/wp-json\/wp\/v2\/product"}],"about":[{"href":"https:\/\/jnksport.com\/en\/wp-json\/wp\/v2\/types\/product"}],"replies":[{"embeddable":true,"href":"https:\/\/jnksport.com\/en\/wp-json\/wp\/v2\/comments?post=53241"}],"version-history":[{"count":0,"href":"https:\/\/jnksport.com\/en\/wp-json\/wp\/v2\/product\/53241\/revisions"}],"wp:featuredmedia":[{"embeddable":true,"href":"https:\/\/jnksport.com\/en\/wp-json\/wp\/v2\/media\/54816"}],"wp:attachment":[{"href":"https:\/\/jnksport.com\/en\/wp-json\/wp\/v2\/media?parent=53241"}],"wp:term":[{"taxonomy":"brand","embeddable":true,"href":"https:\/\/jnksport.com\/en\/wp-json\/wp\/v2\/etheme_brands?post=53241"},{"taxonomy":"product_brand","embeddable":true,"href":"https:\/\/jnksport.com\/en\/wp-json\/wp\/v2\/product_brand?post=53241"},{"taxonomy":"product_cat","embeddable":true,"href":"https:\/\/jnksport.com\/en\/wp-json\/wp\/v2\/product_cat?post=53241"},{"taxonomy":"product_tag","embeddable":true,"href":"https:\/\/jnksport.com\/en\/wp-json\/wp\/v2\/product_tag?post=53241"}],"curies":[{"name":"wp","href":"https:\/\/api.w.org\/{rel}","templated":true}]}}