{"id":53297,"date":"2025-12-30T20:17:56","date_gmt":"2025-12-30T20:17:56","guid":{"rendered":"https:\/\/jnksport.com\/?post_type=product&#038;p=53297"},"modified":"2026-03-25T21:51:40","modified_gmt":"2026-03-25T21:51:40","slug":"zapatillas-puma-easy-rider-harry-potter-401208-01-hombre","status":"publish","type":"product","link":"https:\/\/jnksport.com\/en\/product\/zapatillas-puma-easy-rider-harry-potter-401208-01-hombre\/","title":{"rendered":"Zapatillas Puma Easy Rider Harry Potter 401208-01 Hombre"},"content":{"rendered":"<div>\n<div>\n<p>PUMA llega al Mundo M\u00e1gico con una colaboraci\u00f3n m\u00e1gica de calzado y ropa con la franquicia de Harry Potter. En un gui\u00f1o a la Escuela de Magia y Hechicer\u00eda, las zapatillas Harry Potter x PUMA Easy Rider \u00abHogwarts\u00bb presentan un dise\u00f1o desigual que representa las cuatro casas.<\/p>\n<p>Estas zapatillas retro presentan una base de cuero sint\u00e9tico negro con superposiciones de ante suave en la puntera, los ojales, el guardabarros y la parte trasera. La franja caracter\u00edstica marr\u00f3n y los cordones adicionales imitan el estilo vintage del Sombrero Seleccionador, mientras que la etiqueta colgante de la Snitch Dorada rinde homenaje al deporte favorito de los magos, el quidditch. La entresuela de EVA y el ojal de pl\u00e1stico se presentan en vibrantes tonos rojo, dorado, verde y azul como una oda a Gryffindor, Hufflepuff, Slytherin y Ravenclaw. Los animales correspondientes de las cuatro casas adornan el zorro. Una suela de goma antideslizante se adapta a los pies para preservar la herencia futbol\u00edstica de las Easy Rider. Esta edici\u00f3n limitada se presenta en un ba\u00fal inspirado en el quidditch para una experiencia de desempaquetado encantadora.<\/p>\n<\/div>\n<\/div>\n<ul>\n<li>Marca: Puma<\/li>\n<li>Codigo: 401208-01<\/li>\n<li>Modelo: Easy Rider Harry Potter<\/li>\n<li>G\u00e9nero: Hombre<\/li>\n<li>Estilo: Urbano<\/li>\n<li>Cierre: Cordones<\/li>\n<li>Material: Cuero<\/li>\n<li>Color: Marr\u00f3n<\/li>\n<li>Material de la Suela: Goma<\/li>\n<\/ul>","protected":false},"excerpt":{"rendered":"<p>PUMA llega al Mundo M\u00e1gico con una colaboraci\u00f3n m\u00e1gica de calzado y ropa con la franquicia de Harry Potter. En un gui\u00f1o a la Escuela&#8230;<\/p>","protected":false},"featured_media":54827,"comment_status":"open","ping_status":"closed","template":"","meta":{"om_disable_all_campaigns":false,"_monsterinsights_skip_tracking":false,"_monsterinsights_sitenote_active":false,"_monsterinsights_sitenote_note":"","_monsterinsights_sitenote_category":0,"_uf_show_specific_survey":0,"_uf_disable_surveys":false,"_joinchat":[]},"etheme_brands":[],"product_brand":[],"product_cat":[19],"product_tag":[],"class_list":{"0":"post-53297","1":"product","2":"type-product","3":"status-publish","4":"has-post-thumbnail","6":"product_cat-hombre","7":"product_shipping_class-envio-a-lima-y-provincia","9":"first","10":"instock","11":"sale","12":"featured","13":"shipping-taxable","14":"purchasable","15":"product-type-variable"},"aioseo_notices":[],"_links":{"self":[{"href":"https:\/\/jnksport.com\/en\/wp-json\/wp\/v2\/product\/53297","targetHints":{"allow":["GET"]}}],"collection":[{"href":"https:\/\/jnksport.com\/en\/wp-json\/wp\/v2\/product"}],"about":[{"href":"https:\/\/jnksport.com\/en\/wp-json\/wp\/v2\/types\/product"}],"replies":[{"embeddable":true,"href":"https:\/\/jnksport.com\/en\/wp-json\/wp\/v2\/comments?post=53297"}],"version-history":[{"count":0,"href":"https:\/\/jnksport.com\/en\/wp-json\/wp\/v2\/product\/53297\/revisions"}],"wp:featuredmedia":[{"embeddable":true,"href":"https:\/\/jnksport.com\/en\/wp-json\/wp\/v2\/media\/54827"}],"wp:attachment":[{"href":"https:\/\/jnksport.com\/en\/wp-json\/wp\/v2\/media?parent=53297"}],"wp:term":[{"taxonomy":"brand","embeddable":true,"href":"https:\/\/jnksport.com\/en\/wp-json\/wp\/v2\/etheme_brands?post=53297"},{"taxonomy":"product_brand","embeddable":true,"href":"https:\/\/jnksport.com\/en\/wp-json\/wp\/v2\/product_brand?post=53297"},{"taxonomy":"product_cat","embeddable":true,"href":"https:\/\/jnksport.com\/en\/wp-json\/wp\/v2\/product_cat?post=53297"},{"taxonomy":"product_tag","embeddable":true,"href":"https:\/\/jnksport.com\/en\/wp-json\/wp\/v2\/product_tag?post=53297"}],"curies":[{"name":"wp","href":"https:\/\/api.w.org\/{rel}","templated":true}]}}