{"id":53299,"date":"2025-12-30T20:17:56","date_gmt":"2025-12-30T20:17:56","guid":{"rendered":"https:\/\/jnksport.com\/?post_type=product&#038;p=53299"},"modified":"2026-05-01T20:32:26","modified_gmt":"2026-05-01T20:32:26","slug":"zapatillas-skechers-quick-street-405638n-rdw-ninos","status":"publish","type":"product","link":"https:\/\/jnksport.com\/en\/product\/zapatillas-skechers-quick-street-405638n-rdw-ninos\/","title":{"rendered":"Zapatillas Skechers Quick Street 405638N-RDW Ni\u00f1os"},"content":{"rendered":"<div>\n<div>Disfruta del estilo de la cancha con las Skechers Street\u2122 Quick Street. Estas zapatillas bajas lavables a m\u00e1quina cuentan con una parte superior de duraleather suave con cordones el\u00e1sticos, cierre adaptable Skechers y una plantilla acolchada y c\u00f3moda.<br \/>\nCaracter\u00edsticas del producto<br \/>\nParte superior de duraleather suave con perforaciones en los cuartos.<br \/>\nEstilo cancha de ca\u00f1a baja con cordones el\u00e1sticos y correa ajustable en el empeine.<br \/>\nAltura del tac\u00f3n de 3\/4 de pulgada<br \/>\nLavable en la lavadora<br \/>\nDetalle del logotipo de Skechers\u00ae<br \/>\nSkechers f\u00e1cil de poner y quitar Cierre adaptable para un ajuste personalizado<br \/>\nPlantilla acolchada y c\u00f3moda<\/div>\n<\/div>\n<ul>\n<li>Marca: Skechers<\/li>\n<li>Codigo: 405638N-RDW<\/li>\n<li>Modelo: Quick Street<\/li>\n<li>G\u00e9nero: Ni\u00f1os<\/li>\n<li>Estilo: Urbano<\/li>\n<li>Cierre: Cordones<\/li>\n<li>Material: Cuero<\/li>\n<li>Color: Rojo<\/li>\n<li>Material de la Suela: Eva<\/li>\n<\/ul>","protected":false},"excerpt":{"rendered":"<p>Disfruta del estilo de la cancha con las Skechers Street\u2122 Quick Street. Estas zapatillas bajas lavables a m\u00e1quina cuentan con una parte superior de duraleather&#8230;<\/p>","protected":false},"featured_media":59823,"comment_status":"open","ping_status":"closed","template":"","meta":{"om_disable_all_campaigns":false,"_monsterinsights_skip_tracking":false,"_monsterinsights_sitenote_active":false,"_monsterinsights_sitenote_note":"","_monsterinsights_sitenote_category":0,"_uf_show_specific_survey":0,"_uf_disable_surveys":false,"_joinchat":[]},"etheme_brands":[],"product_brand":[],"product_cat":[159],"product_tag":[],"class_list":{"0":"post-53299","1":"product","2":"type-product","3":"status-publish","4":"has-post-thumbnail","6":"product_cat-ninos","7":"product_shipping_class-envio-a-lima-y-provincia","9":"first","10":"instock","11":"featured","12":"shipping-taxable","13":"purchasable","14":"product-type-variable"},"aioseo_notices":[],"_links":{"self":[{"href":"https:\/\/jnksport.com\/en\/wp-json\/wp\/v2\/product\/53299","targetHints":{"allow":["GET"]}}],"collection":[{"href":"https:\/\/jnksport.com\/en\/wp-json\/wp\/v2\/product"}],"about":[{"href":"https:\/\/jnksport.com\/en\/wp-json\/wp\/v2\/types\/product"}],"replies":[{"embeddable":true,"href":"https:\/\/jnksport.com\/en\/wp-json\/wp\/v2\/comments?post=53299"}],"version-history":[{"count":1,"href":"https:\/\/jnksport.com\/en\/wp-json\/wp\/v2\/product\/53299\/revisions"}],"predecessor-version":[{"id":59824,"href":"https:\/\/jnksport.com\/en\/wp-json\/wp\/v2\/product\/53299\/revisions\/59824"}],"wp:featuredmedia":[{"embeddable":true,"href":"https:\/\/jnksport.com\/en\/wp-json\/wp\/v2\/media\/59823"}],"wp:attachment":[{"href":"https:\/\/jnksport.com\/en\/wp-json\/wp\/v2\/media?parent=53299"}],"wp:term":[{"taxonomy":"brand","embeddable":true,"href":"https:\/\/jnksport.com\/en\/wp-json\/wp\/v2\/etheme_brands?post=53299"},{"taxonomy":"product_brand","embeddable":true,"href":"https:\/\/jnksport.com\/en\/wp-json\/wp\/v2\/product_brand?post=53299"},{"taxonomy":"product_cat","embeddable":true,"href":"https:\/\/jnksport.com\/en\/wp-json\/wp\/v2\/product_cat?post=53299"},{"taxonomy":"product_tag","embeddable":true,"href":"https:\/\/jnksport.com\/en\/wp-json\/wp\/v2\/product_tag?post=53299"}],"curies":[{"name":"wp","href":"https:\/\/api.w.org\/{rel}","templated":true}]}}