{"id":53354,"date":"2025-12-30T20:18:11","date_gmt":"2025-12-30T20:18:11","guid":{"rendered":"https:\/\/jnksport.com\/?post_type=product&#038;p=53354"},"modified":"2026-04-20T15:30:26","modified_gmt":"2026-04-20T15:30:26","slug":"zapatillas-converse-all-star-lift-double-a12975-mujer","status":"publish","type":"product","link":"https:\/\/jnksport.com\/en\/product\/zapatillas-converse-all-star-lift-double-a12975-mujer\/","title":{"rendered":"Zapatillas Converse All Star Lift Double A12975 Mujer"},"content":{"rendered":"<div>\n<div>Lleva tu estilo m\u00e1s alto de lo que cre\u00edas posible con las All Star Lift Double Stack. Sabes que tu aspecto se merece la atenci\u00f3n del mundo entero, y estas sneakers con plataforma te ayudar\u00e1n a conseguirlo.<\/p>\n<p>Detalles:<br \/>\nParte superior de lona que te ofrece el look cl\u00e1sico de las Chuck<br \/>\nAmortiguaci\u00f3n EVA que ofrece ligereza y comodidad sin a\u00f1adir volumen<br \/>\nSuela con plataforma de doble altura para ofrecerte m\u00e1s elevaci\u00f3n<br \/>\nColores cl\u00e1sicos que combinan con todos tus looks<br \/>\nParche All Star ic\u00f3nico que celebra el legado de Converse<br \/>\nCategor\u00eda: Calzado<br \/>\nG\u00e9nero: Mujer<br \/>\nColor: Negro<br \/>\nEstilo: Urbano<br \/>\nMaterial Suela: Caucho<br \/>\nSuperficie : Asfalto<br \/>\nTipo de Ca\u00f1a: Ca\u00f1a Alta<\/p><\/div>\n<\/div>\n<ul>\n<li>Marca: Converse<\/li>\n<li>Codigo: A12975<\/li>\n<li>Modelo: All Star Lift Double<\/li>\n<li>G\u00e9nero: Mujer<\/li>\n<li>Estilo: Urbano<\/li>\n<li>Cierre: Cordones<\/li>\n<li>Material: Textil<\/li>\n<li>Color: Negro<\/li>\n<li>Material de la Suela: Caucho<\/li>\n<\/ul>","protected":false},"excerpt":{"rendered":"<p>Lleva tu estilo m\u00e1s alto de lo que cre\u00edas posible con las All Star Lift Double Stack. Sabes que tu aspecto se merece la atenci\u00f3n&#8230;<\/p>","protected":false},"featured_media":53379,"comment_status":"open","ping_status":"closed","template":"","meta":{"om_disable_all_campaigns":false,"_monsterinsights_skip_tracking":false,"_monsterinsights_sitenote_active":false,"_monsterinsights_sitenote_note":"","_monsterinsights_sitenote_category":0,"_uf_show_specific_survey":0,"_uf_disable_surveys":false,"_joinchat":[]},"etheme_brands":[],"product_brand":[],"product_cat":[18],"product_tag":[],"class_list":{"0":"post-53354","1":"product","2":"type-product","3":"status-publish","4":"has-post-thumbnail","6":"product_cat-mujer","7":"product_shipping_class-envio-a-lima-y-provincia","9":"first","10":"instock","11":"sale","12":"featured","13":"shipping-taxable","14":"purchasable","15":"product-type-variable"},"aioseo_notices":[],"_links":{"self":[{"href":"https:\/\/jnksport.com\/en\/wp-json\/wp\/v2\/product\/53354","targetHints":{"allow":["GET"]}}],"collection":[{"href":"https:\/\/jnksport.com\/en\/wp-json\/wp\/v2\/product"}],"about":[{"href":"https:\/\/jnksport.com\/en\/wp-json\/wp\/v2\/types\/product"}],"replies":[{"embeddable":true,"href":"https:\/\/jnksport.com\/en\/wp-json\/wp\/v2\/comments?post=53354"}],"version-history":[{"count":0,"href":"https:\/\/jnksport.com\/en\/wp-json\/wp\/v2\/product\/53354\/revisions"}],"wp:featuredmedia":[{"embeddable":true,"href":"https:\/\/jnksport.com\/en\/wp-json\/wp\/v2\/media\/53379"}],"wp:attachment":[{"href":"https:\/\/jnksport.com\/en\/wp-json\/wp\/v2\/media?parent=53354"}],"wp:term":[{"taxonomy":"brand","embeddable":true,"href":"https:\/\/jnksport.com\/en\/wp-json\/wp\/v2\/etheme_brands?post=53354"},{"taxonomy":"product_brand","embeddable":true,"href":"https:\/\/jnksport.com\/en\/wp-json\/wp\/v2\/product_brand?post=53354"},{"taxonomy":"product_cat","embeddable":true,"href":"https:\/\/jnksport.com\/en\/wp-json\/wp\/v2\/product_cat?post=53354"},{"taxonomy":"product_tag","embeddable":true,"href":"https:\/\/jnksport.com\/en\/wp-json\/wp\/v2\/product_tag?post=53354"}],"curies":[{"name":"wp","href":"https:\/\/api.w.org\/{rel}","templated":true}]}}