{"id":53356,"date":"2025-12-30T20:18:11","date_gmt":"2025-12-30T20:18:11","guid":{"rendered":"https:\/\/jnksport.com\/?post_type=product&#038;p=53356"},"modified":"2026-03-13T12:48:47","modified_gmt":"2026-03-13T12:48:47","slug":"zapatillas-converse-all-star-malden-street-easy-on-a13153-ninos","status":"publish","type":"product","link":"https:\/\/jnksport.com\/en\/product\/zapatillas-converse-all-star-malden-street-easy-on-a13153-ninos\/","title":{"rendered":"Zapatillas Converse All Star Malden Street Easy On A13153 Ni\u00f1os"},"content":{"rendered":"<div>\n<div>M\u00e1s tonalidades, m\u00e1s formas de captar su estilo. Estas Malden Street est\u00e1n disponibles en nuevos colores para adaptarse a su estado de \u00e1nimo.<\/p>\n<p>Detalles:<br \/>\nParte superior de lona con el caracter\u00edstico estilo de Converse<br \/>\nAmortiguaci\u00f3n de espuma suave bajo el pie que permite jugar con comodidad<br \/>\nLeng\u00fceta y zona del tobillo acolchadas para mayor sujeci\u00f3n y comodidad<br \/>\nCorrea ajustable y tira en el tal\u00f3n para pon\u00e9rselas y quit\u00e1rselas f\u00e1cilmente<br \/>\nParche Chuck Taylor ic\u00f3nico en el tobillo y logotipo posterior All Star<br \/>\nCategor\u00eda: Calzado<br \/>\nG\u00e9nero: Ni\u00f1o<br \/>\nColor: Rojo<br \/>\nEstilo: Urbano<br \/>\nMaterial Suela: Caucho<br \/>\nSuperficie : Asfalto<br \/>\nTipo de Ca\u00f1a: Ca\u00f1a Media<\/p><\/div>\n<\/div>\n<ul>\n<li>Marca: Converse<\/li>\n<li>Codigo: A13153<\/li>\n<li>Modelo: All Star Malden Street Easy On<\/li>\n<li>G\u00e9nero: Ni\u00f1os<\/li>\n<li>Estilo: Urbano<\/li>\n<li>Cierre: Cordones<\/li>\n<li>Material: Textil<\/li>\n<li>Color: Rojo<\/li>\n<li>Material de la Suela: Caucho<\/li>\n<\/ul>","protected":false},"excerpt":{"rendered":"<p>M\u00e1s tonalidades, m\u00e1s formas de captar su estilo. Estas Malden Street est\u00e1n disponibles en nuevos colores para adaptarse a su estado de \u00e1nimo. Detalles: Parte&#8230;<\/p>","protected":false},"featured_media":53405,"comment_status":"open","ping_status":"closed","template":"","meta":{"om_disable_all_campaigns":false,"_monsterinsights_skip_tracking":false,"_monsterinsights_sitenote_active":false,"_monsterinsights_sitenote_note":"","_monsterinsights_sitenote_category":0,"_uf_show_specific_survey":0,"_uf_disable_surveys":false,"_joinchat":[]},"etheme_brands":[],"product_brand":[],"product_cat":[159],"product_tag":[],"class_list":{"0":"post-53356","1":"product","2":"type-product","3":"status-publish","4":"has-post-thumbnail","6":"product_cat-ninos","7":"product_shipping_class-envio-a-lima-y-provincia","9":"first","10":"instock","11":"featured","12":"shipping-taxable","13":"purchasable","14":"product-type-variable"},"aioseo_notices":[],"_links":{"self":[{"href":"https:\/\/jnksport.com\/en\/wp-json\/wp\/v2\/product\/53356","targetHints":{"allow":["GET"]}}],"collection":[{"href":"https:\/\/jnksport.com\/en\/wp-json\/wp\/v2\/product"}],"about":[{"href":"https:\/\/jnksport.com\/en\/wp-json\/wp\/v2\/types\/product"}],"replies":[{"embeddable":true,"href":"https:\/\/jnksport.com\/en\/wp-json\/wp\/v2\/comments?post=53356"}],"version-history":[{"count":0,"href":"https:\/\/jnksport.com\/en\/wp-json\/wp\/v2\/product\/53356\/revisions"}],"wp:featuredmedia":[{"embeddable":true,"href":"https:\/\/jnksport.com\/en\/wp-json\/wp\/v2\/media\/53405"}],"wp:attachment":[{"href":"https:\/\/jnksport.com\/en\/wp-json\/wp\/v2\/media?parent=53356"}],"wp:term":[{"taxonomy":"brand","embeddable":true,"href":"https:\/\/jnksport.com\/en\/wp-json\/wp\/v2\/etheme_brands?post=53356"},{"taxonomy":"product_brand","embeddable":true,"href":"https:\/\/jnksport.com\/en\/wp-json\/wp\/v2\/product_brand?post=53356"},{"taxonomy":"product_cat","embeddable":true,"href":"https:\/\/jnksport.com\/en\/wp-json\/wp\/v2\/product_cat?post=53356"},{"taxonomy":"product_tag","embeddable":true,"href":"https:\/\/jnksport.com\/en\/wp-json\/wp\/v2\/product_tag?post=53356"}],"curies":[{"name":"wp","href":"https:\/\/api.w.org\/{rel}","templated":true}]}}