{"id":53417,"date":"2025-12-30T20:18:26","date_gmt":"2025-12-30T20:18:26","guid":{"rendered":"https:\/\/jnksport.com\/?post_type=product&#038;p=53417"},"modified":"2026-04-11T17:03:02","modified_gmt":"2026-04-11T17:03:02","slug":"zapatillas-converse-all-star-seasonal-a13264-mujer","status":"publish","type":"product","link":"https:\/\/jnksport.com\/en\/product\/zapatillas-converse-all-star-seasonal-a13264-mujer\/","title":{"rendered":"Zapatillas Converse All Star Seasonal A13264 Mujer"},"content":{"rendered":"<div>\n<div>M\u00e1s tonalidades, m\u00e1s formas de captar tu estilo. Estas cl\u00e1sicas All Star est\u00e1n disponibles en nuevos colores para adaptarse a su estado de \u00e1nimo.<\/p>\n<p>Detalles:<br \/>\nParte superior de lona con el look cl\u00e1sico de las Chuck<br \/>\nAmortiguaci\u00f3n OrthoLite para ofrecer una comodidad \u00f3ptima<br \/>\nParche Chuck Taylor ic\u00f3nico en el tobillo y logotipo posterior All Star<br \/>\nCategor\u00eda: Calzado<br \/>\nG\u00e9nero: Unisex<br \/>\nColor: Rojo<br \/>\nEstilo: Urbano<br \/>\nMaterial Suela: Caucho<br \/>\nSuperficie : Asfalto<br \/>\nTipo de Ca\u00f1a: Ca\u00f1a Alta<\/p><\/div>\n<\/div>\n<ul>\n<li>Marca: Converse<\/li>\n<li>Codigo: A13264<\/li>\n<li>Modelo: All Star Seasonal<\/li>\n<li>G\u00e9nero: Mujer<\/li>\n<li>Estilo: Urbano<\/li>\n<li>Cierre: Cordones<\/li>\n<li>Material: Textil<\/li>\n<li>Color: Rojo<\/li>\n<li>Material de la Suela: Caucho<\/li>\n<\/ul>","protected":false},"excerpt":{"rendered":"<p>M\u00e1s tonalidades, m\u00e1s formas de captar tu estilo. Estas cl\u00e1sicas All Star est\u00e1n disponibles en nuevos colores para adaptarse a su estado de \u00e1nimo. Detalles:&#8230;<\/p>","protected":false},"featured_media":53444,"comment_status":"open","ping_status":"closed","template":"","meta":{"om_disable_all_campaigns":false,"_monsterinsights_skip_tracking":false,"_monsterinsights_sitenote_active":false,"_monsterinsights_sitenote_note":"","_monsterinsights_sitenote_category":0,"_uf_show_specific_survey":0,"_uf_disable_surveys":false,"_joinchat":[]},"etheme_brands":[],"product_brand":[],"product_cat":[18],"product_tag":[],"class_list":{"0":"post-53417","1":"product","2":"type-product","3":"status-publish","4":"has-post-thumbnail","6":"product_cat-mujer","7":"product_shipping_class-envio-a-lima-y-provincia","9":"first","10":"instock","11":"sale","12":"featured","13":"shipping-taxable","14":"purchasable","15":"product-type-variable"},"aioseo_notices":[],"_links":{"self":[{"href":"https:\/\/jnksport.com\/en\/wp-json\/wp\/v2\/product\/53417","targetHints":{"allow":["GET"]}}],"collection":[{"href":"https:\/\/jnksport.com\/en\/wp-json\/wp\/v2\/product"}],"about":[{"href":"https:\/\/jnksport.com\/en\/wp-json\/wp\/v2\/types\/product"}],"replies":[{"embeddable":true,"href":"https:\/\/jnksport.com\/en\/wp-json\/wp\/v2\/comments?post=53417"}],"version-history":[{"count":0,"href":"https:\/\/jnksport.com\/en\/wp-json\/wp\/v2\/product\/53417\/revisions"}],"wp:featuredmedia":[{"embeddable":true,"href":"https:\/\/jnksport.com\/en\/wp-json\/wp\/v2\/media\/53444"}],"wp:attachment":[{"href":"https:\/\/jnksport.com\/en\/wp-json\/wp\/v2\/media?parent=53417"}],"wp:term":[{"taxonomy":"brand","embeddable":true,"href":"https:\/\/jnksport.com\/en\/wp-json\/wp\/v2\/etheme_brands?post=53417"},{"taxonomy":"product_brand","embeddable":true,"href":"https:\/\/jnksport.com\/en\/wp-json\/wp\/v2\/product_brand?post=53417"},{"taxonomy":"product_cat","embeddable":true,"href":"https:\/\/jnksport.com\/en\/wp-json\/wp\/v2\/product_cat?post=53417"},{"taxonomy":"product_tag","embeddable":true,"href":"https:\/\/jnksport.com\/en\/wp-json\/wp\/v2\/product_tag?post=53417"}],"curies":[{"name":"wp","href":"https:\/\/api.w.org\/{rel}","templated":true}]}}