{"id":53560,"date":"2025-12-30T20:19:02","date_gmt":"2025-12-30T20:19:02","guid":{"rendered":"https:\/\/jnksport.com\/?post_type=product&#038;p=53560"},"modified":"2026-04-11T17:03:02","modified_gmt":"2026-04-11T17:03:02","slug":"zapatillas-converse-all-star-floral-a16521-mujer","status":"publish","type":"product","link":"https:\/\/jnksport.com\/en\/product\/zapatillas-converse-all-star-floral-a16521-mujer\/","title":{"rendered":"Zapatillas Converse All Star Floral A16521 Mujer"},"content":{"rendered":"<div>\n<div>Sea la estaci\u00f3n que sea, las Chuck siempre est\u00e1n en flor. Estas zapatillas de corte alto se cubren de flores para aportar alegr\u00eda y color a tus looks. No necesitas tener mano con las plantas.<\/p>\n<p>Detalles:<br \/>\nParte superior de lona duradera para crear el look cl\u00e1sico de las Chuck<br \/>\nAmortiguaci\u00f3n OrthoLite para ofrecer una comodidad \u00f3ptima<br \/>\nEstampados florales por toda la superficie para sacar a relucir tu estilo<br \/>\nParche Chuck Taylor ic\u00f3nico en el tobillo y logotipo posterior All Star<br \/>\nCategor\u00eda: Calzado<br \/>\nG\u00e9nero: Mujer<br \/>\nColor: Crema<br \/>\nEstilo: Urbano<br \/>\nMaterial Suela: Caucho<br \/>\nSuperficie : Asfalto<br \/>\nTipo de Ca\u00f1a: Ca\u00f1a Baja<\/p><\/div>\n<\/div>\n<ul>\n<li>Marca: Converse<\/li>\n<li>Codigo: A16521<\/li>\n<li>Modelo: All Star Floral<\/li>\n<li>G\u00e9nero: Mujer<\/li>\n<li>Estilo: Urbano<\/li>\n<li>Cierre: Cordones<\/li>\n<li>Material: Textil<\/li>\n<li>Color: Crema<\/li>\n<li>Material de la Suela: Caucho<\/li>\n<\/ul>","protected":false},"excerpt":{"rendered":"<p>Sea la estaci\u00f3n que sea, las Chuck siempre est\u00e1n en flor. Estas zapatillas de corte alto se cubren de flores para aportar alegr\u00eda y color&#8230;<\/p>","protected":false},"featured_media":53581,"comment_status":"open","ping_status":"closed","template":"","meta":{"om_disable_all_campaigns":false,"_monsterinsights_skip_tracking":false,"_monsterinsights_sitenote_active":false,"_monsterinsights_sitenote_note":"","_monsterinsights_sitenote_category":0,"_uf_show_specific_survey":0,"_uf_disable_surveys":false,"_joinchat":[]},"etheme_brands":[],"product_brand":[],"product_cat":[18],"product_tag":[],"class_list":{"0":"post-53560","1":"product","2":"type-product","3":"status-publish","4":"has-post-thumbnail","6":"product_cat-mujer","7":"product_shipping_class-envio-a-lima-y-provincia","9":"first","10":"instock","11":"sale","12":"featured","13":"shipping-taxable","14":"purchasable","15":"product-type-variable"},"aioseo_notices":[],"_links":{"self":[{"href":"https:\/\/jnksport.com\/en\/wp-json\/wp\/v2\/product\/53560","targetHints":{"allow":["GET"]}}],"collection":[{"href":"https:\/\/jnksport.com\/en\/wp-json\/wp\/v2\/product"}],"about":[{"href":"https:\/\/jnksport.com\/en\/wp-json\/wp\/v2\/types\/product"}],"replies":[{"embeddable":true,"href":"https:\/\/jnksport.com\/en\/wp-json\/wp\/v2\/comments?post=53560"}],"version-history":[{"count":0,"href":"https:\/\/jnksport.com\/en\/wp-json\/wp\/v2\/product\/53560\/revisions"}],"wp:featuredmedia":[{"embeddable":true,"href":"https:\/\/jnksport.com\/en\/wp-json\/wp\/v2\/media\/53581"}],"wp:attachment":[{"href":"https:\/\/jnksport.com\/en\/wp-json\/wp\/v2\/media?parent=53560"}],"wp:term":[{"taxonomy":"brand","embeddable":true,"href":"https:\/\/jnksport.com\/en\/wp-json\/wp\/v2\/etheme_brands?post=53560"},{"taxonomy":"product_brand","embeddable":true,"href":"https:\/\/jnksport.com\/en\/wp-json\/wp\/v2\/product_brand?post=53560"},{"taxonomy":"product_cat","embeddable":true,"href":"https:\/\/jnksport.com\/en\/wp-json\/wp\/v2\/product_cat?post=53560"},{"taxonomy":"product_tag","embeddable":true,"href":"https:\/\/jnksport.com\/en\/wp-json\/wp\/v2\/product_tag?post=53560"}],"curies":[{"name":"wp","href":"https:\/\/api.w.org\/{rel}","templated":true}]}}