{"id":53562,"date":"2025-12-30T20:19:02","date_gmt":"2025-12-30T20:19:02","guid":{"rendered":"https:\/\/jnksport.com\/?post_type=product&#038;p=53562"},"modified":"2026-04-27T23:51:31","modified_gmt":"2026-04-27T23:51:31","slug":"zapatillas-nike-pegasus-40-dv3853-001-hombre","status":"publish","type":"product","link":"https:\/\/jnksport.com\/en\/product\/zapatillas-nike-pegasus-40-dv3853-001-hombre\/","title":{"rendered":"Zapatillas Nike Pegasus 40 DV3853-001 Hombre"},"content":{"rendered":"<div>\n<div>\n<p>Un paso amortiguado en todo tipo de carrera, la sensaci\u00f3n familiar de estar hecho solo para ti que ofrece el Peg, vuelve para ayudarte a alcanzar tus metas. Esta versi\u00f3n es un hito que ofrece la misma capacidad de respuesta que te encanta, pero mayor comodidad en esas zonas sensibles del pie, como el arco y los dedos. Ya sea que recorras largos kil\u00f3metros en un marat\u00f3n, exprimas tu esfuerzo en una carrera de velocidad antes de que se ponga el sol o te unas a un grupo espont\u00e1neo de exploradores, sigue siendo un corredor con una trayectoria fija, en el cual puedes poner tu confianza, d\u00eda tras d\u00eda, carrera tras carrera.<\/p>\n<p>Soporte: neutro<\/p>\n<p>Cuanto m\u00e1s soporte ofrece el calzado, m\u00e1s estabilidad puede darle a tu pisada natural. La combinaci\u00f3n de soporte optimizado y amortiguaci\u00f3n colocada intencionalmente te ayuda a sentir seguridad en cada paso. El Peg 40 cuenta con un soporte neutro. Te brinda equilibrio, sin importar si corres poniendo el peso en los talones o en el antepi\u00e9. Es igual de bueno para carreras largas y cortas, lo que proporciona una transici\u00f3n suave desde el tal\u00f3n hasta la puntera.<\/p>\n<p>Amortiguaci\u00f3n: media<\/p>\n<p>Cuanto m\u00e1s amortiguaci\u00f3n tengas en la planta del pie, m\u00e1s suave y c\u00f3moda puede ser tu experiencia de running. La amortiguaci\u00f3n suaviza el impacto cuando los pies llegan al suelo. Siente una conexi\u00f3n con el suelo con la tecnolog\u00eda Nike React, una espuma ligera y duradera que proporciona una pisada suave y eficaz. Mantiene su forma carrera tras carrera para brindarte una sensaci\u00f3n uniforme.<\/p>\n<p>Capacidad de respuesta inmediata: alta<\/p>\n<p>Cuanta m\u00e1s respuesta inmediata tenga el calzado, m\u00e1s retorno de energ\u00eda obtendr\u00e1s con cada paso. Ya sea que quieras correr un poco m\u00e1s r\u00e1pido o con un poco menos de esfuerzo, un calzado con respuesta inmediata te brinda m\u00e1s elasticidad en tu pisada para que aproveches al m\u00e1ximo tu carrera. Combinamos la tecnolog\u00eda Nike React con 2 unidades Zoom Air (una en el antepi\u00e9 y una en el tal\u00f3n) para brindarte una sensaci\u00f3n el\u00e1stica y amortiguada, y un poco de energ\u00eda al despegar.<\/p>\n<p>\u00bfQu\u00e9 hay nuevo en el Peg 40?<\/p>\n<p>Aumentamos la espuma alrededor del cuello para brindar un ajuste \u00f3ptimo y una mayor comodidad. Adem\u00e1s, mejoramos el forro y la almohadilla de todo el interior para que el ajuste sea incre\u00edblemente suave.<\/p>\n<p>Ajuste y sensaci\u00f3n c\u00f3modos<\/p>\n<p>La malla de una sola capa altamente afinada crea una sensaci\u00f3n y un ajuste c\u00f3modos. Redise\u00f1amos la correa del mediopi\u00e9 para brindar un ajuste m\u00e1s moldeado al pie, con una forma para arcos de todos los tama\u00f1os.<\/p>\n<p>Detr\u00e1s del dise\u00f1o<\/p>\n<p>Cuando nos pusimos a dise\u00f1ar el Peg 40, adoptamos un enfoque de adentro hacia afuera, literalmente, y empezamos por poner una banda en el mediopi\u00e9 para brindar una sensaci\u00f3n de mayor seguridad e indulgencia a la vez, como si el Peg le diera al arco del pie un abrazo suave y acogedor. Quer\u00edamos hacer los l\u00edmites interiores del calzado c\u00f3modos, transpirables y agradables en los dedos, el arco y el tal\u00f3n, donde tus pies son m\u00e1s sensibles, con un patr\u00f3n gr\u00e1fico circular especialmente dise\u00f1ado que permite que se adapte a tu pie. Su material de gamuza te proporciona un mejor ajuste sin ninguna irritaci\u00f3n, desde tu primera carrera hasta la \u00faltima.<\/p>\n<p>M\u00e1s beneficios<\/p>\n<p>La zona del tal\u00f3n optimiza el espacio de aterrizaje y mejora la transici\u00f3n y la durabilidad.<br \/>\nEl patr\u00f3n gr\u00e1fico inspirado en el waffle proporciona tracci\u00f3n para la pista.<br \/>\nLas ranuras extra flexibles proporcionan suavidad al despegar con la punta del pie.<\/p>\n<p>Datos del producto<\/p>\n<p>Este producto no est\u00e1 dise\u00f1ado para usarse como equipo de protecci\u00f3n personal (EPP)<\/p>\n<\/div>\n<\/div>\n<ul>\n<li>Marca: Nike<\/li>\n<li>Codigo: DV3853-001<\/li>\n<li>Modelo: Pegasus 40<\/li>\n<li>G\u00e9nero: Hombre<\/li>\n<li>Estilo: Deportivo<\/li>\n<li>Cierre: Cordones<\/li>\n<li>Material: Textil<\/li>\n<li>Color: Negro<\/li>\n<li>Material de la Suela: Goma<\/li>\n<\/ul>","protected":false},"excerpt":{"rendered":"<p>Un paso amortiguado en todo tipo de carrera, la sensaci\u00f3n familiar de estar hecho solo para ti que ofrece el Peg, vuelve para ayudarte a&#8230;<\/p>","protected":false},"featured_media":59593,"comment_status":"open","ping_status":"closed","template":"","meta":{"om_disable_all_campaigns":false,"_monsterinsights_skip_tracking":false,"_monsterinsights_sitenote_active":false,"_monsterinsights_sitenote_note":"","_monsterinsights_sitenote_category":0,"_uf_show_specific_survey":0,"_uf_disable_surveys":false,"_joinchat":[]},"etheme_brands":[],"product_brand":[],"product_cat":[19],"product_tag":[],"class_list":{"0":"post-53562","1":"product","2":"type-product","3":"status-publish","4":"has-post-thumbnail","6":"product_cat-hombre","7":"product_shipping_class-envio-a-lima-y-provincia","9":"first","10":"instock","11":"sale","12":"featured","13":"shipping-taxable","14":"purchasable","15":"product-type-variable"},"aioseo_notices":[],"_links":{"self":[{"href":"https:\/\/jnksport.com\/en\/wp-json\/wp\/v2\/product\/53562","targetHints":{"allow":["GET"]}}],"collection":[{"href":"https:\/\/jnksport.com\/en\/wp-json\/wp\/v2\/product"}],"about":[{"href":"https:\/\/jnksport.com\/en\/wp-json\/wp\/v2\/types\/product"}],"replies":[{"embeddable":true,"href":"https:\/\/jnksport.com\/en\/wp-json\/wp\/v2\/comments?post=53562"}],"version-history":[{"count":1,"href":"https:\/\/jnksport.com\/en\/wp-json\/wp\/v2\/product\/53562\/revisions"}],"predecessor-version":[{"id":59594,"href":"https:\/\/jnksport.com\/en\/wp-json\/wp\/v2\/product\/53562\/revisions\/59594"}],"wp:featuredmedia":[{"embeddable":true,"href":"https:\/\/jnksport.com\/en\/wp-json\/wp\/v2\/media\/59593"}],"wp:attachment":[{"href":"https:\/\/jnksport.com\/en\/wp-json\/wp\/v2\/media?parent=53562"}],"wp:term":[{"taxonomy":"brand","embeddable":true,"href":"https:\/\/jnksport.com\/en\/wp-json\/wp\/v2\/etheme_brands?post=53562"},{"taxonomy":"product_brand","embeddable":true,"href":"https:\/\/jnksport.com\/en\/wp-json\/wp\/v2\/product_brand?post=53562"},{"taxonomy":"product_cat","embeddable":true,"href":"https:\/\/jnksport.com\/en\/wp-json\/wp\/v2\/product_cat?post=53562"},{"taxonomy":"product_tag","embeddable":true,"href":"https:\/\/jnksport.com\/en\/wp-json\/wp\/v2\/product_tag?post=53562"}],"curies":[{"name":"wp","href":"https:\/\/api.w.org\/{rel}","templated":true}]}}