{"id":53682,"date":"2025-12-30T20:19:29","date_gmt":"2025-12-30T20:19:29","guid":{"rendered":"https:\/\/jnksport.com\/?post_type=product&#038;p=53682"},"modified":"2026-04-20T15:30:27","modified_gmt":"2026-04-20T15:30:27","slug":"zapatillas-nike-air-max-portal-se-hq1789-100-mujer","status":"publish","type":"product","link":"https:\/\/jnksport.com\/en\/product\/zapatillas-nike-air-max-portal-se-hq1789-100-mujer\/","title":{"rendered":"Zapatillas Nike Air Max Portal Se HQ1789-100 Mujer"},"content":{"rendered":"<div>\n<div>\n<p>NIKE AIR MAX PORTAL SE<\/p>\n<p>Transporta tu estilo con los nuevos Air Max. Los Portal son la combinaci\u00f3n perfecta de robustez y elegancia, ya que combinan la suela de plataforma de los 2000 con la parte superior minimalista de los dise\u00f1os contempor\u00e1neos. Agregamos una entresuela de forma ovalada con una amortiguaci\u00f3n que da la sensaci\u00f3n de estar caminando sobre una nube que ofrece un look elevado para el d\u00eda a d\u00eda. Son tan c\u00f3modos que parecen de otro mundo.<\/p>\n<p>Beneficios<\/p>\n<p>Material acolchado para ofrecer suavidad y un look elegante.<br \/>\nLa entresuela gruesa de espuma con amortiguaci\u00f3n visible Nike Air en el tal\u00f3n les da la altura perfecta.<br \/>\nLa suela de goma proporciona una tracci\u00f3n duradera.<br \/>\nLos detalles de dise\u00f1o se inspiran en los modelos de running de la d\u00e9cada de los 2000.<\/p>\n<p>Datos del producto<\/p>\n<p>Logotipo Swoosh bordado<br \/>\nPresilla de agarre en el tal\u00f3n<br \/>\nEntresuela de espuma<br \/>\nSuela de goma<\/p>\n<\/div>\n<\/div>\n<ul>\n<li>Marca: Nike<\/li>\n<li>Codigo: HQ1789-100<\/li>\n<li>Modelo: Air Max Portal Se<\/li>\n<li>G\u00e9nero: Mujer<\/li>\n<li>Estilo: Urbano<\/li>\n<li>Cierre: Cordones<\/li>\n<li>Material: Textil<\/li>\n<li>Color: Beige<\/li>\n<li>Material de la Suela: Goma<\/li>\n<\/ul>","protected":false},"excerpt":{"rendered":"<p>NIKE AIR MAX PORTAL SE Transporta tu estilo con los nuevos Air Max. Los Portal son la combinaci\u00f3n perfecta de robustez y elegancia, ya que&#8230;<\/p>","protected":false},"featured_media":54795,"comment_status":"open","ping_status":"closed","template":"","meta":{"om_disable_all_campaigns":false,"_monsterinsights_skip_tracking":false,"_monsterinsights_sitenote_active":false,"_monsterinsights_sitenote_note":"","_monsterinsights_sitenote_category":0,"_uf_show_specific_survey":0,"_uf_disable_surveys":false,"_joinchat":[]},"etheme_brands":[],"product_brand":[],"product_cat":[18],"product_tag":[],"class_list":{"0":"post-53682","1":"product","2":"type-product","3":"status-publish","4":"has-post-thumbnail","6":"product_cat-mujer","7":"product_shipping_class-envio-a-lima-y-provincia","9":"first","10":"instock","11":"sale","12":"featured","13":"shipping-taxable","14":"purchasable","15":"product-type-variable"},"aioseo_notices":[],"_links":{"self":[{"href":"https:\/\/jnksport.com\/en\/wp-json\/wp\/v2\/product\/53682","targetHints":{"allow":["GET"]}}],"collection":[{"href":"https:\/\/jnksport.com\/en\/wp-json\/wp\/v2\/product"}],"about":[{"href":"https:\/\/jnksport.com\/en\/wp-json\/wp\/v2\/types\/product"}],"replies":[{"embeddable":true,"href":"https:\/\/jnksport.com\/en\/wp-json\/wp\/v2\/comments?post=53682"}],"version-history":[{"count":0,"href":"https:\/\/jnksport.com\/en\/wp-json\/wp\/v2\/product\/53682\/revisions"}],"wp:featuredmedia":[{"embeddable":true,"href":"https:\/\/jnksport.com\/en\/wp-json\/wp\/v2\/media\/54795"}],"wp:attachment":[{"href":"https:\/\/jnksport.com\/en\/wp-json\/wp\/v2\/media?parent=53682"}],"wp:term":[{"taxonomy":"brand","embeddable":true,"href":"https:\/\/jnksport.com\/en\/wp-json\/wp\/v2\/etheme_brands?post=53682"},{"taxonomy":"product_brand","embeddable":true,"href":"https:\/\/jnksport.com\/en\/wp-json\/wp\/v2\/product_brand?post=53682"},{"taxonomy":"product_cat","embeddable":true,"href":"https:\/\/jnksport.com\/en\/wp-json\/wp\/v2\/product_cat?post=53682"},{"taxonomy":"product_tag","embeddable":true,"href":"https:\/\/jnksport.com\/en\/wp-json\/wp\/v2\/product_tag?post=53682"}],"curies":[{"name":"wp","href":"https:\/\/api.w.org\/{rel}","templated":true}]}}