{"id":53683,"date":"2025-12-30T20:19:29","date_gmt":"2025-12-30T20:19:29","guid":{"rendered":"https:\/\/jnksport.com\/?post_type=product&#038;p=53683"},"modified":"2026-04-29T22:32:13","modified_gmt":"2026-04-29T22:32:13","slug":"zapatillas-nike-v5-rnr-hq7901-001-mujer","status":"publish","type":"product","link":"https:\/\/jnksport.com\/en\/product\/zapatillas-nike-v5-rnr-hq7901-001-mujer\/","title":{"rendered":"Zapatillas Nike V5 Rnr HQ7901-001 Mujer"},"content":{"rendered":"<div>\n<div>\n<p>Afronta tu d\u00eda a d\u00eda con unos tenis que combinan la comodidad con el estilo. Manteni\u00e9ndose fiel a sus ra\u00edces Y2K, los V5 RNR tienen una entresuela de espuma que es robusto pero liviano. Adem\u00e1s, los detalles metalizados y el logotipo Swoosh en 3D elevan estos tenis retro para los runners.<\/p>\n<p>Beneficios<\/p>\n<p>La parte superior de malla con revestimientos de cuero sint\u00e9tico es transpirable y duradera.<br \/>\nEl forro suave en el cuello y la entresuela de espuma ofrecen comodidad durante todo el d\u00eda.<br \/>\nLa suela de goma con ranuras inspiradas en los a\u00f1os 2000 a\u00f1ade una tracci\u00f3n excelente.<\/p>\n<p>Datos del producto<\/p>\n<p>Logotipo Swoosh en 3D<br \/>\nEste producto no est\u00e1 dise\u00f1ado para usarse como equipo de protecci\u00f3n personal (EPP)<\/p>\n<\/div>\n<\/div>\n<ul>\n<li>Marca: Nike<\/li>\n<li>Codigo: HQ7901-001<\/li>\n<li>Modelo: V5 Rnr<\/li>\n<li>G\u00e9nero: Mujer<\/li>\n<li>Estilo: Urbano<\/li>\n<li>Cierre: Cordones<\/li>\n<li>Material: Textil<\/li>\n<li>Color: Negro<\/li>\n<li>Material de la Suela: Goma<\/li>\n<\/ul>","protected":false},"excerpt":{"rendered":"<p>Afronta tu d\u00eda a d\u00eda con unos tenis que combinan la comodidad con el estilo. Manteni\u00e9ndose fiel a sus ra\u00edces Y2K, los V5 RNR tienen&#8230;<\/p>","protected":false},"featured_media":54799,"comment_status":"open","ping_status":"closed","template":"","meta":{"om_disable_all_campaigns":false,"_monsterinsights_skip_tracking":false,"_monsterinsights_sitenote_active":false,"_monsterinsights_sitenote_note":"","_monsterinsights_sitenote_category":0,"_uf_show_specific_survey":0,"_uf_disable_surveys":false,"_joinchat":[]},"etheme_brands":[],"product_brand":[],"product_cat":[18],"product_tag":[],"class_list":{"0":"post-53683","1":"product","2":"type-product","3":"status-publish","4":"has-post-thumbnail","6":"product_cat-mujer","7":"product_shipping_class-envio-a-lima-y-provincia","9":"first","10":"instock","11":"sale","12":"featured","13":"shipping-taxable","14":"purchasable","15":"product-type-variable"},"aioseo_notices":[],"_links":{"self":[{"href":"https:\/\/jnksport.com\/en\/wp-json\/wp\/v2\/product\/53683","targetHints":{"allow":["GET"]}}],"collection":[{"href":"https:\/\/jnksport.com\/en\/wp-json\/wp\/v2\/product"}],"about":[{"href":"https:\/\/jnksport.com\/en\/wp-json\/wp\/v2\/types\/product"}],"replies":[{"embeddable":true,"href":"https:\/\/jnksport.com\/en\/wp-json\/wp\/v2\/comments?post=53683"}],"version-history":[{"count":0,"href":"https:\/\/jnksport.com\/en\/wp-json\/wp\/v2\/product\/53683\/revisions"}],"wp:featuredmedia":[{"embeddable":true,"href":"https:\/\/jnksport.com\/en\/wp-json\/wp\/v2\/media\/54799"}],"wp:attachment":[{"href":"https:\/\/jnksport.com\/en\/wp-json\/wp\/v2\/media?parent=53683"}],"wp:term":[{"taxonomy":"brand","embeddable":true,"href":"https:\/\/jnksport.com\/en\/wp-json\/wp\/v2\/etheme_brands?post=53683"},{"taxonomy":"product_brand","embeddable":true,"href":"https:\/\/jnksport.com\/en\/wp-json\/wp\/v2\/product_brand?post=53683"},{"taxonomy":"product_cat","embeddable":true,"href":"https:\/\/jnksport.com\/en\/wp-json\/wp\/v2\/product_cat?post=53683"},{"taxonomy":"product_tag","embeddable":true,"href":"https:\/\/jnksport.com\/en\/wp-json\/wp\/v2\/product_tag?post=53683"}],"curies":[{"name":"wp","href":"https:\/\/api.w.org\/{rel}","templated":true}]}}