{"id":53684,"date":"2025-12-30T20:19:29","date_gmt":"2025-12-30T20:19:29","guid":{"rendered":"https:\/\/jnksport.com\/?post_type=product&#038;p=53684"},"modified":"2026-04-29T22:32:13","modified_gmt":"2026-04-29T22:32:13","slug":"zapatillas-nike-court-vision-low-premium-hv8139-700-hombre","status":"publish","type":"product","link":"https:\/\/jnksport.com\/en\/product\/zapatillas-nike-court-vision-low-premium-hv8139-700-hombre\/","title":{"rendered":"Zapatillas Nike Court Vision Low Premium HV8139-700 Hombre"},"content":{"rendered":"<div>\n<div>\n<p>NIKE COURT VISION LOW PREMIUM<\/p>\n<p>El estilo fastbreak del b\u00e1squetbol de los 80 se une a la cultura de ritmo r\u00e1pido del deporte de hoy con los Nike Court Vision Low. Cuentan con una parte superior inspirada en los tenis de b\u00e1squetbol de la vieja escuela y con la suela cupsole de goma cl\u00e1sica que se present\u00f3 en algunos de los estilos m\u00e1s ic\u00f3nicos del pasado.<\/p>\n<p>Beneficios<\/p>\n<p>La suela cupsole de goma ofrece durabilidad y tracci\u00f3n.<br \/>\nLas perforaciones en la punta y los costados ofrecen una mayor transpirabilidad.<\/p>\n<\/div>\n<\/div>\n<ul>\n<li>Marca: Nike<\/li>\n<li>Codigo: HV8139-700<\/li>\n<li>Modelo: Court Vision Low Premium<\/li>\n<li>G\u00e9nero: Hombre<\/li>\n<li>Estilo: Urbano<\/li>\n<li>Cierre: Cordones<\/li>\n<li>Material: Cuero<\/li>\n<li>Color: Marr\u00f3n<\/li>\n<li>Material de la Suela: Goma<\/li>\n<\/ul>","protected":false},"excerpt":{"rendered":"<p>NIKE COURT VISION LOW PREMIUM El estilo fastbreak del b\u00e1squetbol de los 80 se une a la cultura de ritmo r\u00e1pido del deporte de hoy&#8230;<\/p>","protected":false},"featured_media":54797,"comment_status":"open","ping_status":"closed","template":"","meta":{"om_disable_all_campaigns":false,"_monsterinsights_skip_tracking":false,"_monsterinsights_sitenote_active":false,"_monsterinsights_sitenote_note":"","_monsterinsights_sitenote_category":0,"_uf_show_specific_survey":0,"_uf_disable_surveys":false,"_joinchat":[]},"etheme_brands":[],"product_brand":[],"product_cat":[19],"product_tag":[],"class_list":{"0":"post-53684","1":"product","2":"type-product","3":"status-publish","4":"has-post-thumbnail","6":"product_cat-hombre","7":"product_shipping_class-envio-a-lima-y-provincia","9":"first","10":"instock","11":"sale","12":"featured","13":"shipping-taxable","14":"purchasable","15":"product-type-variable"},"aioseo_notices":[],"_links":{"self":[{"href":"https:\/\/jnksport.com\/en\/wp-json\/wp\/v2\/product\/53684","targetHints":{"allow":["GET"]}}],"collection":[{"href":"https:\/\/jnksport.com\/en\/wp-json\/wp\/v2\/product"}],"about":[{"href":"https:\/\/jnksport.com\/en\/wp-json\/wp\/v2\/types\/product"}],"replies":[{"embeddable":true,"href":"https:\/\/jnksport.com\/en\/wp-json\/wp\/v2\/comments?post=53684"}],"version-history":[{"count":0,"href":"https:\/\/jnksport.com\/en\/wp-json\/wp\/v2\/product\/53684\/revisions"}],"wp:featuredmedia":[{"embeddable":true,"href":"https:\/\/jnksport.com\/en\/wp-json\/wp\/v2\/media\/54797"}],"wp:attachment":[{"href":"https:\/\/jnksport.com\/en\/wp-json\/wp\/v2\/media?parent=53684"}],"wp:term":[{"taxonomy":"brand","embeddable":true,"href":"https:\/\/jnksport.com\/en\/wp-json\/wp\/v2\/etheme_brands?post=53684"},{"taxonomy":"product_brand","embeddable":true,"href":"https:\/\/jnksport.com\/en\/wp-json\/wp\/v2\/product_brand?post=53684"},{"taxonomy":"product_cat","embeddable":true,"href":"https:\/\/jnksport.com\/en\/wp-json\/wp\/v2\/product_cat?post=53684"},{"taxonomy":"product_tag","embeddable":true,"href":"https:\/\/jnksport.com\/en\/wp-json\/wp\/v2\/product_tag?post=53684"}],"curies":[{"name":"wp","href":"https:\/\/api.w.org\/{rel}","templated":true}]}}