{"id":53685,"date":"2025-12-30T20:19:29","date_gmt":"2025-12-30T20:19:29","guid":{"rendered":"https:\/\/jnksport.com\/?post_type=product&#038;p=53685"},"modified":"2026-04-29T22:32:13","modified_gmt":"2026-04-29T22:32:13","slug":"zapatillas-nike-air-max-fire-if2620-003-mujer","status":"publish","type":"product","link":"https:\/\/jnksport.com\/en\/product\/zapatillas-nike-air-max-fire-if2620-003-mujer\/","title":{"rendered":"Zapatillas Nike Air Max Fire IF2620-003 Mujer"},"content":{"rendered":"<div>\n<div>\n<p>Elegante y de apoyo, el Fire es una edici\u00f3n caliente para la familia Air Max. La parte superior de cuero sint\u00e9tico agrega estructura y durabilidad, mientras que Max Air en el tal\u00f3n proporciona amortiguaci\u00f3n durante todo el d\u00eda.<\/p>\n<p>Beneficios<\/p>\n<p>Lujosa y c\u00f3moda, la amortiguaci\u00f3n Max Air tiene la cantidad justa de soporte.<br \/>\nLa suela de goma agrega durabilidad y agarre.<\/p>\n<p>Detalles del producto<\/p>\n<p>Parte superior de cuero sint\u00e9tico<br \/>\nEntresuela de espuma Suela<br \/>\nde goma<\/p>\n<\/div>\n<\/div>\n<ul>\n<li>Marca: Nike<\/li>\n<li>Codigo: IF2620-003<\/li>\n<li>Modelo: Air Max Fire<\/li>\n<li>G\u00e9nero: Mujer<\/li>\n<li>Estilo: Urbano<\/li>\n<li>Cierre: Cordones<\/li>\n<li>Material: Textil<\/li>\n<li>Color: Negro<\/li>\n<li>Material de la Suela: Goma<\/li>\n<\/ul>","protected":false},"excerpt":{"rendered":"<p>Elegante y de apoyo, el Fire es una edici\u00f3n caliente para la familia Air Max. La parte superior de cuero sint\u00e9tico agrega estructura y durabilidad,&#8230;<\/p>","protected":false},"featured_media":54792,"comment_status":"open","ping_status":"closed","template":"","meta":{"om_disable_all_campaigns":false,"_monsterinsights_skip_tracking":false,"_monsterinsights_sitenote_active":false,"_monsterinsights_sitenote_note":"","_monsterinsights_sitenote_category":0,"_uf_show_specific_survey":0,"_uf_disable_surveys":false,"_joinchat":[]},"etheme_brands":[],"product_brand":[],"product_cat":[18],"product_tag":[],"class_list":{"0":"post-53685","1":"product","2":"type-product","3":"status-publish","4":"has-post-thumbnail","6":"product_cat-mujer","7":"product_shipping_class-envio-a-lima-y-provincia","9":"first","10":"instock","11":"sale","12":"featured","13":"shipping-taxable","14":"purchasable","15":"product-type-variable"},"aioseo_notices":[],"_links":{"self":[{"href":"https:\/\/jnksport.com\/en\/wp-json\/wp\/v2\/product\/53685","targetHints":{"allow":["GET"]}}],"collection":[{"href":"https:\/\/jnksport.com\/en\/wp-json\/wp\/v2\/product"}],"about":[{"href":"https:\/\/jnksport.com\/en\/wp-json\/wp\/v2\/types\/product"}],"replies":[{"embeddable":true,"href":"https:\/\/jnksport.com\/en\/wp-json\/wp\/v2\/comments?post=53685"}],"version-history":[{"count":0,"href":"https:\/\/jnksport.com\/en\/wp-json\/wp\/v2\/product\/53685\/revisions"}],"wp:featuredmedia":[{"embeddable":true,"href":"https:\/\/jnksport.com\/en\/wp-json\/wp\/v2\/media\/54792"}],"wp:attachment":[{"href":"https:\/\/jnksport.com\/en\/wp-json\/wp\/v2\/media?parent=53685"}],"wp:term":[{"taxonomy":"brand","embeddable":true,"href":"https:\/\/jnksport.com\/en\/wp-json\/wp\/v2\/etheme_brands?post=53685"},{"taxonomy":"product_brand","embeddable":true,"href":"https:\/\/jnksport.com\/en\/wp-json\/wp\/v2\/product_brand?post=53685"},{"taxonomy":"product_cat","embeddable":true,"href":"https:\/\/jnksport.com\/en\/wp-json\/wp\/v2\/product_cat?post=53685"},{"taxonomy":"product_tag","embeddable":true,"href":"https:\/\/jnksport.com\/en\/wp-json\/wp\/v2\/product_tag?post=53685"}],"curies":[{"name":"wp","href":"https:\/\/api.w.org\/{rel}","templated":true}]}}