{"id":53740,"date":"2025-12-30T20:19:42","date_gmt":"2025-12-30T20:19:42","guid":{"rendered":"https:\/\/jnksport.com\/?post_type=product&#038;p=53740"},"modified":"2026-04-25T18:05:16","modified_gmt":"2026-04-25T18:05:16","slug":"zapatillas-nike-air-force-1-low-ih4480-100-mujer","status":"publish","type":"product","link":"https:\/\/jnksport.com\/en\/product\/zapatillas-nike-air-force-1-low-ih4480-100-mujer\/","title":{"rendered":"Zapatillas Nike Air Force 1 Low IH4480-100 Mujer"},"content":{"rendered":"<div>\n<div>\n<p>C\u00f3modas, duraderas y atemporales, son las n\u00famero uno por una raz\u00f3n. La confecci\u00f3n cl\u00e1sica de los a\u00f1os 80 se combina con detalles atrevidos para un estilo que se adapta tanto si est\u00e1s en la cancha como en movimiento.<\/p>\n<p>Beneficios<\/p>\n<p>La parte superior de cuero aut\u00e9ntico con puntera perforada es transpirable y c\u00f3moda.<br \/>\nDise\u00f1ada originalmente para aros de alto rendimiento, la unidad Nike Air proporciona una amortiguaci\u00f3n ligera.<br \/>\nLa suela de goma con c\u00edrculos de pivote de aros tradicionales brinda tracci\u00f3n y durabilidad.<\/p>\n<p>Datos del producto<\/p>\n<p>Cuello acolchado<\/p>\n<\/div>\n<\/div>\n<ul>\n<li>Marca: Nike<\/li>\n<li>Codigo: IH4480-100<\/li>\n<li>Modelo: Air Force 1 Low<\/li>\n<li>G\u00e9nero: Mujer<\/li>\n<li>Estilo: Urbano<\/li>\n<li>Cierre: Cordones<\/li>\n<li>Material: Cuero<\/li>\n<li>Color: Blanco<\/li>\n<li>Material de la Suela: Goma<\/li>\n<\/ul>","protected":false},"excerpt":{"rendered":"<p>C\u00f3modas, duraderas y atemporales, son las n\u00famero uno por una raz\u00f3n. La confecci\u00f3n cl\u00e1sica de los a\u00f1os 80 se combina con detalles atrevidos para un&#8230;<\/p>","protected":false},"featured_media":59395,"comment_status":"open","ping_status":"closed","template":"","meta":{"om_disable_all_campaigns":false,"_monsterinsights_skip_tracking":false,"_monsterinsights_sitenote_active":false,"_monsterinsights_sitenote_note":"","_monsterinsights_sitenote_category":0,"_uf_show_specific_survey":0,"_uf_disable_surveys":false,"_joinchat":[]},"etheme_brands":[],"product_brand":[],"product_cat":[18],"product_tag":[],"class_list":{"0":"post-53740","1":"product","2":"type-product","3":"status-publish","4":"has-post-thumbnail","6":"product_cat-mujer","7":"product_shipping_class-envio-a-lima-y-provincia","9":"first","10":"instock","11":"sale","12":"featured","13":"shipping-taxable","14":"purchasable","15":"product-type-variable"},"aioseo_notices":[],"_links":{"self":[{"href":"https:\/\/jnksport.com\/en\/wp-json\/wp\/v2\/product\/53740","targetHints":{"allow":["GET"]}}],"collection":[{"href":"https:\/\/jnksport.com\/en\/wp-json\/wp\/v2\/product"}],"about":[{"href":"https:\/\/jnksport.com\/en\/wp-json\/wp\/v2\/types\/product"}],"replies":[{"embeddable":true,"href":"https:\/\/jnksport.com\/en\/wp-json\/wp\/v2\/comments?post=53740"}],"version-history":[{"count":1,"href":"https:\/\/jnksport.com\/en\/wp-json\/wp\/v2\/product\/53740\/revisions"}],"predecessor-version":[{"id":59396,"href":"https:\/\/jnksport.com\/en\/wp-json\/wp\/v2\/product\/53740\/revisions\/59396"}],"wp:featuredmedia":[{"embeddable":true,"href":"https:\/\/jnksport.com\/en\/wp-json\/wp\/v2\/media\/59395"}],"wp:attachment":[{"href":"https:\/\/jnksport.com\/en\/wp-json\/wp\/v2\/media?parent=53740"}],"wp:term":[{"taxonomy":"brand","embeddable":true,"href":"https:\/\/jnksport.com\/en\/wp-json\/wp\/v2\/etheme_brands?post=53740"},{"taxonomy":"product_brand","embeddable":true,"href":"https:\/\/jnksport.com\/en\/wp-json\/wp\/v2\/product_brand?post=53740"},{"taxonomy":"product_cat","embeddable":true,"href":"https:\/\/jnksport.com\/en\/wp-json\/wp\/v2\/product_cat?post=53740"},{"taxonomy":"product_tag","embeddable":true,"href":"https:\/\/jnksport.com\/en\/wp-json\/wp\/v2\/product_tag?post=53740"}],"curies":[{"name":"wp","href":"https:\/\/api.w.org\/{rel}","templated":true}]}}