{"id":53741,"date":"2025-12-30T20:19:42","date_gmt":"2025-12-30T20:19:42","guid":{"rendered":"https:\/\/jnksport.com\/?post_type=product&#038;p=53741"},"modified":"2026-04-27T22:33:14","modified_gmt":"2026-04-27T22:33:14","slug":"zapatillas-nike-court-vision-low-next-nature-se-im7646-100-mujer","status":"publish","type":"product","link":"https:\/\/jnksport.com\/en\/product\/zapatillas-nike-court-vision-low-next-nature-se-im7646-100-mujer\/","title":{"rendered":"Zapatillas Nike Court Vision Low Next Nature Se IM7646-100 Mujer"},"content":{"rendered":"<div>\n<div>\n<p>NIKE COURT VISION LOW NEXT NATURE SE<\/p>\n<p>El estilo Fastbreak del b\u00e1squetbol de los 80 y la cultura de ritmo r\u00e1pido del deporte actual se combinan en los Nike Court Vision Low. Cuentan con una parte superior inspirada en los tenis de b\u00e1squetbol de la vieja escuela y con la suela cupsole de goma cl\u00e1sica que se present\u00f3 en algunos de los estilos m\u00e1s ic\u00f3nicos del pasado.<\/p>\n<p>Beneficios<\/p>\n<p>La suela cupsole de goma ofrece durabilidad y tracci\u00f3n.<br \/>\nLas perforaciones en la punta y los costados ofrecen una mayor transpirabilidad.<\/p>\n<\/div>\n<\/div>\n<ul>\n<li>Marca: Nike<\/li>\n<li>Codigo: IM7646-100<\/li>\n<li>Modelo: Court Vision Low Next Nature Se<\/li>\n<li>G\u00e9nero: Mujer<\/li>\n<li>Estilo: Urbano<\/li>\n<li>Cierre: Cordones<\/li>\n<li>Material: Cuero<\/li>\n<li>Color: Blanco<\/li>\n<li>Material de la Suela: Goma<\/li>\n<\/ul>","protected":false},"excerpt":{"rendered":"<p>NIKE COURT VISION LOW NEXT NATURE SE El estilo Fastbreak del b\u00e1squetbol de los 80 y la cultura de ritmo r\u00e1pido del deporte actual se&#8230;<\/p>","protected":false},"featured_media":59580,"comment_status":"open","ping_status":"closed","template":"","meta":{"om_disable_all_campaigns":false,"_monsterinsights_skip_tracking":false,"_monsterinsights_sitenote_active":false,"_monsterinsights_sitenote_note":"","_monsterinsights_sitenote_category":0,"_uf_show_specific_survey":0,"_uf_disable_surveys":false,"_joinchat":[]},"etheme_brands":[],"product_brand":[],"product_cat":[18],"product_tag":[],"class_list":{"0":"post-53741","1":"product","2":"type-product","3":"status-publish","4":"has-post-thumbnail","6":"product_cat-mujer","7":"product_shipping_class-envio-a-lima-y-provincia","9":"first","10":"instock","11":"sale","12":"featured","13":"shipping-taxable","14":"purchasable","15":"product-type-variable"},"aioseo_notices":[],"_links":{"self":[{"href":"https:\/\/jnksport.com\/en\/wp-json\/wp\/v2\/product\/53741","targetHints":{"allow":["GET"]}}],"collection":[{"href":"https:\/\/jnksport.com\/en\/wp-json\/wp\/v2\/product"}],"about":[{"href":"https:\/\/jnksport.com\/en\/wp-json\/wp\/v2\/types\/product"}],"replies":[{"embeddable":true,"href":"https:\/\/jnksport.com\/en\/wp-json\/wp\/v2\/comments?post=53741"}],"version-history":[{"count":1,"href":"https:\/\/jnksport.com\/en\/wp-json\/wp\/v2\/product\/53741\/revisions"}],"predecessor-version":[{"id":59581,"href":"https:\/\/jnksport.com\/en\/wp-json\/wp\/v2\/product\/53741\/revisions\/59581"}],"wp:featuredmedia":[{"embeddable":true,"href":"https:\/\/jnksport.com\/en\/wp-json\/wp\/v2\/media\/59580"}],"wp:attachment":[{"href":"https:\/\/jnksport.com\/en\/wp-json\/wp\/v2\/media?parent=53741"}],"wp:term":[{"taxonomy":"brand","embeddable":true,"href":"https:\/\/jnksport.com\/en\/wp-json\/wp\/v2\/etheme_brands?post=53741"},{"taxonomy":"product_brand","embeddable":true,"href":"https:\/\/jnksport.com\/en\/wp-json\/wp\/v2\/product_brand?post=53741"},{"taxonomy":"product_cat","embeddable":true,"href":"https:\/\/jnksport.com\/en\/wp-json\/wp\/v2\/product_cat?post=53741"},{"taxonomy":"product_tag","embeddable":true,"href":"https:\/\/jnksport.com\/en\/wp-json\/wp\/v2\/product_tag?post=53741"}],"curies":[{"name":"wp","href":"https:\/\/api.w.org\/{rel}","templated":true}]}}