{"id":55553,"date":"2026-03-30T06:27:43","date_gmt":"2026-03-30T06:27:43","guid":{"rendered":"https:\/\/jnksport.com\/?post_type=product&#038;p=55553"},"modified":"2026-04-29T22:32:16","modified_gmt":"2026-04-29T22:32:16","slug":"zapatillas-reebok-glide-100201277-mujer","status":"publish","type":"product","link":"https:\/\/jnksport.com\/en\/product\/zapatillas-reebok-glide-100201277-mujer\/","title":{"rendered":"Zapatillas Reebok Glide 100201277 Mujer"},"content":{"rendered":"<div>\n<div>Glides. Estos Zapatillas para mujer toman el dise\u00f1o del Classic Leather a trav\u00e9s de un enfoque simple y minimalista. Ll\u00e9valos con jeans, leggings o un vestido mientras pasas el d\u00eda.<\/p>\n<p>Peso: aproximado 290 g (talla 7 Mujer)<br \/>\nMateriales: Parte Superior : 57,13% Lea 35,62% Syn 7,25% Tex<br \/>\nCierre de cordones.<br \/>\nMediasuela de EVA.<br \/>\nPlantilla OrthoLite\u00ae Memory Tech.<br \/>\nForro de tela.<br \/>\nSuela de caucho de gran durabilidad.<\/p><\/div>\n<\/div>\n<ul>\n<li>Marca: Reebok<\/li>\n<li>Codigo: 100201277<\/li>\n<li>Modelo: Glide<\/li>\n<li>G\u00e9nero: Mujer<\/li>\n<li>Estilo: Urbano<\/li>\n<li>Cierre: Cordones<\/li>\n<li>Material: Cuero<\/li>\n<li>Color: Negro<\/li>\n<li>Material de la Suela: Caucho<\/li>\n<\/ul>","protected":false},"excerpt":{"rendered":"<p>Glides. Estos Zapatillas para mujer toman el dise\u00f1o del Classic Leather a trav\u00e9s de un enfoque simple y minimalista. Ll\u00e9valos con jeans, leggings o un&#8230;<\/p>","protected":false},"featured_media":55290,"comment_status":"open","ping_status":"closed","template":"","meta":{"om_disable_all_campaigns":false,"_monsterinsights_skip_tracking":false,"_monsterinsights_sitenote_active":false,"_monsterinsights_sitenote_note":"","_monsterinsights_sitenote_category":0,"_uf_show_specific_survey":0,"_uf_disable_surveys":false,"_joinchat":[]},"etheme_brands":[],"product_brand":[],"product_cat":[18],"product_tag":[],"class_list":{"0":"post-55553","1":"product","2":"type-product","3":"status-publish","4":"has-post-thumbnail","6":"product_cat-mujer","7":"product_shipping_class-envio-a-lima-y-provincia","9":"first","10":"instock","11":"sale","12":"featured","13":"shipping-taxable","14":"purchasable","15":"product-type-variable"},"aioseo_notices":[],"_links":{"self":[{"href":"https:\/\/jnksport.com\/en\/wp-json\/wp\/v2\/product\/55553","targetHints":{"allow":["GET"]}}],"collection":[{"href":"https:\/\/jnksport.com\/en\/wp-json\/wp\/v2\/product"}],"about":[{"href":"https:\/\/jnksport.com\/en\/wp-json\/wp\/v2\/types\/product"}],"replies":[{"embeddable":true,"href":"https:\/\/jnksport.com\/en\/wp-json\/wp\/v2\/comments?post=55553"}],"version-history":[{"count":0,"href":"https:\/\/jnksport.com\/en\/wp-json\/wp\/v2\/product\/55553\/revisions"}],"wp:featuredmedia":[{"embeddable":true,"href":"https:\/\/jnksport.com\/en\/wp-json\/wp\/v2\/media\/55290"}],"wp:attachment":[{"href":"https:\/\/jnksport.com\/en\/wp-json\/wp\/v2\/media?parent=55553"}],"wp:term":[{"taxonomy":"brand","embeddable":true,"href":"https:\/\/jnksport.com\/en\/wp-json\/wp\/v2\/etheme_brands?post=55553"},{"taxonomy":"product_brand","embeddable":true,"href":"https:\/\/jnksport.com\/en\/wp-json\/wp\/v2\/product_brand?post=55553"},{"taxonomy":"product_cat","embeddable":true,"href":"https:\/\/jnksport.com\/en\/wp-json\/wp\/v2\/product_cat?post=55553"},{"taxonomy":"product_tag","embeddable":true,"href":"https:\/\/jnksport.com\/en\/wp-json\/wp\/v2\/product_tag?post=55553"}],"curies":[{"name":"wp","href":"https:\/\/api.w.org\/{rel}","templated":true}]}}