{"id":55554,"date":"2026-03-30T06:27:43","date_gmt":"2026-03-30T06:27:43","guid":{"rendered":"https:\/\/jnksport.com\/?post_type=product&#038;p=55554"},"modified":"2026-04-11T17:03:05","modified_gmt":"2026-04-11T17:03:05","slug":"zapatillas-reebok-ultra-flash-100201291-hombre","status":"publish","type":"product","link":"https:\/\/jnksport.com\/en\/product\/zapatillas-reebok-ultra-flash-100201291-hombre\/","title":{"rendered":"Zapatillas Reebok Ultra Flash 100201291 Hombre"},"content":{"rendered":"<div>\n<div>Los Reebok Ultra Flash grises en su versi\u00f3n, son una nueva mirada al pasado, tambi\u00e9n una oportunidad aprovechada por el departamento de dise\u00f1o: el cl\u00e1sico estilo de la marca se ve reflejado en una construcci\u00f3n por paneles, en una suela de goma dentada y en la colocaci\u00f3n de logos en lugares ya reconocidos. Y como es tradicional, el conjunto est\u00e1 complementado por la comodidad y sujeci\u00f3n de una entresuela de espuma EVA.<\/div>\n<\/div>\n<ul>\n<li>Marca: Reebok<\/li>\n<li>Codigo: 100201291<\/li>\n<li>Modelo: Ultra Flash<\/li>\n<li>G\u00e9nero: Hombre<\/li>\n<li>Estilo: Urbano<\/li>\n<li>Cierre: Cordones<\/li>\n<li>Material: Cuero<\/li>\n<li>Color: Gris<\/li>\n<li>Material de la Suela: Goma<\/li>\n<\/ul>","protected":false},"excerpt":{"rendered":"<p>Los Reebok Ultra Flash grises en su versi\u00f3n, son una nueva mirada al pasado, tambi\u00e9n una oportunidad aprovechada por el departamento de dise\u00f1o: el cl\u00e1sico&#8230;<\/p>","protected":false},"featured_media":55296,"comment_status":"open","ping_status":"closed","template":"","meta":{"om_disable_all_campaigns":false,"_monsterinsights_skip_tracking":false,"_monsterinsights_sitenote_active":false,"_monsterinsights_sitenote_note":"","_monsterinsights_sitenote_category":0,"_uf_show_specific_survey":0,"_uf_disable_surveys":false,"_joinchat":[]},"etheme_brands":[],"product_brand":[],"product_cat":[19],"product_tag":[],"class_list":{"0":"post-55554","1":"product","2":"type-product","3":"status-publish","4":"has-post-thumbnail","6":"product_cat-hombre","7":"product_shipping_class-envio-a-lima-y-provincia","9":"first","10":"instock","11":"sale","12":"featured","13":"shipping-taxable","14":"purchasable","15":"product-type-variable"},"aioseo_notices":[],"_links":{"self":[{"href":"https:\/\/jnksport.com\/en\/wp-json\/wp\/v2\/product\/55554","targetHints":{"allow":["GET"]}}],"collection":[{"href":"https:\/\/jnksport.com\/en\/wp-json\/wp\/v2\/product"}],"about":[{"href":"https:\/\/jnksport.com\/en\/wp-json\/wp\/v2\/types\/product"}],"replies":[{"embeddable":true,"href":"https:\/\/jnksport.com\/en\/wp-json\/wp\/v2\/comments?post=55554"}],"version-history":[{"count":0,"href":"https:\/\/jnksport.com\/en\/wp-json\/wp\/v2\/product\/55554\/revisions"}],"wp:featuredmedia":[{"embeddable":true,"href":"https:\/\/jnksport.com\/en\/wp-json\/wp\/v2\/media\/55296"}],"wp:attachment":[{"href":"https:\/\/jnksport.com\/en\/wp-json\/wp\/v2\/media?parent=55554"}],"wp:term":[{"taxonomy":"brand","embeddable":true,"href":"https:\/\/jnksport.com\/en\/wp-json\/wp\/v2\/etheme_brands?post=55554"},{"taxonomy":"product_brand","embeddable":true,"href":"https:\/\/jnksport.com\/en\/wp-json\/wp\/v2\/product_brand?post=55554"},{"taxonomy":"product_cat","embeddable":true,"href":"https:\/\/jnksport.com\/en\/wp-json\/wp\/v2\/product_cat?post=55554"},{"taxonomy":"product_tag","embeddable":true,"href":"https:\/\/jnksport.com\/en\/wp-json\/wp\/v2\/product_tag?post=55554"}],"curies":[{"name":"wp","href":"https:\/\/api.w.org\/{rel}","templated":true}]}}