{"id":55588,"date":"2026-03-30T06:27:48","date_gmt":"2026-03-30T06:27:48","guid":{"rendered":"https:\/\/jnksport.com\/?post_type=product&#038;p=55588"},"modified":"2026-04-11T17:03:07","modified_gmt":"2026-04-11T17:03:07","slug":"zapatillas-reebok-classics-100210023-hombre","status":"publish","type":"product","link":"https:\/\/jnksport.com\/en\/product\/zapatillas-reebok-classics-100210023-hombre\/","title":{"rendered":"Zapatillas Reebok Classics 100210023 Hombre"},"content":{"rendered":"<div>\n<div>Representando el estilo retro de Reebok, las GL1100 rinden homenaje a los estilos de running cl\u00e1sicos. Su silueta de ca\u00f1a baja presenta una parte superior textil con revestimientos de ante y est\u00e1 equipada con una entresuela FuelFoam acolchada y una suela exterior de goma. Los contrastes en rojo burdeos y gris acero resaltan sobre el fondo azul marino.<\/p>\n<p>Caracter\u00edsticas:<\/p>\n<p>Parte superior de ante, sint\u00e9tico y textil.<br \/>\nCuello y leng\u00fceta de tobillo acolchados<br \/>\nPlantilla Luxcomfort\u2122<br \/>\nPuntera reforzada<br \/>\nEntresuela FuelFoam<br \/>\nSuela de goma<br \/>\nCierre frontal con cordones<\/p><\/div>\n<\/div>\n<ul>\n<li>Marca: Reebok<\/li>\n<li>Codigo: 100210023<\/li>\n<li>Modelo: Classics<\/li>\n<li>G\u00e9nero: Hombre<\/li>\n<li>Estilo: Urbano<\/li>\n<li>Cierre: Cordones<\/li>\n<li>Material: Textil<\/li>\n<li>Color: Gris<\/li>\n<li>Material de la Suela: Goma<\/li>\n<\/ul>","protected":false},"excerpt":{"rendered":"<p>Representando el estilo retro de Reebok, las GL1100 rinden homenaje a los estilos de running cl\u00e1sicos. Su silueta de ca\u00f1a baja presenta una parte superior&#8230;<\/p>","protected":false},"featured_media":55321,"comment_status":"open","ping_status":"closed","template":"","meta":{"om_disable_all_campaigns":false,"_monsterinsights_skip_tracking":false,"_monsterinsights_sitenote_active":false,"_monsterinsights_sitenote_note":"","_monsterinsights_sitenote_category":0,"_uf_show_specific_survey":0,"_uf_disable_surveys":false,"_joinchat":[]},"etheme_brands":[],"product_brand":[],"product_cat":[19],"product_tag":[],"class_list":{"0":"post-55588","1":"product","2":"type-product","3":"status-publish","4":"has-post-thumbnail","6":"product_cat-hombre","7":"product_shipping_class-envio-a-lima-y-provincia","9":"first","10":"instock","11":"sale","12":"featured","13":"shipping-taxable","14":"purchasable","15":"product-type-variable"},"aioseo_notices":[],"_links":{"self":[{"href":"https:\/\/jnksport.com\/en\/wp-json\/wp\/v2\/product\/55588","targetHints":{"allow":["GET"]}}],"collection":[{"href":"https:\/\/jnksport.com\/en\/wp-json\/wp\/v2\/product"}],"about":[{"href":"https:\/\/jnksport.com\/en\/wp-json\/wp\/v2\/types\/product"}],"replies":[{"embeddable":true,"href":"https:\/\/jnksport.com\/en\/wp-json\/wp\/v2\/comments?post=55588"}],"version-history":[{"count":0,"href":"https:\/\/jnksport.com\/en\/wp-json\/wp\/v2\/product\/55588\/revisions"}],"wp:featuredmedia":[{"embeddable":true,"href":"https:\/\/jnksport.com\/en\/wp-json\/wp\/v2\/media\/55321"}],"wp:attachment":[{"href":"https:\/\/jnksport.com\/en\/wp-json\/wp\/v2\/media?parent=55588"}],"wp:term":[{"taxonomy":"brand","embeddable":true,"href":"https:\/\/jnksport.com\/en\/wp-json\/wp\/v2\/etheme_brands?post=55588"},{"taxonomy":"product_brand","embeddable":true,"href":"https:\/\/jnksport.com\/en\/wp-json\/wp\/v2\/product_brand?post=55588"},{"taxonomy":"product_cat","embeddable":true,"href":"https:\/\/jnksport.com\/en\/wp-json\/wp\/v2\/product_cat?post=55588"},{"taxonomy":"product_tag","embeddable":true,"href":"https:\/\/jnksport.com\/en\/wp-json\/wp\/v2\/product_tag?post=55588"}],"curies":[{"name":"wp","href":"https:\/\/api.w.org\/{rel}","templated":true}]}}